{"id":53,"date":"2026-03-31T17:40:46","date_gmt":"2026-03-31T20:40:46","guid":{"rendered":"https:\/\/eventos.ifg.edu.br\/xsemanadehistoriaifg\/?page_id=53"},"modified":"2026-04-10T18:28:12","modified_gmt":"2026-04-10T21:28:12","slug":"inscricao-para-minicursos","status":"publish","type":"page","link":"https:\/\/eventos.ifg.edu.br\/xsemanadehistoriaifg\/inscricao-para-minicursos\/","title":{"rendered":"MINICURSOS"},"content":{"rendered":"\n<p>As propostas de oferta de Minicursos devem ser enviadas entre 20\/03 e 27\/04 atrav\u00e9s do formul\u00e1rio pr\u00f3prio <\/p>\n\n\n\n<p><a href=\"https:\/\/docs.google.com\/forms\/d\/e\/1FAIpQLScpp1OKfUOTHxtdYMgRznEm4cWKeYfLYT4MQwggvaOvFTytSw\/viewform?usp=header\">https:\/\/docs.google.com\/forms\/d\/e\/1FAIpQLScpp1OKfUOTHxtdYMgRznEm4cWKeYfLYT4MQwggvaOvFTytSw\/viewform?usp=header<\/a><\/p>\n\n\n\n<p>A divulga\u00e7\u00e3o dos Minicursos aprovados se dar\u00e1 pelos canais de comunica\u00e7\u00e3o do evento a partir do dia 30\/04. A inscri\u00e7\u00e3o dos ouvintes ser\u00e1 feita entre os dias 04\/05 e 23\/05. Os Minicursos ocorrer\u00e3o no dia 03\/06.<\/p>\n","protected":false},"excerpt":{"rendered":"<p>As propostas de oferta de Minicursos devem ser enviadas entre 20\/03 e 27\/04 atrav\u00e9s do formul\u00e1rio pr\u00f3prio https:\/\/docs.google.com\/forms\/d\/e\/1FAIpQLScpp1OKfUOTHxtdYMgRznEm4cWKeYfLYT4MQwggvaOvFTytSw\/viewform?usp=header A divulga\u00e7\u00e3o dos Minicursos aprovados se dar\u00e1 pelos canais de comunica\u00e7\u00e3o do evento a partir do dia 30\/04. A inscri\u00e7\u00e3o dos ouvintes ser\u00e1 feita entre os dias 04\/05 e 23\/05. Os Minicursos ocorrer\u00e3o no dia 03\/06.<\/p>\n","protected":false},"author":155,"featured_media":0,"parent":0,"menu_order":0,"comment_status":"closed","ping_status":"closed","template":"","meta":{"ngg_post_thumbnail":0,"footnotes":""},"class_list":["post-53","page","type-page","status-publish","hentry"],"_links":{"self":[{"href":"https:\/\/eventos.ifg.edu.br\/xsemanadehistoriaifg\/wp-json\/wp\/v2\/pages\/53"}],"collection":[{"href":"https:\/\/eventos.ifg.edu.br\/xsemanadehistoriaifg\/wp-json\/wp\/v2\/pages"}],"about":[{"href":"https:\/\/eventos.ifg.edu.br\/xsemanadehistoriaifg\/wp-json\/wp\/v2\/types\/page"}],"author":[{"embeddable":true,"href":"https:\/\/eventos.ifg.edu.br\/xsemanadehistoriaifg\/wp-json\/wp\/v2\/users\/155"}],"replies":[{"embeddable":true,"href":"https:\/\/eventos.ifg.edu.br\/xsemanadehistoriaifg\/wp-json\/wp\/v2\/comments?post=53"}],"version-history":[{"count":5,"href":"https:\/\/eventos.ifg.edu.br\/xsemanadehistoriaifg\/wp-json\/wp\/v2\/pages\/53\/revisions"}],"predecessor-version":[{"id":164,"href":"https:\/\/eventos.ifg.edu.br\/xsemanadehistoriaifg\/wp-json\/wp\/v2\/pages\/53\/revisions\/164"}],"wp:attachment":[{"href":"https:\/\/eventos.ifg.edu.br\/xsemanadehistoriaifg\/wp-json\/wp\/v2\/media?parent=53"}],"curies":[{"name":"wp","href":"https:\/\/api.w.org\/{rel}","templated":true}]}}