{"id":50,"date":"2026-03-31T17:39:12","date_gmt":"2026-03-31T20:39:12","guid":{"rendered":"https:\/\/eventos.ifg.edu.br\/xsemanadehistoriaifg\/?page_id=50"},"modified":"2026-04-08T09:46:53","modified_gmt":"2026-04-08T12:46:53","slug":"orientacoes-para-submissao-de-minicursos-e-simposios-tematicos","status":"publish","type":"page","link":"https:\/\/eventos.ifg.edu.br\/xsemanadehistoriaifg\/orientacoes-para-submissao-de-minicursos-e-simposios-tematicos\/","title":{"rendered":"SIMP\u00d3SIOS TEM\u00c1TICOS"},"content":{"rendered":"\n<p>As propostas de organiza\u00e7\u00e3o de Simp\u00f3sios Tem\u00e1ticos devem ser enviadas at\u00e9 10\/04 atrav\u00e9s do formul\u00e1rio pr\u00f3prio <\/p>\n\n\n\n<p>https:\/\/docs.google.com\/forms\/d\/e\/1FAIpQLSfb28yCHYOHhMnt6V1mxjEEbe-OpuxqNJUQg0URUxjQB_JJEg\/viewform?usp=header <\/p>\n\n\n\n<p>A divulga\u00e7\u00e3o dos Simp\u00f3sios aprovados se dar\u00e1 pelos canais de comunica\u00e7\u00e3o do evento a partir do dia 13\/04. A inscri\u00e7\u00e3o dos apresentadores ser\u00e1 feita entre os dias 15\/04 e 16\/05. Os Simp\u00f3sios Tem\u00e1ticos ocorrer\u00e3o no dia 02\/06.<\/p>\n","protected":false},"excerpt":{"rendered":"<p>As propostas de organiza\u00e7\u00e3o de Simp\u00f3sios Tem\u00e1ticos devem ser enviadas at\u00e9 10\/04 atrav\u00e9s do formul\u00e1rio pr\u00f3prio https:\/\/docs.google.com\/forms\/d\/e\/1FAIpQLSfb28yCHYOHhMnt6V1mxjEEbe-OpuxqNJUQg0URUxjQB_JJEg\/viewform?usp=header A divulga\u00e7\u00e3o dos Simp\u00f3sios aprovados se dar\u00e1 pelos canais de comunica\u00e7\u00e3o do evento a partir do dia 13\/04. A inscri\u00e7\u00e3o dos apresentadores ser\u00e1 feita entre os dias 15\/04 e 16\/05. Os Simp\u00f3sios Tem\u00e1ticos ocorrer\u00e3o no dia 02\/06.<\/p>\n","protected":false},"author":155,"featured_media":0,"parent":0,"menu_order":0,"comment_status":"closed","ping_status":"closed","template":"","meta":{"ngg_post_thumbnail":0,"footnotes":""},"class_list":["post-50","page","type-page","status-publish","hentry"],"_links":{"self":[{"href":"https:\/\/eventos.ifg.edu.br\/xsemanadehistoriaifg\/wp-json\/wp\/v2\/pages\/50"}],"collection":[{"href":"https:\/\/eventos.ifg.edu.br\/xsemanadehistoriaifg\/wp-json\/wp\/v2\/pages"}],"about":[{"href":"https:\/\/eventos.ifg.edu.br\/xsemanadehistoriaifg\/wp-json\/wp\/v2\/types\/page"}],"author":[{"embeddable":true,"href":"https:\/\/eventos.ifg.edu.br\/xsemanadehistoriaifg\/wp-json\/wp\/v2\/users\/155"}],"replies":[{"embeddable":true,"href":"https:\/\/eventos.ifg.edu.br\/xsemanadehistoriaifg\/wp-json\/wp\/v2\/comments?post=50"}],"version-history":[{"count":3,"href":"https:\/\/eventos.ifg.edu.br\/xsemanadehistoriaifg\/wp-json\/wp\/v2\/pages\/50\/revisions"}],"predecessor-version":[{"id":147,"href":"https:\/\/eventos.ifg.edu.br\/xsemanadehistoriaifg\/wp-json\/wp\/v2\/pages\/50\/revisions\/147"}],"wp:attachment":[{"href":"https:\/\/eventos.ifg.edu.br\/xsemanadehistoriaifg\/wp-json\/wp\/v2\/media?parent=50"}],"curies":[{"name":"wp","href":"https:\/\/api.w.org\/{rel}","templated":true}]}}