{"id":48,"date":"2026-03-31T17:36:31","date_gmt":"2026-03-31T20:36:31","guid":{"rendered":"https:\/\/eventos.ifg.edu.br\/xsemanadehistoriaifg\/?page_id=48"},"modified":"2026-04-10T18:13:43","modified_gmt":"2026-04-10T21:13:43","slug":"comissao-organizadora","status":"publish","type":"page","link":"https:\/\/eventos.ifg.edu.br\/xsemanadehistoriaifg\/comissao-organizadora\/","title":{"rendered":"COMISS\u00c3O ORGANIZADORA"},"content":{"rendered":"\n<p>Andr\u00e9 Costa Aciole da Silva (servidor docente do IFG)<br>Ca\u00edque Aiu\u00ea Esteves Gomes Oliveira (egresso do IFG)<br>Daiane Aparecida Tonaco (servidora docente do IFG)<br>Fernando Augusto Messias (servidor t\u00e9cnico administrativo do IFG)<br>Marcelo Lira Silva (servidor docente do IFG)<br>Paulo Miguel Moreira da Fonseca (servidor docente do IFG)<br>Renan Alves Rodrigues (discente do IFG)<br>Walmir Barbosa (servidor docente do IFG)<\/p>\n","protected":false},"excerpt":{"rendered":"<p>Andr\u00e9 Costa Aciole da Silva (servidor docente do IFG)Ca\u00edque Aiu\u00ea Esteves Gomes Oliveira (egresso do IFG)Daiane Aparecida Tonaco (servidora docente do IFG)Fernando Augusto Messias (servidor t\u00e9cnico administrativo do IFG)Marcelo Lira Silva (servidor docente do IFG)Paulo Miguel Moreira da Fonseca (servidor docente do IFG)Renan Alves Rodrigues (discente do IFG)Walmir Barbosa (servidor docente do IFG)<\/p>\n","protected":false},"author":155,"featured_media":0,"parent":0,"menu_order":0,"comment_status":"closed","ping_status":"closed","template":"","meta":{"ngg_post_thumbnail":0,"footnotes":""},"class_list":["post-48","page","type-page","status-publish","hentry"],"_links":{"self":[{"href":"https:\/\/eventos.ifg.edu.br\/xsemanadehistoriaifg\/wp-json\/wp\/v2\/pages\/48"}],"collection":[{"href":"https:\/\/eventos.ifg.edu.br\/xsemanadehistoriaifg\/wp-json\/wp\/v2\/pages"}],"about":[{"href":"https:\/\/eventos.ifg.edu.br\/xsemanadehistoriaifg\/wp-json\/wp\/v2\/types\/page"}],"author":[{"embeddable":true,"href":"https:\/\/eventos.ifg.edu.br\/xsemanadehistoriaifg\/wp-json\/wp\/v2\/users\/155"}],"replies":[{"embeddable":true,"href":"https:\/\/eventos.ifg.edu.br\/xsemanadehistoriaifg\/wp-json\/wp\/v2\/comments?post=48"}],"version-history":[{"count":3,"href":"https:\/\/eventos.ifg.edu.br\/xsemanadehistoriaifg\/wp-json\/wp\/v2\/pages\/48\/revisions"}],"predecessor-version":[{"id":155,"href":"https:\/\/eventos.ifg.edu.br\/xsemanadehistoriaifg\/wp-json\/wp\/v2\/pages\/48\/revisions\/155"}],"wp:attachment":[{"href":"https:\/\/eventos.ifg.edu.br\/xsemanadehistoriaifg\/wp-json\/wp\/v2\/media?parent=48"}],"curies":[{"name":"wp","href":"https:\/\/api.w.org\/{rel}","templated":true}]}}