{"id":46,"date":"2026-03-31T17:33:32","date_gmt":"2026-03-31T20:33:32","guid":{"rendered":"https:\/\/eventos.ifg.edu.br\/xsemanadehistoriaifg\/?page_id=46"},"modified":"2026-04-10T18:18:00","modified_gmt":"2026-04-10T21:18:00","slug":"inscricoes-no-evento","status":"publish","type":"page","link":"https:\/\/eventos.ifg.edu.br\/xsemanadehistoriaifg\/inscricoes-no-evento\/","title":{"rendered":"OUVINTES"},"content":{"rendered":"\n<p>A inscri\u00e7\u00e3o de ouvintes ser\u00e1 feita entre os dias 04\/05 e 01\/06. Os membros da comunidade do IFG dever\u00e3o fazer a inscri\u00e7\u00e3o nas diferentes atividades atrav\u00e9s do SUGEP em link a ser divulgado. Participantes externos \u00e0 comunidade do IFG dever\u00e3o fazer a inscri\u00e7\u00e3o via formul\u00e1rio pr\u00f3prio.<\/p>\n","protected":false},"excerpt":{"rendered":"<p>A inscri\u00e7\u00e3o de ouvintes ser\u00e1 feita entre os dias 04\/05 e 01\/06. Os membros da comunidade do IFG dever\u00e3o fazer a inscri\u00e7\u00e3o nas diferentes atividades atrav\u00e9s do SUGEP em link a ser divulgado. Participantes externos \u00e0 comunidade do IFG dever\u00e3o fazer a inscri\u00e7\u00e3o via formul\u00e1rio pr\u00f3prio.<\/p>\n","protected":false},"author":155,"featured_media":0,"parent":0,"menu_order":0,"comment_status":"closed","ping_status":"closed","template":"","meta":{"ngg_post_thumbnail":0,"footnotes":""},"class_list":["post-46","page","type-page","status-publish","hentry"],"_links":{"self":[{"href":"https:\/\/eventos.ifg.edu.br\/xsemanadehistoriaifg\/wp-json\/wp\/v2\/pages\/46"}],"collection":[{"href":"https:\/\/eventos.ifg.edu.br\/xsemanadehistoriaifg\/wp-json\/wp\/v2\/pages"}],"about":[{"href":"https:\/\/eventos.ifg.edu.br\/xsemanadehistoriaifg\/wp-json\/wp\/v2\/types\/page"}],"author":[{"embeddable":true,"href":"https:\/\/eventos.ifg.edu.br\/xsemanadehistoriaifg\/wp-json\/wp\/v2\/users\/155"}],"replies":[{"embeddable":true,"href":"https:\/\/eventos.ifg.edu.br\/xsemanadehistoriaifg\/wp-json\/wp\/v2\/comments?post=46"}],"version-history":[{"count":5,"href":"https:\/\/eventos.ifg.edu.br\/xsemanadehistoriaifg\/wp-json\/wp\/v2\/pages\/46\/revisions"}],"predecessor-version":[{"id":156,"href":"https:\/\/eventos.ifg.edu.br\/xsemanadehistoriaifg\/wp-json\/wp\/v2\/pages\/46\/revisions\/156"}],"wp:attachment":[{"href":"https:\/\/eventos.ifg.edu.br\/xsemanadehistoriaifg\/wp-json\/wp\/v2\/media?parent=46"}],"curies":[{"name":"wp","href":"https:\/\/api.w.org\/{rel}","templated":true}]}}