{"id":130,"date":"2026-04-07T16:08:01","date_gmt":"2026-04-07T19:08:01","guid":{"rendered":"https:\/\/eventos.ifg.edu.br\/xsemanadehistoriaifg\/?page_id=130"},"modified":"2026-04-08T09:49:00","modified_gmt":"2026-04-08T12:49:00","slug":"anais","status":"publish","type":"page","link":"https:\/\/eventos.ifg.edu.br\/xsemanadehistoriaifg\/anais\/","title":{"rendered":"ANAIS"},"content":{"rendered":"\n<p>A ser publicado ap\u00f3s a realiza\u00e7\u00e3o do evento.<\/p>\n","protected":false},"excerpt":{"rendered":"<p>A ser publicado ap\u00f3s a realiza\u00e7\u00e3o do evento.<\/p>\n","protected":false},"author":155,"featured_media":0,"parent":0,"menu_order":0,"comment_status":"closed","ping_status":"closed","template":"","meta":{"ngg_post_thumbnail":0,"footnotes":""},"class_list":["post-130","page","type-page","status-publish","hentry"],"_links":{"self":[{"href":"https:\/\/eventos.ifg.edu.br\/xsemanadehistoriaifg\/wp-json\/wp\/v2\/pages\/130"}],"collection":[{"href":"https:\/\/eventos.ifg.edu.br\/xsemanadehistoriaifg\/wp-json\/wp\/v2\/pages"}],"about":[{"href":"https:\/\/eventos.ifg.edu.br\/xsemanadehistoriaifg\/wp-json\/wp\/v2\/types\/page"}],"author":[{"embeddable":true,"href":"https:\/\/eventos.ifg.edu.br\/xsemanadehistoriaifg\/wp-json\/wp\/v2\/users\/155"}],"replies":[{"embeddable":true,"href":"https:\/\/eventos.ifg.edu.br\/xsemanadehistoriaifg\/wp-json\/wp\/v2\/comments?post=130"}],"version-history":[{"count":2,"href":"https:\/\/eventos.ifg.edu.br\/xsemanadehistoriaifg\/wp-json\/wp\/v2\/pages\/130\/revisions"}],"predecessor-version":[{"id":150,"href":"https:\/\/eventos.ifg.edu.br\/xsemanadehistoriaifg\/wp-json\/wp\/v2\/pages\/130\/revisions\/150"}],"wp:attachment":[{"href":"https:\/\/eventos.ifg.edu.br\/xsemanadehistoriaifg\/wp-json\/wp\/v2\/media?parent=130"}],"curies":[{"name":"wp","href":"https:\/\/api.w.org\/{rel}","templated":true}]}}