{"id":110,"date":"2026-04-07T11:28:56","date_gmt":"2026-04-07T14:28:56","guid":{"rendered":"https:\/\/eventos.ifg.edu.br\/xsemanadehistoriaifg\/?page_id=110"},"modified":"2026-04-07T16:21:10","modified_gmt":"2026-04-07T19:21:10","slug":"cronograma-2","status":"publish","type":"page","link":"https:\/\/eventos.ifg.edu.br\/xsemanadehistoriaifg\/cronograma-2\/","title":{"rendered":"CRONOGRAMA"},"content":{"rendered":"\n<p>Submiss\u00e3o de propostas de Simp\u00f3sios Tem\u00e1ticos \u2013 20\/03 a 10\/04<br><br>Submiss\u00e3o de propostas de Minicursos \u2013 20\/03 a 27\/04<br><br>Envio dos aceites de propostas de Simp\u00f3sios Tem\u00e1ticos \u2013 13\/04<br><br>Envio dos aceites de propostas de Minicursos \u2013 30\/04<br><br>Submiss\u00e3o de trabalhos em Simp\u00f3sios Tem\u00e1ticos \u2013 15\/04 a 16\/05<br><br>Inscri\u00e7\u00e3o em Minicursos \u2013 04\/05 a 23\/05<br><br>Inscri\u00e7\u00e3o de Ouvintes \u2013 04\/05 a 01\/06<\/p>\n","protected":false},"excerpt":{"rendered":"<p>Submiss\u00e3o de propostas de Simp\u00f3sios Tem\u00e1ticos \u2013 20\/03 a 10\/04 Submiss\u00e3o de propostas de Minicursos \u2013 20\/03 a 27\/04 Envio dos aceites de propostas de Simp\u00f3sios Tem\u00e1ticos \u2013 13\/04 Envio dos aceites de propostas de Minicursos \u2013 30\/04 Submiss\u00e3o de trabalhos em Simp\u00f3sios Tem\u00e1ticos \u2013 15\/04 a 16\/05 Inscri\u00e7\u00e3o em Minicursos \u2013 04\/05 a 23\/05&hellip;<a href=\"https:\/\/eventos.ifg.edu.br\/xsemanadehistoriaifg\/cronograma-2\/\">Leia mais <span class=\"screen-reader-text\">CRONOGRAMA<\/span><\/a><\/p>\n","protected":false},"author":228,"featured_media":0,"parent":0,"menu_order":0,"comment_status":"closed","ping_status":"closed","template":"","meta":{"ngg_post_thumbnail":0,"footnotes":""},"class_list":["post-110","page","type-page","status-publish","hentry"],"_links":{"self":[{"href":"https:\/\/eventos.ifg.edu.br\/xsemanadehistoriaifg\/wp-json\/wp\/v2\/pages\/110"}],"collection":[{"href":"https:\/\/eventos.ifg.edu.br\/xsemanadehistoriaifg\/wp-json\/wp\/v2\/pages"}],"about":[{"href":"https:\/\/eventos.ifg.edu.br\/xsemanadehistoriaifg\/wp-json\/wp\/v2\/types\/page"}],"author":[{"embeddable":true,"href":"https:\/\/eventos.ifg.edu.br\/xsemanadehistoriaifg\/wp-json\/wp\/v2\/users\/228"}],"replies":[{"embeddable":true,"href":"https:\/\/eventos.ifg.edu.br\/xsemanadehistoriaifg\/wp-json\/wp\/v2\/comments?post=110"}],"version-history":[{"count":2,"href":"https:\/\/eventos.ifg.edu.br\/xsemanadehistoriaifg\/wp-json\/wp\/v2\/pages\/110\/revisions"}],"predecessor-version":[{"id":146,"href":"https:\/\/eventos.ifg.edu.br\/xsemanadehistoriaifg\/wp-json\/wp\/v2\/pages\/110\/revisions\/146"}],"wp:attachment":[{"href":"https:\/\/eventos.ifg.edu.br\/xsemanadehistoriaifg\/wp-json\/wp\/v2\/media?parent=110"}],"curies":[{"name":"wp","href":"https:\/\/api.w.org\/{rel}","templated":true}]}}