{"id":97,"date":"2017-04-25T12:25:11","date_gmt":"2017-04-25T15:25:11","guid":{"rendered":"http:\/\/eventos.ifg.edu.br\/wetica2017\/?page_id=97"},"modified":"2017-05-17T16:23:01","modified_gmt":"2017-05-17T19:23:01","slug":"certificados","status":"publish","type":"page","link":"https:\/\/eventos.ifg.edu.br\/wetica2017\/certificados\/","title":{"rendered":"Certificados"},"content":{"rendered":"<p>Os certificados est\u00e3o dispon\u00edveis no sistema sugep.ifg.edu.br. Um link para baix\u00e1-lo foi enviado ao e-mail de cada participante.<\/p>\n","protected":false},"excerpt":{"rendered":"<p>Os certificados est\u00e3o dispon\u00edveis no sistema sugep.ifg.edu.br. Um link para baix\u00e1-lo foi enviado ao e-mail de cada participante.<\/p>\n","protected":false},"author":8,"featured_media":0,"parent":0,"menu_order":0,"comment_status":"closed","ping_status":"closed","template":"","meta":{"ngg_post_thumbnail":0,"footnotes":""},"class_list":["post-97","page","type-page","status-publish","hentry"],"_links":{"self":[{"href":"https:\/\/eventos.ifg.edu.br\/wetica2017\/wp-json\/wp\/v2\/pages\/97"}],"collection":[{"href":"https:\/\/eventos.ifg.edu.br\/wetica2017\/wp-json\/wp\/v2\/pages"}],"about":[{"href":"https:\/\/eventos.ifg.edu.br\/wetica2017\/wp-json\/wp\/v2\/types\/page"}],"author":[{"embeddable":true,"href":"https:\/\/eventos.ifg.edu.br\/wetica2017\/wp-json\/wp\/v2\/users\/8"}],"replies":[{"embeddable":true,"href":"https:\/\/eventos.ifg.edu.br\/wetica2017\/wp-json\/wp\/v2\/comments?post=97"}],"version-history":[{"count":2,"href":"https:\/\/eventos.ifg.edu.br\/wetica2017\/wp-json\/wp\/v2\/pages\/97\/revisions"}],"predecessor-version":[{"id":103,"href":"https:\/\/eventos.ifg.edu.br\/wetica2017\/wp-json\/wp\/v2\/pages\/97\/revisions\/103"}],"wp:attachment":[{"href":"https:\/\/eventos.ifg.edu.br\/wetica2017\/wp-json\/wp\/v2\/media?parent=97"}],"curies":[{"name":"wp","href":"https:\/\/api.w.org\/{rel}","templated":true}]}}