{"id":30,"date":"2016-09-29T02:51:03","date_gmt":"2016-09-29T05:51:03","guid":{"rendered":"http:\/\/eventos.ifg.edu.br\/festival2016\/?page_id=30"},"modified":"2017-03-31T11:31:44","modified_gmt":"2017-03-31T14:31:44","slug":"contato","status":"publish","type":"page","link":"https:\/\/eventos.ifg.edu.br\/wetica2017\/contato\/","title":{"rendered":"Contato"},"content":{"rendered":"<p>A Secretaria Executiva da Comiss\u00e3o de \u00c9tica do IFG est\u00e1 \u00e0 disposi\u00e7\u00e3o para tratar sobre o II WORKSHOP \u2013 MORALIDADE E CONDUTA \u00c9TICA \u2013 GEST\u00c3O DA \u00c9TICA NA INSTITUI\u00c7\u00c3O DE EDUCA\u00c7\u00c3O.<\/p>\n<p>Telefone \u2013 (62) 3240-7765<br \/>\nE-mail \u2013 etica@ifg.edu.br<br \/>\nEndere\u00e7o \u2013 Rua T46, n\u00ba 166 , Setor Oeste, Goi\u00e2nia-GO.<br \/>\nHor\u00e1rio de Funcionamento: segunda \u00e0 sexta das 7h \u00e0s 13h.<\/p>\n","protected":false},"excerpt":{"rendered":"<p>A Secretaria Executiva da Comiss\u00e3o de \u00c9tica do IFG est\u00e1 \u00e0 disposi\u00e7\u00e3o para tratar sobre o II WORKSHOP \u2013 MORALIDADE E CONDUTA \u00c9TICA \u2013 GEST\u00c3O DA \u00c9TICA NA INSTITUI\u00c7\u00c3O DE EDUCA\u00c7\u00c3O. Telefone \u2013 (62) 3240-7765 E-mail \u2013 etica@ifg.edu.br Endere\u00e7o \u2013 Rua T46, n\u00ba 166 , Setor Oeste, Goi\u00e2nia-GO. Hor\u00e1rio de Funcionamento: segunda \u00e0 sexta das [&hellip;]<\/p>\n","protected":false},"author":8,"featured_media":0,"parent":0,"menu_order":0,"comment_status":"closed","ping_status":"closed","template":"","meta":{"ngg_post_thumbnail":0,"footnotes":""},"class_list":["post-30","page","type-page","status-publish","hentry"],"_links":{"self":[{"href":"https:\/\/eventos.ifg.edu.br\/wetica2017\/wp-json\/wp\/v2\/pages\/30"}],"collection":[{"href":"https:\/\/eventos.ifg.edu.br\/wetica2017\/wp-json\/wp\/v2\/pages"}],"about":[{"href":"https:\/\/eventos.ifg.edu.br\/wetica2017\/wp-json\/wp\/v2\/types\/page"}],"author":[{"embeddable":true,"href":"https:\/\/eventos.ifg.edu.br\/wetica2017\/wp-json\/wp\/v2\/users\/8"}],"replies":[{"embeddable":true,"href":"https:\/\/eventos.ifg.edu.br\/wetica2017\/wp-json\/wp\/v2\/comments?post=30"}],"version-history":[{"count":2,"href":"https:\/\/eventos.ifg.edu.br\/wetica2017\/wp-json\/wp\/v2\/pages\/30\/revisions"}],"predecessor-version":[{"id":56,"href":"https:\/\/eventos.ifg.edu.br\/wetica2017\/wp-json\/wp\/v2\/pages\/30\/revisions\/56"}],"wp:attachment":[{"href":"https:\/\/eventos.ifg.edu.br\/wetica2017\/wp-json\/wp\/v2\/media?parent=30"}],"curies":[{"name":"wp","href":"https:\/\/api.w.org\/{rel}","templated":true}]}}