{"id":24,"date":"2016-09-29T02:50:30","date_gmt":"2016-09-29T05:50:30","guid":{"rendered":"http:\/\/eventos.ifg.edu.br\/festival2016\/?page_id=24"},"modified":"2017-04-26T10:55:06","modified_gmt":"2017-04-26T13:55:06","slug":"inscricoes","status":"publish","type":"page","link":"https:\/\/eventos.ifg.edu.br\/wetica2017\/inscricoes\/","title":{"rendered":"Inscri\u00e7\u00f5es"},"content":{"rendered":"<p>As inscri\u00e7\u00f5es ocorrer\u00e3o no per\u00edodo de 24\/04\/2017 at\u00e9 27\/04\/2017, por meio do seguinte endere\u00e7o eletr\u00f4nico:<\/p>\n<p><a href=\"https:\/\/sugep.ifg.edu.br\/eventos\/administracao\/inscricoes.html?q12we34rt56yu78io90p=KymbPMPv8J90jBceegbVhw==#\">https:\/\/sugep.ifg.edu.br\/eventos\/administracao\/inscricoes.html?q12we34rt56yu78io90p=KymbPMPv8J90jBceegbVhw==#<\/a><\/p>\n<p>Necess\u00e1rio instalar o flash player.<\/p>\n","protected":false},"excerpt":{"rendered":"<p>As inscri\u00e7\u00f5es ocorrer\u00e3o no per\u00edodo de 24\/04\/2017 at\u00e9 27\/04\/2017, por meio do seguinte endere\u00e7o eletr\u00f4nico: https:\/\/sugep.ifg.edu.br\/eventos\/administracao\/inscricoes.html?q12we34rt56yu78io90p=KymbPMPv8J90jBceegbVhw==# Necess\u00e1rio instalar o flash player.<\/p>\n","protected":false},"author":8,"featured_media":0,"parent":0,"menu_order":0,"comment_status":"closed","ping_status":"closed","template":"","meta":{"ngg_post_thumbnail":0,"footnotes":""},"class_list":["post-24","page","type-page","status-publish","hentry"],"_links":{"self":[{"href":"https:\/\/eventos.ifg.edu.br\/wetica2017\/wp-json\/wp\/v2\/pages\/24"}],"collection":[{"href":"https:\/\/eventos.ifg.edu.br\/wetica2017\/wp-json\/wp\/v2\/pages"}],"about":[{"href":"https:\/\/eventos.ifg.edu.br\/wetica2017\/wp-json\/wp\/v2\/types\/page"}],"author":[{"embeddable":true,"href":"https:\/\/eventos.ifg.edu.br\/wetica2017\/wp-json\/wp\/v2\/users\/8"}],"replies":[{"embeddable":true,"href":"https:\/\/eventos.ifg.edu.br\/wetica2017\/wp-json\/wp\/v2\/comments?post=24"}],"version-history":[{"count":6,"href":"https:\/\/eventos.ifg.edu.br\/wetica2017\/wp-json\/wp\/v2\/pages\/24\/revisions"}],"predecessor-version":[{"id":101,"href":"https:\/\/eventos.ifg.edu.br\/wetica2017\/wp-json\/wp\/v2\/pages\/24\/revisions\/101"}],"wp:attachment":[{"href":"https:\/\/eventos.ifg.edu.br\/wetica2017\/wp-json\/wp\/v2\/media?parent=24"}],"curies":[{"name":"wp","href":"https:\/\/api.w.org\/{rel}","templated":true}]}}