{"id":20,"date":"2017-03-30T02:50:05","date_gmt":"2017-03-30T05:50:05","guid":{"rendered":"http:\/\/eventos.ifg.edu.br\/festival2016\/?page_id=20"},"modified":"2017-04-24T14:35:38","modified_gmt":"2017-04-24T17:35:38","slug":"o-workshop","status":"publish","type":"page","link":"https:\/\/eventos.ifg.edu.br\/wetica2017\/o-workshop\/","title":{"rendered":"Apresenta\u00e7\u00e3o"},"content":{"rendered":"<p align=\"JUSTIFY\">O II WORKSHOP: MORALIDADE E CONDUTA \u00c9TICA \u2013 GEST\u00c3O DA \u00c9TICA NA INSTITUI\u00c7\u00c3O DE EDUCA\u00c7\u00c3O &#8211; WEtica2017 \u00e9 um evento promovido pela Comiss\u00e3o de \u00c9tica do Instituto Federa de Goi\u00e1s. O evento acontecer\u00e1 no dia 27 de abril de 2017 e tem por objetivo promover a integra\u00e7\u00e3o entre a Comiss\u00e3o de \u00e9tica, os Chefes de Departamento de \u00c1reas Acad\u00eamicas, os assistentes sociais, os psic\u00f3logos do RH e os Representantes locais da Comiss\u00e3o para um esfor\u00e7o conjunto no sentido de elabora\u00e7\u00e3o e divulga\u00e7\u00e3o de estrat\u00e9gias para a educa\u00e7\u00e3o e preven\u00e7\u00e3o de desvios \u00e9ticos e gest\u00e3o da \u00e9tica em nossa Institui\u00e7\u00e3o.<\/p>\n","protected":false},"excerpt":{"rendered":"<p>O II WORKSHOP: MORALIDADE E CONDUTA \u00c9TICA \u2013 GEST\u00c3O DA \u00c9TICA NA INSTITUI\u00c7\u00c3O DE EDUCA\u00c7\u00c3O &#8211; WEtica2017 \u00e9 um evento promovido pela Comiss\u00e3o de \u00c9tica do Instituto Federa de Goi\u00e1s. O evento acontecer\u00e1 no dia 27 de abril de 2017 e tem por objetivo promover a integra\u00e7\u00e3o entre a Comiss\u00e3o de \u00e9tica, os Chefes de [&hellip;]<\/p>\n","protected":false},"author":8,"featured_media":0,"parent":0,"menu_order":0,"comment_status":"closed","ping_status":"closed","template":"","meta":{"ngg_post_thumbnail":0,"footnotes":""},"class_list":["post-20","page","type-page","status-publish","hentry"],"_links":{"self":[{"href":"https:\/\/eventos.ifg.edu.br\/wetica2017\/wp-json\/wp\/v2\/pages\/20"}],"collection":[{"href":"https:\/\/eventos.ifg.edu.br\/wetica2017\/wp-json\/wp\/v2\/pages"}],"about":[{"href":"https:\/\/eventos.ifg.edu.br\/wetica2017\/wp-json\/wp\/v2\/types\/page"}],"author":[{"embeddable":true,"href":"https:\/\/eventos.ifg.edu.br\/wetica2017\/wp-json\/wp\/v2\/users\/8"}],"replies":[{"embeddable":true,"href":"https:\/\/eventos.ifg.edu.br\/wetica2017\/wp-json\/wp\/v2\/comments?post=20"}],"version-history":[{"count":5,"href":"https:\/\/eventos.ifg.edu.br\/wetica2017\/wp-json\/wp\/v2\/pages\/20\/revisions"}],"predecessor-version":[{"id":90,"href":"https:\/\/eventos.ifg.edu.br\/wetica2017\/wp-json\/wp\/v2\/pages\/20\/revisions\/90"}],"wp:attachment":[{"href":"https:\/\/eventos.ifg.edu.br\/wetica2017\/wp-json\/wp\/v2\/media?parent=20"}],"curies":[{"name":"wp","href":"https:\/\/api.w.org\/{rel}","templated":true}]}}