{"id":75,"date":"2022-02-01T18:39:59","date_gmt":"2022-02-01T21:39:59","guid":{"rendered":"http:\/\/eventos.ifg.edu.br\/viiisemanadehistoria\/?page_id=75"},"modified":"2022-05-09T16:33:18","modified_gmt":"2022-05-09T19:33:18","slug":"inscricoes-de-ouvintes","status":"publish","type":"page","link":"https:\/\/eventos.ifg.edu.br\/viiisemanadehistoria\/inscricoes\/inscricoes-de-ouvintes\/","title":{"rendered":"Inscri\u00e7\u00f5es de ouvintes"},"content":{"rendered":"<p>Est\u00e3o abertas as inscri\u00e7\u00f5es para ouvintes. As\/os interessadas\/os precisam acessar o sistema SUAP e proceder \u00e0 inscri\u00e7\u00e3o atrav\u00e9s do link: <a href=\"https:\/\/sugep.ifg.edu.br\/eventos\/\/#\/publico\/eventos\/78f0e500-742c-447c-899b-5e645fa0550a\/inscricao\">https:\/\/sugep.ifg.edu.br\/eventos\/\/#\/publico\/eventos\/78f0e500-742c-447c-899b-5e645fa0550a\/inscricao<\/a><\/p>\n","protected":false},"excerpt":{"rendered":"<p>Est\u00e3o abertas as inscri\u00e7\u00f5es para ouvintes. As\/os interessadas\/os precisam acessar o sistema SUAP e proceder \u00e0 inscri\u00e7\u00e3o atrav\u00e9s do link: https:\/\/sugep.ifg.edu.br\/eventos\/\/#\/publico\/eventos\/78f0e500-742c-447c-899b-5e645fa0550a\/inscricao<\/p>\n","protected":false},"author":156,"featured_media":155,"parent":46,"menu_order":3,"comment_status":"closed","ping_status":"closed","template":"","meta":{"ngg_post_thumbnail":0,"footnotes":""},"class_list":["post-75","page","type-page","status-publish","has-post-thumbnail","hentry"],"_links":{"self":[{"href":"https:\/\/eventos.ifg.edu.br\/viiisemanadehistoria\/wp-json\/wp\/v2\/pages\/75"}],"collection":[{"href":"https:\/\/eventos.ifg.edu.br\/viiisemanadehistoria\/wp-json\/wp\/v2\/pages"}],"about":[{"href":"https:\/\/eventos.ifg.edu.br\/viiisemanadehistoria\/wp-json\/wp\/v2\/types\/page"}],"author":[{"embeddable":true,"href":"https:\/\/eventos.ifg.edu.br\/viiisemanadehistoria\/wp-json\/wp\/v2\/users\/156"}],"replies":[{"embeddable":true,"href":"https:\/\/eventos.ifg.edu.br\/viiisemanadehistoria\/wp-json\/wp\/v2\/comments?post=75"}],"version-history":[{"count":3,"href":"https:\/\/eventos.ifg.edu.br\/viiisemanadehistoria\/wp-json\/wp\/v2\/pages\/75\/revisions"}],"predecessor-version":[{"id":201,"href":"https:\/\/eventos.ifg.edu.br\/viiisemanadehistoria\/wp-json\/wp\/v2\/pages\/75\/revisions\/201"}],"up":[{"embeddable":true,"href":"https:\/\/eventos.ifg.edu.br\/viiisemanadehistoria\/wp-json\/wp\/v2\/pages\/46"}],"wp:featuredmedia":[{"embeddable":true,"href":"https:\/\/eventos.ifg.edu.br\/viiisemanadehistoria\/wp-json\/wp\/v2\/media\/155"}],"wp:attachment":[{"href":"https:\/\/eventos.ifg.edu.br\/viiisemanadehistoria\/wp-json\/wp\/v2\/media?parent=75"}],"curies":[{"name":"wp","href":"https:\/\/api.w.org\/{rel}","templated":true}]}}