{"id":48,"date":"2022-02-15T11:00:42","date_gmt":"2022-02-15T14:00:42","guid":{"rendered":"http:\/\/eventos.ifg.edu.br\/viiisemanadehistoria\/?page_id=48"},"modified":"2022-05-12T09:25:35","modified_gmt":"2022-05-12T12:25:35","slug":"programacao","status":"publish","type":"page","link":"https:\/\/eventos.ifg.edu.br\/viiisemanadehistoria\/programacao\/","title":{"rendered":"Programa\u00e7\u00e3o"},"content":{"rendered":"<p style=\"text-align: center\">VIII<strong> Semana da Licenciatura em Hist\u00f3ria do IFG*<\/strong><br \/>\n<strong>1822-2022: Na\u00e7\u00e3o, nacionalismos e mem\u00f3rias em disputa &#8211; desafios da Hist\u00f3ria escrita e ensinada<\/strong><br \/>\n<strong>Programa\u00e7\u00e3o completa<\/strong><\/p>\n<p><strong>Data: 16\/05<\/strong><br \/>\n19h \u2013 Confer\u00eancia de abertura: <strong>Os caminhos da Hist\u00f3ria ensinada<\/strong><br \/>\nProfa. Dra. Selva Guimar\u00e3es Fonseca (UFU)<br \/>\n<span style=\"color: #808000\"><strong>Atividade remota com exibi\u00e7\u00e3o s\u00edncrona na Cinemateca<\/strong><\/span><br \/>\nLink: <a href=\"http:\/\/encurtador.com.br\/aimuC\">http:\/\/encurtador.com.br\/aimuC<\/a><\/p>\n<p><strong>Data: 17\/05<\/strong><br \/>\n14h-18h: minicursos e simp\u00f3sios tem\u00e1ticos<br \/>\n19h \u2013 Mesa 1: <strong>Hist\u00f3ria, Mem\u00f3ria e Ensino de Hist\u00f3ria: as datas comemorativas entre os saberes hist\u00f3ricos e hist\u00f3ricos escolares<\/strong><br \/>\nProfa. Dra. Janaina Martins Cordeiro (UFF)<br \/>\nProfa. Dra. Maria Abadia Cardoso (IFG)<br \/>\n<span style=\"color: #808000\"><strong>Atividade remota com exibi\u00e7\u00e3o s\u00edncrona na Cinemateca<\/strong><\/span><br \/>\nLink: <a href=\"encurtador.com.br\/dhxAD\">http:\/\/encurtador.com.br\/dhxAD<\/a><\/p>\n<p><strong>Data: 18\/05<\/strong><br \/>\n14h-18h: minicursos e simp\u00f3sios tem\u00e1ticos<br \/>\n19h \u2013 Mesa 2: <strong>Na\u00e7\u00e3o, nacionalismos e usos do passado<\/strong><br \/>\nProf. Dr. Lu\u00eds Cl\u00e1udio Rocha (IFG)<br \/>\nProfa. Dra. Fabiane Costa Oliveira (IFG)<br \/>\n<span style=\"color: #808000\"><strong>Atividade remota com exibi\u00e7\u00e3o s\u00edncrona na Cinemateca<\/strong><\/span><br \/>\nLink: <a href=\"encurtador.com.br\/dejnC\">http:\/\/encurtador.com.br\/dejnC<\/a><\/p>\n<p><strong>Data: 19\/05<\/strong><br \/>\n14h-18h: minicursos e simp\u00f3sios tem\u00e1ticos<br \/>\n19h \u2013 Mesa 3: <strong>80 anos do IFG Goi\u00e2nia: a escola, o batismo cultural e a cidade<\/strong><br \/>\nProfa. Dra. S\u00f4nia Aparecida Lobo (IFG)<br \/>\nProf. Dr. Rafael Gon\u00e7alves Borges (IFG)<br \/>\n<span style=\"color: #808000\"><strong>Atividade remota com exibi\u00e7\u00e3o s\u00edncrona na Cinemateca<\/strong><\/span><br \/>\nLink: <a href=\"encurtador.com.br\/fM678\">http:\/\/encurtador.com.br\/fM678<\/a><\/p>\n<p><strong>Data: 20\/05<\/strong><br \/>\n14h-18h: minicursos e simp\u00f3sios tem\u00e1ticos<br \/>\n19h \u2013 Confer\u00eancia de encerramento: <strong>Independ\u00eancia do Brasil: hist\u00f3ria, mem\u00f3ria e propostas de ensino<\/strong><br \/>\nProfa. Dra. Martha Victor Vieira (UFT)<br \/>\n<span style=\"color: #808000\"><strong>Atividade remota com exibi\u00e7\u00e3o s\u00edncrona na Cinemateca<\/strong><\/span><br \/>\nLink: <a href=\"encurtador.com.br\/yKTZ0\">http:\/\/encurtador.com.br\/yKTZ0<\/a><\/p>\n<p><span style=\"color: #ff0000\">* A VIII Semana da Licenciatura em Hist\u00f3ria do IFG se dar\u00e1 em formato semipresencial. As Confer\u00eancias e Mesas ocorrer\u00e3o em formato remoto (virtual) e os Simp\u00f3sios Tem\u00e1ticos e Minicursos ocorrer\u00e3o presencialmente no IFG, Campus Goi\u00e2nia.<\/span><\/p>\n","protected":false},"excerpt":{"rendered":"<p>VIII Semana da Licenciatura em Hist\u00f3ria do IFG* 1822-2022: Na\u00e7\u00e3o, nacionalismos e mem\u00f3rias em disputa &#8211; desafios da Hist\u00f3ria escrita e ensinada Programa\u00e7\u00e3o completa Data: 16\/05 19h \u2013 Confer\u00eancia de abertura: Os caminhos da Hist\u00f3ria ensinada Profa. Dra. Selva Guimar\u00e3es Fonseca (UFU) Atividade remota com exibi\u00e7\u00e3o s\u00edncrona na Cinemateca Link: http:\/\/encurtador.com.br\/aimuC Data: 17\/05 14h-18h: minicursos&#8230; <a href=\"https:\/\/eventos.ifg.edu.br\/viiisemanadehistoria\/programacao\/\" class=\"more-link\">Continue reading <span class=\"screen-reader-text\">Programa\u00e7\u00e3o<\/span><\/a><\/p>\n","protected":false},"author":156,"featured_media":155,"parent":0,"menu_order":1,"comment_status":"closed","ping_status":"closed","template":"","meta":{"ngg_post_thumbnail":0,"footnotes":""},"class_list":["post-48","page","type-page","status-publish","has-post-thumbnail","hentry"],"_links":{"self":[{"href":"https:\/\/eventos.ifg.edu.br\/viiisemanadehistoria\/wp-json\/wp\/v2\/pages\/48"}],"collection":[{"href":"https:\/\/eventos.ifg.edu.br\/viiisemanadehistoria\/wp-json\/wp\/v2\/pages"}],"about":[{"href":"https:\/\/eventos.ifg.edu.br\/viiisemanadehistoria\/wp-json\/wp\/v2\/types\/page"}],"author":[{"embeddable":true,"href":"https:\/\/eventos.ifg.edu.br\/viiisemanadehistoria\/wp-json\/wp\/v2\/users\/156"}],"replies":[{"embeddable":true,"href":"https:\/\/eventos.ifg.edu.br\/viiisemanadehistoria\/wp-json\/wp\/v2\/comments?post=48"}],"version-history":[{"count":10,"href":"https:\/\/eventos.ifg.edu.br\/viiisemanadehistoria\/wp-json\/wp\/v2\/pages\/48\/revisions"}],"predecessor-version":[{"id":206,"href":"https:\/\/eventos.ifg.edu.br\/viiisemanadehistoria\/wp-json\/wp\/v2\/pages\/48\/revisions\/206"}],"wp:featuredmedia":[{"embeddable":true,"href":"https:\/\/eventos.ifg.edu.br\/viiisemanadehistoria\/wp-json\/wp\/v2\/media\/155"}],"wp:attachment":[{"href":"https:\/\/eventos.ifg.edu.br\/viiisemanadehistoria\/wp-json\/wp\/v2\/media?parent=48"}],"curies":[{"name":"wp","href":"https:\/\/api.w.org\/{rel}","templated":true}]}}