{"id":46,"date":"2022-01-27T19:40:04","date_gmt":"2022-01-27T22:40:04","guid":{"rendered":"http:\/\/eventos.ifg.edu.br\/viiisemanadehistoria\/?page_id=46"},"modified":"2022-02-15T18:04:01","modified_gmt":"2022-02-15T21:04:01","slug":"inscricoes","status":"publish","type":"page","link":"https:\/\/eventos.ifg.edu.br\/viiisemanadehistoria\/inscricoes\/","title":{"rendered":"Inscri\u00e7\u00f5es"},"content":{"rendered":"<p>Selecione a categoria em que deseja se inscrever:<\/p>\n<p>Proposi\u00e7\u00e3o de Simp\u00f3sios Tem\u00e1ticos e Minicursos (per\u00edodo de inscri\u00e7\u00e3o: 02\/01\/2022 a 10\/02\/2022): <a href=\"https:\/\/eventos.ifg.edu.br\/viiisemanadehistoria\/inscricoes\/inscricoes-de-simposios-tematicos-e-minicursos\/\">https:\/\/eventos.ifg.edu.br\/viiisemanadehistoria\/inscricoes\/inscricoes-de-simposios-tematicos-e-minicursos\/<\/a><\/p>\n<p>Comunica\u00e7\u00f5es em Simp\u00f3sios Tem\u00e1ticos (per\u00edodo de inscri\u00e7\u00e3o: 20\/02\/22 a 18\/04\/2022): <a href=\"https:\/\/eventos.ifg.edu.br\/viiisemanadehistoria\/inscricoes\/inscricoes-para-comunicacoes-nos-simposios-tematicos\/\">https:\/\/eventos.ifg.edu.br\/viiisemanadehistoria\/inscricoes\/inscricoes-para-comunicacoes-nos-simposios-tematicos\/<\/a><\/p>\n<p>Inscri\u00e7\u00f5es em minicursos (per\u00edodo de inscri\u00e7\u00e3o: 20\/02\/22 a 18\/04\/2022): <a href=\"https:\/\/eventos.ifg.edu.br\/viiisemanadehistoria\/inscricoes\/inscricoes-nos-minicursos\/\">https:\/\/eventos.ifg.edu.br\/viiisemanadehistoria\/inscricoes\/inscricoes-nos-minicursos\/<\/a><\/p>\n<p>Ouvintes (per\u00edodo de inscri\u00e7\u00e3o: 18\/04\/2022 a 16\/05\/2022):<\/p>\n<p><a href=\"https:\/\/eventos.ifg.edu.br\/viiisemanadehistoria\/inscricoes\/inscricoes-de-ouvintes\/\">https:\/\/eventos.ifg.edu.br\/viiisemanadehistoria\/inscricoes\/inscricoes-de-ouvintes\/<\/a><\/p>\n","protected":false},"excerpt":{"rendered":"<p>Selecione a categoria em que deseja se inscrever: Proposi\u00e7\u00e3o de Simp\u00f3sios Tem\u00e1ticos e Minicursos (per\u00edodo de inscri\u00e7\u00e3o: 02\/01\/2022 a 10\/02\/2022): https:\/\/eventos.ifg.edu.br\/viiisemanadehistoria\/inscricoes\/inscricoes-de-simposios-tematicos-e-minicursos\/ Comunica\u00e7\u00f5es em Simp\u00f3sios Tem\u00e1ticos (per\u00edodo de inscri\u00e7\u00e3o: 20\/02\/22 a 18\/04\/2022): https:\/\/eventos.ifg.edu.br\/viiisemanadehistoria\/inscricoes\/inscricoes-para-comunicacoes-nos-simposios-tematicos\/ Inscri\u00e7\u00f5es em minicursos (per\u00edodo de inscri\u00e7\u00e3o: 20\/02\/22 a 18\/04\/2022): https:\/\/eventos.ifg.edu.br\/viiisemanadehistoria\/inscricoes\/inscricoes-nos-minicursos\/ Ouvintes (per\u00edodo de inscri\u00e7\u00e3o: 18\/04\/2022 a 16\/05\/2022): https:\/\/eventos.ifg.edu.br\/viiisemanadehistoria\/inscricoes\/inscricoes-de-ouvintes\/<\/p>\n","protected":false},"author":156,"featured_media":14,"parent":0,"menu_order":3,"comment_status":"closed","ping_status":"closed","template":"","meta":{"ngg_post_thumbnail":0,"footnotes":""},"class_list":["post-46","page","type-page","status-publish","has-post-thumbnail","hentry"],"_links":{"self":[{"href":"https:\/\/eventos.ifg.edu.br\/viiisemanadehistoria\/wp-json\/wp\/v2\/pages\/46"}],"collection":[{"href":"https:\/\/eventos.ifg.edu.br\/viiisemanadehistoria\/wp-json\/wp\/v2\/pages"}],"about":[{"href":"https:\/\/eventos.ifg.edu.br\/viiisemanadehistoria\/wp-json\/wp\/v2\/types\/page"}],"author":[{"embeddable":true,"href":"https:\/\/eventos.ifg.edu.br\/viiisemanadehistoria\/wp-json\/wp\/v2\/users\/156"}],"replies":[{"embeddable":true,"href":"https:\/\/eventos.ifg.edu.br\/viiisemanadehistoria\/wp-json\/wp\/v2\/comments?post=46"}],"version-history":[{"count":6,"href":"https:\/\/eventos.ifg.edu.br\/viiisemanadehistoria\/wp-json\/wp\/v2\/pages\/46\/revisions"}],"predecessor-version":[{"id":134,"href":"https:\/\/eventos.ifg.edu.br\/viiisemanadehistoria\/wp-json\/wp\/v2\/pages\/46\/revisions\/134"}],"wp:featuredmedia":[{"embeddable":true,"href":"https:\/\/eventos.ifg.edu.br\/viiisemanadehistoria\/wp-json\/wp\/v2\/media\/14"}],"wp:attachment":[{"href":"https:\/\/eventos.ifg.edu.br\/viiisemanadehistoria\/wp-json\/wp\/v2\/media?parent=46"}],"curies":[{"name":"wp","href":"https:\/\/api.w.org\/{rel}","templated":true}]}}