{"id":40,"date":"2022-01-27T19:18:50","date_gmt":"2022-01-27T22:18:50","guid":{"rendered":"http:\/\/eventos.ifg.edu.br\/viiisemanadehistoria\/?page_id=40"},"modified":"2022-02-01T18:37:43","modified_gmt":"2022-02-01T21:37:43","slug":"anais","status":"publish","type":"page","link":"https:\/\/eventos.ifg.edu.br\/viiisemanadehistoria\/anais\/","title":{"rendered":"Anais"},"content":{"rendered":"<p>Estas informa\u00e7\u00f5es ser\u00e3o disponibilizadas em breve. <\/p>\n","protected":false},"excerpt":{"rendered":"<p>Estas informa\u00e7\u00f5es ser\u00e3o disponibilizadas em breve.<\/p>\n","protected":false},"author":156,"featured_media":0,"parent":0,"menu_order":4,"comment_status":"closed","ping_status":"closed","template":"","meta":{"ngg_post_thumbnail":0,"footnotes":""},"class_list":["post-40","page","type-page","status-publish","hentry"],"_links":{"self":[{"href":"https:\/\/eventos.ifg.edu.br\/viiisemanadehistoria\/wp-json\/wp\/v2\/pages\/40"}],"collection":[{"href":"https:\/\/eventos.ifg.edu.br\/viiisemanadehistoria\/wp-json\/wp\/v2\/pages"}],"about":[{"href":"https:\/\/eventos.ifg.edu.br\/viiisemanadehistoria\/wp-json\/wp\/v2\/types\/page"}],"author":[{"embeddable":true,"href":"https:\/\/eventos.ifg.edu.br\/viiisemanadehistoria\/wp-json\/wp\/v2\/users\/156"}],"replies":[{"embeddable":true,"href":"https:\/\/eventos.ifg.edu.br\/viiisemanadehistoria\/wp-json\/wp\/v2\/comments?post=40"}],"version-history":[{"count":2,"href":"https:\/\/eventos.ifg.edu.br\/viiisemanadehistoria\/wp-json\/wp\/v2\/pages\/40\/revisions"}],"predecessor-version":[{"id":73,"href":"https:\/\/eventos.ifg.edu.br\/viiisemanadehistoria\/wp-json\/wp\/v2\/pages\/40\/revisions\/73"}],"wp:attachment":[{"href":"https:\/\/eventos.ifg.edu.br\/viiisemanadehistoria\/wp-json\/wp\/v2\/media?parent=40"}],"curies":[{"name":"wp","href":"https:\/\/api.w.org\/{rel}","templated":true}]}}