{"id":123,"date":"2022-02-15T11:23:37","date_gmt":"2022-02-15T14:23:37","guid":{"rendered":"http:\/\/eventos.ifg.edu.br\/viiisemanadehistoria\/?page_id=123"},"modified":"2022-04-20T08:52:03","modified_gmt":"2022-04-20T11:52:03","slug":"inscricoes-nos-minicursos","status":"publish","type":"page","link":"https:\/\/eventos.ifg.edu.br\/viiisemanadehistoria\/inscricoes\/inscricoes-nos-minicursos\/","title":{"rendered":"Inscri\u00e7\u00f5es nos minicursos"},"content":{"rendered":"<p style=\"text-align: justify\"><strong><span style=\"color: #ff0000\">PRORROGADAS AS INSCRI\u00c7\u00d5ES: 19\/04 &#8211; 01\/05\/2022<\/span><\/strong><\/p>\n<p style=\"text-align: justify\"><strong>O per\u00edodo de inscri\u00e7\u00e3o em minicursos \u00e9 entre os dias 17\/02\/2022 e <del>18\/04\/2022<\/del> <span style=\"color: #ff0000\">01\/05\/2022<\/span> <span style=\"color: #ff0000\">(PRORROGADO)<\/span>. Eles ser\u00e3o ministrados em modo presencial, no Campus Goi\u00e2nia do IFG. Para participar, escolha o minicurso de interesse no link <a href=\"http:\/\/eventos.ifg.edu.br\/viiisemanadehistoria\/2022\/02\/15\/minicursos\/\">Minicursos <\/a>, preencha o formul\u00e1rio abaixo e encaminhe-o ao e-mail do evento <a href=\"mailto:viiisemanadehistoria@ifg.edu.br\">viiisemanadehistoria@ifg.edu.br<\/a>.<\/strong><\/p>\n<p><a href=\"http:\/\/eventos.ifg.edu.br\/viiisemanadehistoria\/wp-content\/uploads\/sites\/72\/2022\/02\/Ficha-de-inscri\u00e7\u00e3o-em-minicurso.docx\">Ficha de inscri\u00e7\u00e3o em minicurso<\/a><\/p>\n","protected":false},"excerpt":{"rendered":"<p>PRORROGADAS AS INSCRI\u00c7\u00d5ES: 19\/04 &#8211; 01\/05\/2022 O per\u00edodo de inscri\u00e7\u00e3o em minicursos \u00e9 entre os dias 17\/02\/2022 e 18\/04\/2022 01\/05\/2022 (PRORROGADO). Eles ser\u00e3o ministrados em modo presencial, no Campus Goi\u00e2nia do IFG. Para participar, escolha o minicurso de interesse no link Minicursos , preencha o formul\u00e1rio abaixo e encaminhe-o ao e-mail do evento viiisemanadehistoria@ifg.edu.br. Ficha&#8230; <a href=\"https:\/\/eventos.ifg.edu.br\/viiisemanadehistoria\/inscricoes\/inscricoes-nos-minicursos\/\" class=\"more-link\">Continue reading <span class=\"screen-reader-text\">Inscri\u00e7\u00f5es nos minicursos<\/span><\/a><\/p>\n","protected":false},"author":156,"featured_media":166,"parent":46,"menu_order":2,"comment_status":"closed","ping_status":"closed","template":"","meta":{"ngg_post_thumbnail":0,"footnotes":""},"class_list":["post-123","page","type-page","status-publish","has-post-thumbnail","hentry"],"_links":{"self":[{"href":"https:\/\/eventos.ifg.edu.br\/viiisemanadehistoria\/wp-json\/wp\/v2\/pages\/123"}],"collection":[{"href":"https:\/\/eventos.ifg.edu.br\/viiisemanadehistoria\/wp-json\/wp\/v2\/pages"}],"about":[{"href":"https:\/\/eventos.ifg.edu.br\/viiisemanadehistoria\/wp-json\/wp\/v2\/types\/page"}],"author":[{"embeddable":true,"href":"https:\/\/eventos.ifg.edu.br\/viiisemanadehistoria\/wp-json\/wp\/v2\/users\/156"}],"replies":[{"embeddable":true,"href":"https:\/\/eventos.ifg.edu.br\/viiisemanadehistoria\/wp-json\/wp\/v2\/comments?post=123"}],"version-history":[{"count":11,"href":"https:\/\/eventos.ifg.edu.br\/viiisemanadehistoria\/wp-json\/wp\/v2\/pages\/123\/revisions"}],"predecessor-version":[{"id":185,"href":"https:\/\/eventos.ifg.edu.br\/viiisemanadehistoria\/wp-json\/wp\/v2\/pages\/123\/revisions\/185"}],"up":[{"embeddable":true,"href":"https:\/\/eventos.ifg.edu.br\/viiisemanadehistoria\/wp-json\/wp\/v2\/pages\/46"}],"wp:featuredmedia":[{"embeddable":true,"href":"https:\/\/eventos.ifg.edu.br\/viiisemanadehistoria\/wp-json\/wp\/v2\/media\/166"}],"wp:attachment":[{"href":"https:\/\/eventos.ifg.edu.br\/viiisemanadehistoria\/wp-json\/wp\/v2\/media?parent=123"}],"curies":[{"name":"wp","href":"https:\/\/api.w.org\/{rel}","templated":true}]}}