{"id":12,"date":"2022-01-21T19:03:42","date_gmt":"2022-01-21T22:03:42","guid":{"rendered":"http:\/\/eventos.ifg.edu.br\/viiisemanadehistoria\/?page_id=12"},"modified":"2022-02-06T13:58:13","modified_gmt":"2022-02-06T16:58:13","slug":"inscricoes-de-simposios-tematicos-e-minicursos","status":"publish","type":"page","link":"https:\/\/eventos.ifg.edu.br\/viiisemanadehistoria\/inscricoes\/inscricoes-de-simposios-tematicos-e-minicursos\/","title":{"rendered":"Inscri\u00e7\u00f5es para proposta de Simp\u00f3sios Tem\u00e1ticos e Minicursos"},"content":{"rendered":"<p>Per\u00edodo de inscri\u00e7\u00e3o para a proposi\u00e7\u00e3o de simp\u00f3sios tem\u00e1ticos e minicursos: 02\/01\/2022 a 10\/02\/2022.<\/p>\n<p>Para realizar a inscri\u00e7\u00e3o, preencha o formul\u00e1rio a seguir: <a href=\"https:\/\/forms.gle\/mU8GicNNEnPBEaEw5\">https:\/\/forms.gle\/mU8GicNNEnPBEaEw5<\/a><\/p>\n<p>&nbsp;<\/p>\n","protected":false},"excerpt":{"rendered":"<p>Per\u00edodo de inscri\u00e7\u00e3o para a proposi\u00e7\u00e3o de simp\u00f3sios tem\u00e1ticos e minicursos: 02\/01\/2022 a 10\/02\/2022. Para realizar a inscri\u00e7\u00e3o, preencha o formul\u00e1rio a seguir: https:\/\/forms.gle\/mU8GicNNEnPBEaEw5 &nbsp;<\/p>\n","protected":false},"author":156,"featured_media":15,"parent":46,"menu_order":0,"comment_status":"closed","ping_status":"closed","template":"","meta":{"ngg_post_thumbnail":0,"footnotes":""},"class_list":["post-12","page","type-page","status-publish","has-post-thumbnail","hentry"],"_links":{"self":[{"href":"https:\/\/eventos.ifg.edu.br\/viiisemanadehistoria\/wp-json\/wp\/v2\/pages\/12"}],"collection":[{"href":"https:\/\/eventos.ifg.edu.br\/viiisemanadehistoria\/wp-json\/wp\/v2\/pages"}],"about":[{"href":"https:\/\/eventos.ifg.edu.br\/viiisemanadehistoria\/wp-json\/wp\/v2\/types\/page"}],"author":[{"embeddable":true,"href":"https:\/\/eventos.ifg.edu.br\/viiisemanadehistoria\/wp-json\/wp\/v2\/users\/156"}],"replies":[{"embeddable":true,"href":"https:\/\/eventos.ifg.edu.br\/viiisemanadehistoria\/wp-json\/wp\/v2\/comments?post=12"}],"version-history":[{"count":6,"href":"https:\/\/eventos.ifg.edu.br\/viiisemanadehistoria\/wp-json\/wp\/v2\/pages\/12\/revisions"}],"predecessor-version":[{"id":180,"href":"https:\/\/eventos.ifg.edu.br\/viiisemanadehistoria\/wp-json\/wp\/v2\/pages\/12\/revisions\/180"}],"up":[{"embeddable":true,"href":"https:\/\/eventos.ifg.edu.br\/viiisemanadehistoria\/wp-json\/wp\/v2\/pages\/46"}],"wp:featuredmedia":[{"embeddable":true,"href":"https:\/\/eventos.ifg.edu.br\/viiisemanadehistoria\/wp-json\/wp\/v2\/media\/15"}],"wp:attachment":[{"href":"https:\/\/eventos.ifg.edu.br\/viiisemanadehistoria\/wp-json\/wp\/v2\/media?parent=12"}],"curies":[{"name":"wp","href":"https:\/\/api.w.org\/{rel}","templated":true}]}}