{"id":99,"date":"2018-04-29T02:01:03","date_gmt":"2018-04-29T05:01:03","guid":{"rendered":"http:\/\/eventos.ifg.edu.br\/v-coloquio-matematica-centro-oeste\/?page_id=99"},"modified":"2018-09-05T03:23:39","modified_gmt":"2018-09-05T06:23:39","slug":"local","status":"publish","type":"page","link":"https:\/\/eventos.ifg.edu.br\/v-coloquio-matematica-centro-oeste\/local","title":{"rendered":"Local"},"content":{"rendered":"<p>[social_share style=&#8221;circle&#8221; align=&#8221;horizontal&#8221; heading_align=&#8221;inline&#8221; text=&#8221;&#8221; heading=&#8221;&#8221; facebook=&#8221;1&#8243; twitter=&#8221;1&#8243; google_plus=&#8221;1&#8243; linkedin=&#8221;1&#8243; pinterest=&#8221;1&#8243;\u00a0 whatsapp=&#8221;1&#8243; telegram=&#8221;1&#8243; link=&#8221;http:\/\/eventos.ifg.edu.br\/v-coloquio-matematica-centro-oeste\/local&#8221;\/]<\/p>\n<p class=\"aligncenter\" style=\"text-align: right;padding-left: 180px\"><a href=\"https:\/\/goo.gl\/maps\/PE9ZGFPVmHP2\"><img fetchpriority=\"high\" decoding=\"async\" class=\"aligncenter wp-image-167 size-full\" src=\"http:\/\/eventos.ifg.edu.br\/v-coloquio-matematica-centro-oeste\/wp-content\/uploads\/sites\/38\/2018\/04\/local.png\" alt=\"local\" width=\"840\" height=\"840\" \/><\/a>IMAGEM: <a href=\"https:\/\/www.google.com.br\/maps\/\" target=\"_blank\" rel=\"noopener\">Google Mapas<\/a><\/p>\n<p style=\"padding-left: 60px\"><strong>INSTITUTO FEDERAL DE EDUCA\u00c7\u00c3O, CI\u00caNCIA E TECNOLOGIA DE GOI\u00c1S &#8211; C\u00c2MPUS GOI\u00c2NIA<\/strong><br \/>\n<a href=\"https:\/\/goo.gl\/maps\/PE9ZGFPVmHP2\" target=\"_blank\" rel=\"noopener\">Rua 75, n\u00ba46. Centro. CEP: 74055-110. Goi\u00e2nia-GO.<\/a><br \/>\nFone: <a href=\"tel:+556232272700\" target=\"_blank\" rel=\"noopener\">(62) 3227-2700<\/a><br \/>\nEmail: <a href=\"mailto:dg.goiania@ifg.edu.br\" target=\"_blank\" rel=\"noopener\">dg.goiania@ifg.edu.br<\/a><br \/>\n<a href=\"http:\/\/www.ifg.edu.br\/goiania\" target=\"_blank\" rel=\"noopener\">http:\/\/www.ifg.edu.br\/goiania<\/a><\/p>\n<p>[intergeo id=&#8221;4gjM&#8221;][\/intergeo]<\/p>\n","protected":false},"excerpt":{"rendered":"<p>[social_share style=&#8221;circle&#8221; align=&#8221;horizontal&#8221; heading_align=&#8221;inline&#8221; text=&#8221;&#8221; heading=&#8221;&#8221; facebook=&#8221;1&#8243; twitter=&#8221;1&#8243; google_plus=&#8221;1&#8243; linkedin=&#8221;1&#8243; pinterest=&#8221;1&#8243;\u00a0 whatsapp=&#8221;1&#8243; telegram=&#8221;1&#8243; link=&#8221;http:\/\/eventos.ifg.edu.br\/v-coloquio-matematica-centro-oeste\/local&#8221;\/] IMAGEM: Google Mapas INSTITUTO FEDERAL DE EDUCA\u00c7\u00c3O, CI\u00caNCIA E TECNOLOGIA DE GOI\u00c1S &#8211; C\u00c2MPUS GOI\u00c2NIA Rua 75, n\u00ba46. Centro. CEP: 74055-110. Goi\u00e2nia-GO. Fone: (62) 3227-2700 Email: &hellip;<\/p>\n<p class=\"read-more\"> <a class=\"more-link\" href=\"https:\/\/eventos.ifg.edu.br\/v-coloquio-matematica-centro-oeste\/local\"> <span class=\"screen-reader-text\">Local<\/span> Read More &raquo;<\/a><\/p>\n","protected":false},"author":81,"featured_media":0,"parent":0,"menu_order":5,"comment_status":"closed","ping_status":"closed","template":"","meta":{"ngg_post_thumbnail":0,"footnotes":""},"class_list":["post-99","page","type-page","status-publish","hentry"],"_links":{"self":[{"href":"https:\/\/eventos.ifg.edu.br\/v-coloquio-matematica-centro-oeste\/wp-json\/wp\/v2\/pages\/99"}],"collection":[{"href":"https:\/\/eventos.ifg.edu.br\/v-coloquio-matematica-centro-oeste\/wp-json\/wp\/v2\/pages"}],"about":[{"href":"https:\/\/eventos.ifg.edu.br\/v-coloquio-matematica-centro-oeste\/wp-json\/wp\/v2\/types\/page"}],"author":[{"embeddable":true,"href":"https:\/\/eventos.ifg.edu.br\/v-coloquio-matematica-centro-oeste\/wp-json\/wp\/v2\/users\/81"}],"replies":[{"embeddable":true,"href":"https:\/\/eventos.ifg.edu.br\/v-coloquio-matematica-centro-oeste\/wp-json\/wp\/v2\/comments?post=99"}],"version-history":[{"count":42,"href":"https:\/\/eventos.ifg.edu.br\/v-coloquio-matematica-centro-oeste\/wp-json\/wp\/v2\/pages\/99\/revisions"}],"predecessor-version":[{"id":290,"href":"https:\/\/eventos.ifg.edu.br\/v-coloquio-matematica-centro-oeste\/wp-json\/wp\/v2\/pages\/99\/revisions\/290"}],"wp:attachment":[{"href":"https:\/\/eventos.ifg.edu.br\/v-coloquio-matematica-centro-oeste\/wp-json\/wp\/v2\/media?parent=99"}],"curies":[{"name":"wp","href":"https:\/\/api.w.org\/{rel}","templated":true}]}}