{"id":65,"date":"2018-04-26T00:44:52","date_gmt":"2018-04-26T03:44:52","guid":{"rendered":"http:\/\/eventos.ifg.edu.br\/v-coloquio-matematica-centro-oeste\/?page_id=65"},"modified":"2018-10-13T02:13:18","modified_gmt":"2018-10-13T05:13:18","slug":"inscricoes","status":"publish","type":"page","link":"https:\/\/eventos.ifg.edu.br\/v-coloquio-matematica-centro-oeste\/inscricoes","title":{"rendered":"Inscri\u00e7\u00f5es"},"content":{"rendered":"<p>[social_share style=&#8221;circle&#8221; align=&#8221;horizontal&#8221; heading_align=&#8221;inline&#8221; text=&#8221;&#8221; heading=&#8221;&#8221; facebook=&#8221;1&#8243; whatsapp=&#8221;1&#8243; telegram=&#8221;1&#8243; twitter=&#8221;1&#8243; google_plus=&#8221;1&#8243; linkedin=&#8221;1&#8243; pinterest=&#8221;1&#8243; link=&#8221;http:\/\/eventos.ifg.edu.br\/v-coloquio-matematica-centro-oeste\/inscricoes&#8221; \/]<\/p>\n<p>Inscri\u00e7\u00f5es abertas!<\/p>\n<p>Est\u00e3o abertas as inscri\u00e7\u00f5es para participar do V Col\u00f3quio de Matem\u00e1tica da Regi\u00e3o Centro-Oeste.<\/p>\n<p>As inscri\u00e7\u00f5es ser\u00e3o gratuitas e poder\u00e3o ser feitas no ender\u00e7o &lt;<a href=\"https:\/\/goo.gl\/sBRWa8\">https:\/\/goo.gl\/sBRWa8<\/a>&gt;.<\/p>\n<p>Caso o link n\u00e3o funcione entre em &lt;<a href=\"https:\/\/sugep.ifg.edu.br\/eventos\">https:\/\/sugep.ifg.edu.br\/eventos<\/a>&gt; e escolha o V Col\u00f3quio de Matem\u00e1tica da Regi\u00e3o Centro-Oeste.<\/p>\n<p>O prazo para inscri\u00e7\u00e3o no evento se encerra em 10 de novembro de 2018.<\/p>\n<p>Em breve mais informa\u00e7\u00f5es sobre a programa\u00e7\u00e3o do evento!<\/p>\n<p>Outras informa\u00e7\u00f5es no site &lt;<a href=\"http:\/\/eventos.ifg.edu.br\/v-coloquio-matematica-centro-oeste\/\">http:\/\/eventos.ifg.edu.br\/v-coloquio-matematica-centro-oeste\/<\/a>&gt; ou pelo email &lt;<a href=\"mailto:vcmco.ifg@gmail.com\">vcmco.ifg@gmail.com<\/a>&gt;.<\/p>\n","protected":false},"excerpt":{"rendered":"<p>[social_share style=&#8221;circle&#8221; align=&#8221;horizontal&#8221; heading_align=&#8221;inline&#8221; text=&#8221;&#8221; heading=&#8221;&#8221; facebook=&#8221;1&#8243; whatsapp=&#8221;1&#8243; telegram=&#8221;1&#8243; twitter=&#8221;1&#8243; google_plus=&#8221;1&#8243; linkedin=&#8221;1&#8243; pinterest=&#8221;1&#8243; link=&#8221;http:\/\/eventos.ifg.edu.br\/v-coloquio-matematica-centro-oeste\/inscricoes&#8221; \/] Inscri\u00e7\u00f5es abertas! Est\u00e3o abertas as inscri\u00e7\u00f5es para participar do V Col\u00f3quio de Matem\u00e1tica da Regi\u00e3o Centro-Oeste. As inscri\u00e7\u00f5es ser\u00e3o gratuitas e poder\u00e3o ser feitas no &hellip;<\/p>\n<p class=\"read-more\"> <a class=\"more-link\" href=\"https:\/\/eventos.ifg.edu.br\/v-coloquio-matematica-centro-oeste\/inscricoes\"> <span class=\"screen-reader-text\">Inscri\u00e7\u00f5es<\/span> Read More &raquo;<\/a><\/p>\n","protected":false},"author":81,"featured_media":0,"parent":0,"menu_order":4,"comment_status":"closed","ping_status":"closed","template":"","meta":{"ngg_post_thumbnail":0,"footnotes":""},"class_list":["post-65","page","type-page","status-publish","hentry"],"_links":{"self":[{"href":"https:\/\/eventos.ifg.edu.br\/v-coloquio-matematica-centro-oeste\/wp-json\/wp\/v2\/pages\/65"}],"collection":[{"href":"https:\/\/eventos.ifg.edu.br\/v-coloquio-matematica-centro-oeste\/wp-json\/wp\/v2\/pages"}],"about":[{"href":"https:\/\/eventos.ifg.edu.br\/v-coloquio-matematica-centro-oeste\/wp-json\/wp\/v2\/types\/page"}],"author":[{"embeddable":true,"href":"https:\/\/eventos.ifg.edu.br\/v-coloquio-matematica-centro-oeste\/wp-json\/wp\/v2\/users\/81"}],"replies":[{"embeddable":true,"href":"https:\/\/eventos.ifg.edu.br\/v-coloquio-matematica-centro-oeste\/wp-json\/wp\/v2\/comments?post=65"}],"version-history":[{"count":5,"href":"https:\/\/eventos.ifg.edu.br\/v-coloquio-matematica-centro-oeste\/wp-json\/wp\/v2\/pages\/65\/revisions"}],"predecessor-version":[{"id":330,"href":"https:\/\/eventos.ifg.edu.br\/v-coloquio-matematica-centro-oeste\/wp-json\/wp\/v2\/pages\/65\/revisions\/330"}],"wp:attachment":[{"href":"https:\/\/eventos.ifg.edu.br\/v-coloquio-matematica-centro-oeste\/wp-json\/wp\/v2\/media?parent=65"}],"curies":[{"name":"wp","href":"https:\/\/api.w.org\/{rel}","templated":true}]}}