{"id":481,"date":"2018-11-17T19:14:22","date_gmt":"2018-11-17T21:14:22","guid":{"rendered":"http:\/\/eventos.ifg.edu.br\/v-coloquio-matematica-centro-oeste\/?page_id=481"},"modified":"2018-11-23T15:25:45","modified_gmt":"2018-11-23T17:25:45","slug":"posteres","status":"publish","type":"page","link":"https:\/\/eventos.ifg.edu.br\/v-coloquio-matematica-centro-oeste\/programacao\/posteres","title":{"rendered":"P\u00f4steres"},"content":{"rendered":"<h3>[social_share style=&#8221;circle&#8221; align=&#8221;horizontal&#8221; heading_align=&#8221;inline&#8221; text=&#8221;&#8221; heading=&#8221;&#8221; facebook=&#8221;1&#8243; whatsapp=&#8221;1&#8243; telegram=&#8221;1&#8243; twitter=&#8221;1&#8243; google_plus=&#8221;1&#8243; linkedin=&#8221;1&#8243; pinterest=&#8221;1&#8243; link=&#8221;http:\/\/eventos.ifg.edu.br\/v-coloquio-matematica-centro-oeste\/posteres&#8221; \/]<\/h3>\n<p>&nbsp;<\/p>\n<h3><b> &#8212; 27\/11\/2018 &#8212; ter\u00e7a-feira &#8212; 16:30 &#8211; 17:00<br \/>\n<\/b><\/h3>\n<blockquote><p>\u2013 ATN.01 \u2013 <strong>\u201cN\u00e3o exist\u00eancia de representa\u00e7\u00e3o self-similar para Z~Z\u201d<\/strong><br \/>\nSANTOS, Tulio Marcio Gentil dos.<\/p>\n<p>\u2013 ATN.02 \u2013 <strong>\u201cNotas Sobre Ternos Pitag\u00f3ricos\u201d<\/strong><br \/>\nSILVA, Jhuly Ene Pires da.<\/p>\n<p>\u2013 ATN.03 \u2013 <strong>\u201cO teorema de Minkowski sobre reticulados\u201d<\/strong><br \/>\nMELO, Ana Paula de; CHAVES, Ana Paula.<\/p>\n<p>\u2013 ATN.04 \u2013 <strong>\u201cTeorema de Zorn e uma Aplica\u00e7\u00e3o em An\u00e9is\u201d<\/strong><br \/>\nROS\u00c1RIO, Eduardo.<\/p>\n<p>\u2013 ATN.05 \u2013 <strong>\u201cTransposi\u00e7\u00e3o de Genomas\u201d<\/strong><br \/>\nRIBEIRO, Andr\u00e9; CASTONGUAY, Diane; GOMES, Juliana; DE LIMA, Thaynara; PROEN\u00c7A, Ticianne.<\/p>\n<p>&#8212; EEM.01 \u2013 <strong>\u201cA investiga\u00e7\u00e3o matem\u00e1tica como ferramenta pedag\u00f3gica no processo de ensino e aprendizagem de geometria plana para alunos do 9\u00ba ano do Ensino Fundamental\u201d<\/strong><br \/>\nSANTOS, Osmair Carlos dos; FARIA, Elisabeth Cristina de.<\/p>\n<p>&#8212; EEM.02 \u2013 <strong>\u201cA resolu\u00e7\u00e3o de problemas numa perspectiva metodologia para alunos do 9\u00ba ano do Ensino Fundamental\u201d<\/strong><br \/>\nSANTOS, Osmair Carlos dos; SILVA, Luiz Fernando Caldeira da.<\/p>\n<p>&#8212; EEM.03 \u2013 <strong>\u201cA utiliza\u00e7\u00e3o de materiais manipul\u00e1veis no ensino de \u00e1rea de pol\u00edgonos e volume de poliedros\u201d<\/strong><br \/>\nSANTOS, Thamires Aparecida dos; CINTRA, Adriana Araujo.<\/p><\/blockquote>\n<h3><b> &#8212; 28\/11\/2018 &#8212; quarta-feira &#8212; 09:30 &#8211; 10:00<\/b><\/h3>\n<blockquote><p>\u2013 ANL.01 \u2013 <strong>\u201cAn\u00e1lise de Fun\u00e7\u00f5es Hiperb\u00f3licas e Fun\u00e7\u00f5es Hiperb\u00f3licas inversas\u201d<\/strong><br \/>\nARAUJO, Gean Caciatori.<\/p>\n<p>\u2013 ANL.02 \u2013 <strong>\u201cMoving Planes method\u201d<\/strong><br \/>\nREND\u00d3N, Fiorella.<\/p>\n<p>\u2013 ANL.03 \u2013 <strong>\u201cTransformada de Fourier\u201d<\/strong><br \/>\nGON\u00c7ALVES, Gabriela Ferreira.<\/p>\n<p>\u2013 ANL.04 \u2013 <strong>\u201cUma breve introdu\u00e7\u00e3o ao C\u00e1lculo Qu\u00e2ntico\u201d<\/strong><br \/>\nOliveira, Mirelly Nascimento.<\/p>\n<p>&#8212; EEM.04 \u2013 <strong>\u201cAlfabetiza\u00e7\u00e3o Matem\u00e1tica nos Anos Iniciais: uma Proposta Interdisciplinar\u201d<\/strong><br \/>\nRAMOS, Dan\u00fabia Carvalho de Freitas; GOMES, Adriana Aparecida Molina.<\/p>\n<p>&#8212; EEM.05 \u2013 <strong>\u201cAprendendo An\u00e1lise Combinat\u00f3ria e Probabilidade Atrav\u00e9s de Jogos\u201d<\/strong><br \/>\nSANTOS, Raylla Rodrigues dos; GOULART, Grace Kelly Souza Carmo.<\/p>\n<p>&#8212; EEM.06 \u2013 <strong>\u201cO Ensino da Matem\u00e1tica Pode Ser Atrativo aos Estudantes?\u201d<\/strong><br \/>\nBORGES, Paulo Augusto Caixeta; SOARES, J. B.; CAMPOS, Y. A.; CAMPOS, Y. A.; BRAGA, B. M. A.; LIMA, E. O.<\/p>\n<p>\u2013 GEO.01 \u2013 <strong>\u201cSuperf\u00edcies Weingarten Generalizada Associadas a uma Aplica\u00e7\u00e3o Harm\u00f4nica Santos\u201d<\/strong><br \/>\nPEREIRA, Laredo Rennan.<\/p><\/blockquote>\n<h3><b> &#8212; 29\/11\/2018 &#8212; quinta-feira &#8212; 16:30 &#8211; 17:00<\/b><\/h3>\n<blockquote><p>\u2013&nbsp;EEM.07 \u2013 <strong>\u201cO Jogo no Ensino &#8211; Aprendizagem das Quatro Opera\u00e7\u00f5es B\u00e1sicas\u201d<\/strong><br \/>\nFERREIRA, \u00c1quila Cassimiro; GOUVEIA, Relicler Pardim.<\/p>\n<p>\u2013&nbsp;EEM.08 \u2013 <strong>\u201cUm Estudo dos Erros dos Alunos do 3\u00ba Ano do Ensino M\u00e9dio ao Estudar Fun\u00e7\u00f5es\u201d<\/strong><br \/>\nSILVA, Talita Leane Oliveira; GOUVEIA, Relicler Pardim.<\/p>\n<p>\u2013&nbsp;EEM.09 \u2013 <strong>\u201cUma Proposta para Uso do Excel como Ferramenta de Ensino na Aplica\u00e7\u00e3o de Matrizes\u201d<\/strong><br \/>\nCOSTA, George Fontenelle; SANTOS, Marcelo Fernandez; CASTRO, Ubirajara Jos\u00e9 Gama; OLIVEIRA, Adriano Jos\u00e9 de.<\/p>\n<p>\u2013&nbsp;EEM.10 \u2013&nbsp;<strong>\u201cVamos cozinhar e aprender matem\u00e1tica com poesia?\u201d<\/strong><br \/>\nOLIVEIRA, Denise Soares.<\/p>\n<p>\u2013&nbsp;EEM.11 \u2013&nbsp;<strong>\u201cO Estudo de Derivadas e suas Aplica\u00e7\u00f5es\u201d<\/strong><br \/>\nMACHADO, Jaqueline Carvalho; LIMA, Mylena Pasqu\u00eawitti.<\/p>\n<p>\u2013 PES.01 \u2013 <strong>\u201cDecaimento de Correla\u00e7\u00f5es no Modelo de Ising com Campo Aleat\u00f3rio sobre uma Rede Poligonal\u201d<\/strong><br \/>\nJAMER, I. Roldan Gonzales.<\/p>\n<p>\u2013 PES.02 \u2013 <strong>\u201cUtiliza\u00e7\u00e3o de Conceitos de Ci\u00eancia de Dados para An\u00e1lise Estat\u00edstica de Dados sobre Barragens de Minas Gerais, Brasil\u201d<\/strong><br \/>\nPEREIRA, S\u00e1vio Aparecido dos Santos; BARROS, Iury Costa.<\/p>\n<p>\u2013 SDN.01 \u2013 <strong>\u201cClassifica\u00e7\u00e3o de singularidades de campos vetoriais em duas zonas equivariantes\u201d<\/strong><br \/>\nCASTRO, Ubirajara; MEDRADO, Jo\u00e3o Carlos.<\/p>\n<p>\u2013 SDN.02 \u2013 <strong>\u201cFormas Normais para Sistemas Lineares Costurantes\u201d<\/strong><br \/>\nC\u00c2NDIDO, Let\u00edcia Souza; ANDRADE, Kamila da Silva.<\/p>\n<p>\u2013 SDN.03 \u2013 <strong>\u201cSistemas Hamiltonianos Refrativos\u201d<\/strong><br \/>\nSOUZA, Wender Jos\u00e9 de.<\/p><\/blockquote>\n","protected":false},"excerpt":{"rendered":"<p>[social_share style=&#8221;circle&#8221; align=&#8221;horizontal&#8221; heading_align=&#8221;inline&#8221; text=&#8221;&#8221; heading=&#8221;&#8221; facebook=&#8221;1&#8243; whatsapp=&#8221;1&#8243; telegram=&#8221;1&#8243; twitter=&#8221;1&#8243; google_plus=&#8221;1&#8243; linkedin=&#8221;1&#8243; pinterest=&#8221;1&#8243; link=&#8221;http:\/\/eventos.ifg.edu.br\/v-coloquio-matematica-centro-oeste\/posteres&#8221; \/] &nbsp; &#8212; 27\/11\/2018 &#8212; ter\u00e7a-feira &#8212; 16:30 &#8211; 17:00 \u2013 ATN.01 \u2013 \u201cN\u00e3o exist\u00eancia de representa\u00e7\u00e3o self-similar para Z~Z\u201d SANTOS, Tulio Marcio Gentil dos. \u2013 &hellip;<\/p>\n<p class=\"read-more\"> <a class=\"more-link\" href=\"https:\/\/eventos.ifg.edu.br\/v-coloquio-matematica-centro-oeste\/programacao\/posteres\"> <span class=\"screen-reader-text\">P\u00f4steres<\/span> Read More &raquo;<\/a><\/p>\n","protected":false},"author":81,"featured_media":0,"parent":276,"menu_order":5,"comment_status":"closed","ping_status":"closed","template":"","meta":{"ngg_post_thumbnail":0,"footnotes":""},"class_list":["post-481","page","type-page","status-publish","hentry"],"_links":{"self":[{"href":"https:\/\/eventos.ifg.edu.br\/v-coloquio-matematica-centro-oeste\/wp-json\/wp\/v2\/pages\/481"}],"collection":[{"href":"https:\/\/eventos.ifg.edu.br\/v-coloquio-matematica-centro-oeste\/wp-json\/wp\/v2\/pages"}],"about":[{"href":"https:\/\/eventos.ifg.edu.br\/v-coloquio-matematica-centro-oeste\/wp-json\/wp\/v2\/types\/page"}],"author":[{"embeddable":true,"href":"https:\/\/eventos.ifg.edu.br\/v-coloquio-matematica-centro-oeste\/wp-json\/wp\/v2\/users\/81"}],"replies":[{"embeddable":true,"href":"https:\/\/eventos.ifg.edu.br\/v-coloquio-matematica-centro-oeste\/wp-json\/wp\/v2\/comments?post=481"}],"version-history":[{"count":17,"href":"https:\/\/eventos.ifg.edu.br\/v-coloquio-matematica-centro-oeste\/wp-json\/wp\/v2\/pages\/481\/revisions"}],"predecessor-version":[{"id":551,"href":"https:\/\/eventos.ifg.edu.br\/v-coloquio-matematica-centro-oeste\/wp-json\/wp\/v2\/pages\/481\/revisions\/551"}],"up":[{"embeddable":true,"href":"https:\/\/eventos.ifg.edu.br\/v-coloquio-matematica-centro-oeste\/wp-json\/wp\/v2\/pages\/276"}],"wp:attachment":[{"href":"https:\/\/eventos.ifg.edu.br\/v-coloquio-matematica-centro-oeste\/wp-json\/wp\/v2\/media?parent=481"}],"curies":[{"name":"wp","href":"https:\/\/api.w.org\/{rel}","templated":true}]}}