{"id":417,"date":"2018-11-17T13:18:23","date_gmt":"2018-11-17T15:18:23","guid":{"rendered":"http:\/\/eventos.ifg.edu.br\/v-coloquio-matematica-centro-oeste\/?page_id=417"},"modified":"2018-11-22T09:57:57","modified_gmt":"2018-11-22T11:57:57","slug":"sessoes-tecnicas","status":"publish","type":"page","link":"https:\/\/eventos.ifg.edu.br\/v-coloquio-matematica-centro-oeste\/programacao\/sessoes-tecnicas","title":{"rendered":"Sess\u00f5es T\u00e9cnicas"},"content":{"rendered":"<p>[social_share style=&#8221;circle&#8221; align=&#8221;horizontal&#8221; heading_align=&#8221;inline&#8221; text=&#8221;&#8221; heading=&#8221;&#8221; facebook=&#8221;1&#8243; whatsapp=&#8221;1&#8243; telegram=&#8221;1&#8243; twitter=&#8221;1&#8243; google_plus=&#8221;1&#8243; linkedin=&#8221;1&#8243; pinterest=&#8221;1&#8243; link=&#8221;http:\/\/eventos.ifg.edu.br\/v-coloquio-matematica-centro-oeste\/sessoes-tecnicas&#8221; \/]<\/p>\n<h3>ATN &#8211; \u00c1lgebra e Teoria do N\u00fameros<\/h3>\n<h4>&#8212; Coordenadores: <a href=\"http:\/\/lattes.cnpq.br\/4671065661357559\">Jos\u00e9 Eder Salvador de Vasconcelos<\/a> (IFG) e <a href=\"http:\/\/lattes.cnpq.br\/5154082262879445\">Thiago Porto de Almeida Freitas<\/a> (UFCat)<\/h4>\n<blockquote><p><b>26\/11\/2018 &#8212; segunda-feira<\/b><\/p>\n<p>&#8212; 17:00 &#8211; 17:10 &#8212; <strong>&#8220;Uma Pequena Introdu\u00e7\u00e3o aos Grupos de Fibonacci&#8221;<\/strong><br \/>\nTOLEDO, Anna Carolina Gomes; DIAS, Ivonildes Ribeiro Martins.<\/p>\n<p>&#8212; 17:13 &#8211; 17:23 &#8212; <strong>&#8220;Uma abordagem alg\u00e9brica do polin\u00f4mio de Gauss&#8221;<\/strong><br \/>\nTRAVASSOS, Mariana Fabiane Garcia; CRAVEIRO, Irene Magalh\u00e3es.<\/p>\n<p>&#8212; 17:25 &#8211; 17:35 &#8212; <strong>&#8220;Parti\u00e7\u00f5es de Inteiros positivos e Tipo C\u00edclicos de Permuta\u00e7\u00f5es&#8221;<\/strong><br \/>\nPINHEIRO, Gabriel de Freitas; CRAVEIRO, Irene Magalh\u00e3es.<\/p>\n<p>&#8212; 17:38 &#8211; 17:48 &#8212; <strong>&#8220;S\u00e9ries de pot\u00eancias generalizadas e Transs\u00e9ries&#8221;<\/strong><br \/>\nMUNOZ HERRERA, Nicol\u00e1s Fitzgerald; LOPEZ NEUMANN, Victor Gonzalo; CARRILLO TORRES, Sergio Alejandro.<\/p>\n<p>&#8212; 17:50 &#8211; 18:00 &#8212; <strong>&#8220;Sobre Fun\u00e7\u00f5es Inteiras Transcendentes que Levam Racionais em Racionais&#8221;<\/strong><br \/>\nSILVA, Elaine.<\/p>\n<p>&#8212; 18:03 &#8211; 18:13 &#8212; <strong>&#8220;Um Estudo sobre \u00c1lgebras Associadas a alguns Grafos Orientados em N\u00edveis&#8221;<\/strong><br \/>\nDIRINO, Kariny; CALDEIRA, Jhone.<\/p>\n<p>&#8212; 18:15 &#8211; 18:25 &#8212; <strong>&#8220;A\u00e7\u00f5es de Grupos de Automorfismos sobre Grupos Finitos&#8221;<\/strong><br \/>\nCALDEIRA, Jhone.<\/p><\/blockquote>\n<h3>ANL &#8211; An\u00e1lise<\/h3>\n<h4>&#8212; Coordenador: <a href=\"http:\/\/lattes.cnpq.br\/6413790814030608\">Abiel Costa Macedo<\/a> (UFG)<\/h4>\n<blockquote><p><b>30\/11\/2018 &#8212; sexta-feira<\/b><\/p>\n<p>&#8212; 11:00 &#8211; 11:13 &#8212; <strong>\u201cExist\u00eancia e Unicidade de solu\u00e7\u00e3o para um modelo de combust\u00e3o em meios porosos com n camadas\u201d<\/strong><br \/>\nBATISTA, Marcos Roberto.<\/p>\n<p>&#8212; 11:15 &#8211; 11:28 &#8212; <strong>\u201cProblemas quasilinear do tipo Ambrosetti-Prodi com condi\u00e7\u00e3o de Dirichlet na fronteira\u201d<\/strong><br \/>\nNASCIMENTO, Mois\u00e9s Aparecido do.<\/p>\n<p>&#8212; 11:30 &#8211; 11:43 &#8212; <strong>\u201cSolvabilidade e Estabilidade Exponencial Para Um Sistema Acoplado: Leis de Cattaneo Versus Fourier\u201d<\/strong><br \/>\nLOBAT, Renato Fabr\u00edcio Costa.<\/p>\n<p>&#8212; 11:45 &#8211; 11:58 &#8212; <strong>\u201cThe Radiative Transfer Equation in the Forward-Peaked Regime on the Half-Space\u201d<\/strong><br \/>\nCUBA HUAMANI, Edison Fausto.<\/p>\n<p>&#8212; 14:00 &#8211; 14:13 &#8212; <strong>\u201cUm Estudo sobre o Comportamento dos Autovalores de Operadores de Schro\u0308dinger ap\u00f3s Perturba\u00e7\u00f5es\u201d<\/strong><br \/>\nBAZ\u00c3O, Vanderl\u00e9a Rodrigues.<\/p>\n<p>&#8212; 14:15 &#8211; 14:28 &#8212; <strong>\u201cNehari manifold method applied to a Hamiltonian system\u201d<\/strong><br \/>\nMORENO, Steffanio S. Silva.<\/p>\n<p>&#8212; 14:30 &#8211; 14:43 &#8212; <strong>\u201cUma Prova Anal\u00edtica para a Desigualdade Isoperim\u00e9trica no Espa\u00e7o Euclidiano\u201d<\/strong><br \/>\nROCHA, F\u00e1bio Sodr\u00e9.<\/p>\n<p>&#8212; 14:45 &#8211; 14:58 &#8212; <strong>\u201cQuasilinear Schr\u00f6dinger Equations with Nonlinearities Interacting with High Eigenvalues\u201d<\/strong><br \/>\nSILVA, Jefferson dos Santos.<\/p>\n<p>&#8212; 15:00 &#8211; 15:13 &#8212; <strong>\u201cExist\u00eancia de Solu\u00e7\u00e3o (fraca) para um Problema de Dirichlet\u201d<\/strong><br \/>\nOLIVEIRA, Jefferson Luis Arruda.<\/p><\/blockquote>\n<h3>GEO &#8211; Geometria<\/h3>\n<h4>&#8212; Coordenadores: <a href=\"http:\/\/lattes.cnpq.br\/2675728978857991\">Romildo da Silva Pina<\/a> (UFG) e <a href=\"http:\/\/lattes.cnpq.br\/2248032189335187\">Mauricio Donizetti Pieterzack<\/a> (UFG)<\/h4>\n<blockquote><p><b>26\/11\/2018 &#8212; segunda-feira<\/b><br \/>\n&#8212; 17:00 &#8211; 17:30 &#8212; <strong>\u201cO Fluxo de Curvatura M\u00e9dia por Hipersuperf\u00edcies Paralelas\u201d<\/strong><br \/>\nREIS, Hiuri.<\/p>\n<p>&#8212; 17:30 &#8211; 18:00 &#8212; <strong>\u201cA fronteira de um Buraco Negro\u201d<\/strong><br \/>\nLEANDRO NETO, Benedito.<\/p>\n<p>&#8212; 18:00 &#8211; 18:30 &#8212;<strong> \u201cSubvariedades com curvatura m\u00e9dia constante em Hn+1(-1) e tipo-espa\u00e7o em Mn+11 (c)\u201d<\/strong><br \/>\nPINA, Hudson de Oliveira.<\/p>\n<p><b>27\/11\/2018 &#8212; ter\u00e7a-feira<\/b><br \/>\n&nbsp;&#8212; 11:00 &#8211; 11:30 &#8212; <strong>\u201cVariedade de Einstein com estrutura de produto torcido\u201d<\/strong><br \/>\nBEZERRA, Tatiana Pires Fleury.<\/p>\n<p>&#8212; 11:30 &#8211; 12:00 &#8212; <strong>&#8220;Curvatura m\u00e9dia e curvatura Gaussiana da superf\u00edcie Bi-Harm\u00f4nica tipo gr\u00e1fico\u201d<\/strong><br \/>\nARAUJO, Raquel.<\/p>\n<p><b>28\/11\/2018 &#8212; quarta-feira<\/b><br \/>\n&#8212; 11:00 &#8211; 11:30 &#8212; <strong>\u201cRepresenta\u00e7\u00e3o de Enneper para superf\u00edcie m\u00ednima no espa\u00e7o de Lorentz-Minkowski tridimensional\u201d<\/strong><br \/>\nCINTRA, Adriana Araujo.<\/p>\n<p>&#8212; 11:30 &#8211; 12:00 &#8212; <strong>\u201cDesigualdade de Caarelli-Kohn-Nirenberg em espa\u00e7os m\u00e9tricos\u201d<\/strong><br \/>\nTOKURA, Willian Isao.<\/p>\n<p><b>29\/11\/2018 &#8212; quinta-feira<\/b><br \/>\n&#8212; 17:00 &#8211; 17:30 &#8212; <strong>\u201cRigidity Theorems for Space-Like Surfaces With constant mean curvature in a Lorentzian 3-space\u201d<\/strong><br \/>\nBEZERRA, Adriano C.<\/p>\n<p>&#8212; 17:30 &#8211; 18:00 &#8212; <strong>\u201cGeod\u00e9sicas em superf\u00edcies m\u00ednimas\u201d<\/strong><br \/>\nCORO, Armando M. V.<\/p>\n<p>&#8212; 18:00 &#8211; 18:30 &#8212; <strong>\u201cSuperf\u00edcie de Dupin isot\u00e9rmica no 3-espa\u00e7o Pseudo-Euclidiano\u201d<\/strong><br \/>\nFERRO, Marcelo Lopes.<\/p>\n<p><b>30\/11\/2018 &#8212; sexta-feira<\/b><\/p>\n<p>&#8212; 11:00 &#8211; 11:30 &#8212; <strong>\u201cSuperf\u00edcies de rota\u00e7\u00e3o em espa\u00e7os conformemente flat\u201d<\/strong><br \/>\nLOUSA, Robson.<\/p>\n<p>&#8212; 11:30 &#8211; 12:00 &#8212; <strong>\u201cSolu\u00e7\u00f5es Sim\u00e9tricas a Equa\u00e7\u00e3o de Campos de Einstein\u201d<\/strong><br \/>\nBARBOZA, Marcelo.<\/p>\n<p>&#8212; 14:00 &#8211; 14:30 &#8212; <strong>\u201cHelicoidal minimal surfaces in a Class of conformally at 3-spaces\u201d<\/strong><br \/>\nSOUZA, Marcelo Almeida de.<\/p>\n<p>&#8212; 14:30 &#8211; 15:00 &#8212; <strong>\u201cHipersuperf\u00edcies Weingarten de Tipo Esf\u00e9rico no Espaco Euclidiano\u201d<\/strong><br \/>\nMACHADO, Cid Dias Ferraz.<\/p>\n<p>&#8212; 15:00 &#8211; 15:30 &#8212; <strong>\u201cProdutos Torcidos Quasi-Einstein\u201d<\/strong><br \/>\nBONFIM, Paula Goncalves Correia.<br \/>\n&nbsp;<\/p><\/blockquote>\n<h3>EEM &#8211; Ensino e Educa\u00e7\u00e3o Matem\u00e1tica<\/h3>\n<h4>SALA 01 &#8212; Coordenador: <a href=\"http:\/\/lattes.cnpq.br\/2055261061681261\">Nilton C\u00e9zar&nbsp;Ferreira<\/a>&nbsp;(IFG)<\/h4>\n<blockquote><p><b>26\/11\/2018 &#8212; segunda-feira<\/b><\/p>\n<p>&#8212; 17:00 &#8211; 17:10 &#8212; <strong>&#8220;Sistema de N\u00fameros Reais: Intui\u00e7\u00e3o ou rigor?&#8221;<\/strong><br \/>\nMAGOSSI, Jos\u00e9 Carlos.<\/p>\n<p>&#8212; 17:13 &#8211; 17:23 &#8212; <strong>&#8220;Est\u00e1gio Supervisionado na Forma\u00e7\u00e3o de Professores de Matem\u00e1tica: Um Olhar a Partir das Pesquisas Acad\u00eamicas Brasileiras na Regi\u00e3o Centro-Oeste (2001- 2012)&#8221;<\/strong><br \/>\nLEMES, \u00c1lefe Oliveira; BARROS, Roseli Arau\u0301jo.<\/p>\n<p>&#8212; 17:25 &#8211; 17:35 &#8212; <strong>&#8220;Laborat\u00f3rio de Ensino de Matem\u00e1tica do Araguaia: uma proposta de forma\u00e7\u00e3o acad\u00eamica e pedag\u00f3gica no curso de licenciatura&#8221;<\/strong><br \/>\nPEIXOTO, Denise Garcia Kozlowski; SOUZA, Ruan Lion Costa de; HEREDIA, Manolo Rodriguez.<\/p>\n<p>&#8212; 17:38 &#8211; 17:48 &#8212; <strong>&#8220;A matem\u00e1tica cr\u00edtica como ferramenta democr\u00e1tica e solu\u00e7\u00e3o para os d\u00e9ficits educacionais atuais&#8221;<\/strong><br \/>\nDAMACENA, Ana Paula Moreira Fonseca Souza.<\/p>\n<p>&#8212; 17:50 &#8211; 18:00 &#8212; <strong>&#8220;Avalia\u00e7\u00e3o do n\u00edvel de interesse dos alunos quando a hist\u00f3ria da matem\u00e1tica \u00e9 inserida no conte\u00fado do 1\u00ba ano do ensino m\u00e9dio&#8221;<\/strong><br \/>\nNETO, Jo\u00e3o Joaquim da Silva; SANTOS, Gabriel Eduardo Carvalho dos; LEMOS, M\u00e1rcia Silveira.<\/p>\n<p>&#8212; 18:03 &#8211; 18:13 &#8212; <strong>&#8220;Aplicac\u0327a\u0303o de Jogos em sala de Aula&#8221;<\/strong><br \/>\nCRUCIEL, Maryelle do Carmo; LOPES, Hingrid Joana de Oliveira; TEIXEIRA, Agda Lovato.<\/p>\n<p>&#8212; 18:15 &#8211; 18:25 &#8212; <strong>&#8220;O Uso de Jogos no Aprendizado da Tabuada&#8221;<\/strong><br \/>\nLOPES; Hingrid Joana de Oliveira; CRUCIEL, Maryelle do Carmo; DUTRA, Vinicius Vieira da Silva; TEIXEIRA, Agda Lovato.<\/p><\/blockquote>\n<h4>SALA 02 &#8212; Coordenador:&nbsp;<a href=\"http:\/\/lattes.cnpq.br\/4736043944821771\">Maxwell Gon\u00e7alves Ara\u00fajo<\/a> (IFG)<\/h4>\n<blockquote><p><b>26\/11\/2018 &#8212; segunda-feira<\/b><\/p>\n<p>&#8212; 17:00 &#8211; 17:10 &#8212;&nbsp;<strong>&#8220;Educa\u00e7\u00e3o para Alunos Surdos no Ensino Superior: Uma Experi\u00eancia no IFTO \u2013 Campus Gurupi&#8221;<\/strong><br \/>\nALVES, Bruno Coelho; ALBUQUERQUE, Suelene Soares Carvalho de; CARVALHO, Saturnina Soares de.<\/p>\n<p>&#8212; 17:13 &#8211; 17:23 &#8212;&nbsp;<strong>&#8220;O Di\u00e1logo e a Dialogicidade como Media\u00e7\u00e3o Pedag\u00f3gica para a Educa\u00e7\u00e3o Matem\u00e1tica no Ensino a Dist\u00e2ncia&#8221;<\/strong><br \/>\nSILVA, Cristiano Pereira.<\/p>\n<p>&#8212; 17:25 &#8211; 17:35 &#8212;&nbsp;<strong>&#8220;Utilizando Materiais Manipul\u00e1veis no Estudo do Teorema de Tales e do Teorema de Pit\u00e1goras&#8221;<\/strong><br \/>\nAMORIM, Virg\u00ednia de Assis.<\/p>\n<p>&#8212; 17:38 &#8211; 17:48 &#8212;&nbsp;<strong>&#8220;Implanta\u00e7\u00e3o do PIBID e as contribui\u00e7\u00f5es observadas em Santana do Araguaia &#8211; PA&#8221;<\/strong><br \/>\nSOUZA, Ruan Lion Costa de; PEIXOTO, Denise Garcia Kozlowski; CASTRO, Cecilia Orellana.<\/p>\n<p>&#8212; 17:50 &#8211; 18:00 &#8212;&nbsp;<strong>&#8220;Um Geogebrabook como Ferramenta Facilitadora para o Ensino e Aprendizagem de \u00c1lgebra Vetorial&#8221;<\/strong><br \/>\nRAMOS, Manoel Wallace Alves; CARVALHO, Suelen Lima; BARROS, Rafael Jos e Alves do Rego.<\/p>\n<p>&#8212; 18:03 &#8211; 18:13 &#8212;&nbsp;<strong>&#8220;Estudo dos Prismas em Equipe: Uma proposta de ensino a partir da Metodologia Baseada em Equipe \u2013 TBL (Team-Based Learning)&#8221;<\/strong><br \/>\nZULIANELO, Vagner.<\/p>\n<p>&#8212; 18:15 &#8211; 18:25 &#8212;&nbsp;<strong>&#8220;Investiga\u00e7\u00e3o Matem\u00e1tica com GeoGebra e uma Propriedade dos Paralelogramos&#8221;<\/strong><br \/>\nJUNIOR, Eduardo Eug\u00eanio Rodrigues; ARCANJO, Yago Cezar Souza; SOUZA, Uender Barbosa de.<\/p><\/blockquote>\n<h4>SALA 03 &#8212; Coordenador:&nbsp; <a href=\"http:\/\/lattes.cnpq.br\/2418951329099161\">Iran Martins do Carmo<\/a> (IFG)<\/h4>\n<blockquote><p><b>29\/11\/2018 &#8212; quinta-feira<\/b><br \/>\n&#8212; 17:00 &#8211; 17:10 &#8212;&nbsp;<strong>&#8220;Personaliza\u00e7\u00e3o do Ensino de Matem\u00e1tica na Perspectiva do Ensino H\u00edbrido&#8221;<\/strong><br \/>\nXOTESLEM, Wesley Vieira; SANTOS, Cleiton Rodrigues dos.<\/p>\n<p>&#8212; 17:13 &#8211; 17:23 &#8212;&nbsp;<strong>&#8220;Um Relato de Experi\u00eancia na Educa\u00e7\u00e3o B\u00e1sica: Os Benef\u00edcios do Pensamento Computacional na Matem\u00e1tica&#8221;<\/strong><br \/>\nGOULART, Maria Luiza F.; SOUZA, Daniella S. M.; GUARDA, Graziela Ferreira.<\/p>\n<p>&#8212; 17:25 &#8211; 17:35 &#8212;&nbsp;<strong>&#8220;O conceito de Integrais nos cursos de C\u00e1lculo&#8221;<\/strong><br \/>\nMAGOSSI, Jos\u00e9 Carlos; BARROS, Antonio Cesar da Costa.<\/p>\n<p>&#8212; 17:38 &#8211; 17:48 &#8212;&nbsp;<strong>&#8220;Orienta\u00e7\u00f5es pedag\u00f3gicas nas teses e disserta\u00e7\u00f5es sobre o ensino de geometria plana do ensino m\u00e9dio com softwares de geometria din\u00e2mica: Estado do conhecimento no per\u00edodo de 1987 a 2018&#8221;<\/strong><br \/>\nOLIVEIRA, Juliane da Cruz; MORAES, Moema Gomes.<\/p>\n<p>&#8212; 17:50 &#8211; 18:00 &#8212;&nbsp;<strong>&#8220;Constru\u00e7\u00e3o de Fractais com GeoGebra&#8221;<\/strong><br \/>\nARA\u00daJO, Maxwell Gon\u00e7alves; SOUZA, Uender Barbosa de.<\/p>\n<p>&#8212; 18:03 &#8211; 18:13 &#8212;&nbsp;<strong>&#8220;Projeto de Extens\u00e3o Monitor Camarada: Contribui\u00e7\u00f5es na forma\u00e7\u00e3o acad\u00eamica e profissional docente&#8221;<\/strong><br \/>\nGOMES, Raquel Sousa; MACHADO, Jaqueline Borges; COSTA, Bianca da Silva; OLIVEIRA, Claudimary Moreira de.<\/p>\n<p>&#8212; 18:15 &#8211; 18:25 &#8212;&nbsp;<strong>&#8220;Matem\u00e1tica nas pra\u00e7as: oficina &#8216;Pipa Tetra\u00e9drica'&#8221;<\/strong><br \/>\nDUTRA, Vin\u00edcius Vieira da Silva; BATISTA, Rosana Santos Gon\u00e7alves; MOTA, Eliane Fonseca Campos.<\/p><\/blockquote>\n<h4>SALA 04 &#8212; Coordenador:&nbsp;<a href=\"http:\/\/lattes.cnpq.br\/1814694796457722\">Uender Barbosa de Souza<\/a> (IFG)<\/h4>\n<blockquote><p><b>29\/11\/2018 &#8212;&nbsp;quinta-feira<\/b><br \/>\n&#8212; 17:00 &#8211; 17:10 &#8212;&nbsp;<strong>&#8220;Aplica\u00e7\u00e3o do Qr Code na Educa\u00e7\u00e3o B\u00e1sica&#8221;<\/strong><br \/>\nOLIVEIRA, Gustavo de Sousa; KLOPSCH, Cristiane.<\/p>\n<p>&#8212; 17:13 &#8211; 17:23 &#8212;&nbsp;<strong>&#8220;Investiga\u00e7\u00e3o Matem\u00e1tica com GeoGebra e uma Propriedade dos Quadril\u00e1teros&#8221;<\/strong><br \/>\nGON\u00c7ALVES, Vinicius A. L.; ADOLFO, Ana Carolina S.; SILVA, J\u00e9ssica V. da; SOUZA, Uender B..<\/p>\n<p>&#8212; 17:25 &#8211; 17:35 &#8212;&nbsp;<strong>&#8220;Investiga\u00e7\u00e3o Matem\u00e1tica com GeoGebra Sobre Raz\u00f5es Entre \u00c1reas&#8221;<\/strong><br \/>\nSOUZA, Igor R. de; MEDEIROS, Isabella N.; SOUZA, Sarah C. A. de; SOUZA, Uender Barbosa de.<\/p>\n<p>&#8212; 17:38 &#8211; 17:48 &#8212;&nbsp;<strong>&#8220;Uso do Software GeoGebra e Modelagem Matem\u00e1tica no Ensino de Fun\u00e7\u00f5es&#8221;<\/strong><br \/>\nSILVA, Gecirlei Francisco da; JUNIOR, Airton Wagner de Souza.<\/p>\n<p>&#8212; 17:50 &#8211; 18:00 &#8212;&nbsp;<strong>&#8220;Desenvolvimento de jogos digitais: o uso do Scratch como ferramenta de ensino de matem\u00e1tica&#8221;<\/strong><br \/>\nCUNHA, Jhonny Nunes; MIYASAKI, Rodrigo.<\/p>\n<p>&#8212; 18:03 &#8211; 18:13 &#8212;&nbsp;<strong>&#8220;A Matem\u00e1tica dos C\u00f3digos de Barras&#8221;<\/strong><br \/>\nLEMES, Murilo Barboza; PEREIRA, Rana Chiwla; OLIVEIRA, Saulo Henrique de.<\/p>\n<p>&#8212; 18:15 &#8211; 18:25 &#8212;&nbsp;<strong>&#8220;Contribui\u00e7\u00e3o da inform\u00e1tica para a forma\u00e7\u00e3o matem\u00e1tica&#8221;<\/strong><br \/>\nSOUZA, Ruan Lion Costa de; CASTRO, Cecilia Orellana.<\/p><\/blockquote>\n<h3>&nbsp;MAP &#8211; Matem\u00e1tica Aplicada<\/h3>\n<h4>&#8212; Coordenadoras: <a href=\"http:\/\/lattes.cnpq.br\/3324489027928883\">Thaynara Arielly de Lima<\/a> (UFG) e <a href=\"http:\/\/lattes.cnpq.br\/6219440124523685\">K\u00e9lem Gomes Louren\u00e7o<\/a> (UFG)<\/h4>\n<blockquote><p><b>29\/11\/2018 &#8212; quinta-feira<\/b><\/p>\n<p>&#8212; 17:00 &#8211; 17:15 &#8212; <strong>\u201cAn\u00e1lise de Resposta de Vibra\u00e7\u00e3o Livre de um Sistema com Amortecimento Viscoso\u201d<\/strong><br \/>\nFREIRIA, Leonardo Martins; ROSA, Renan Garcia; SILVA, Camila Pereira da; GONC\u0327ALVES, Daniel Resende; MOURA JR, Jose\u0301 dos Reis Vieira de.<\/p>\n<p>&#8212; 17:20 &#8211; 17:35 &#8212; <strong>\u201cAplica\u00e7\u00e3o do M\u00e9todo das Diferen\u00e7as Finitas na Solu\u00e7\u00e3o da Equa\u00e7\u00e3o KdV\u201d<\/strong><br \/>\nLIMA, R\u00f4mulo Correa.<\/p>\n<p>&#8212; 17:40 &#8211; 17:55 &#8212; <strong>\u201cCadeias de Markov Associadas ao Monitoramento de Integridade Estrutural Baseado em Imped\u00e2ncia\u201d<\/strong><br \/>\nBENTO, Jo\u00e3o Paulo Moreira; BARELLA, Bruno Pereira; REZENDE, Stanley Washington Ferreira; MOURA JR, Jos\u00e9 dos Reis Vieira.<\/p>\n<p>&#8212; 18:00 &#8211; 18:15 &#8212; <strong>\u201cCaminhos Reticulados e os N\u00fameros de Catalan\u201d<\/strong><br \/>\nTEIXEIRA, Marcia Aparecida Garcia; CRAVEIRO, Irene Magalh\u00e3es.<\/p>\n<p>&#8212; 18:20 &#8211; 18:35 &#8212; <strong>\u201cEqua\u00e7\u00e3o de Richards Fracion\u00e1ria\u201d<\/strong><br \/>\nXAVIER, Ynam Fernando Fernandes; MACHADO, Luciana Bertholdi; FAGUNDES, Min\u00e9ia Cappellari; SOARES, Junior Cesar Alves.<\/p>\n<p><b>30\/11\/2018 &#8212; sexta-feira<\/b><\/p>\n<p>&#8212; 14:00 &#8211; 14:15 &#8212; <strong>\u201cN\u00fameros de Stirling do Primeiro tipo\u201d<\/strong><br \/>\nSILVA, Naiguiel Alventino; CRAVEIRO, Irene Magalh\u00e3es.<\/p>\n<p>&#8212; 14:20 &#8211; 14:35 &#8212; <strong>\u201cSolu\u00e7\u00e3o da Deflex\u00e3o de uma Viga Biapoiada usando o m\u00e9todo de Shooting Linear\u201c<\/strong><br \/>\nSILVA, Camila Pereira da; ROSA, Renan Garcia; GON\u00c7ALVES, Daniel Resende; FREIRIA, Leonardo Martins; MOURA JR, Jos\u00e9 dos Reis Vieira de.<\/p>\n<p>&#8212; 14:40 &#8211; 14:55 &#8212; <strong>\u201cTeoria da Informa\u00e7\u00e3o: An\u00e1lise f\u00edsica-matem\u00e1tica do processamento de sinais para a recupera\u00e7\u00e3o do sinal emitido pelo teorema de amostragem de Nyquist e sua interpreta\u00e7\u00e3o f\u00edsica\u201d<\/strong><br \/>\nFRANCO, Ivan de Oliveira; LIMA, Leandro Bezerra de.<\/p>\n<p>&#8212; 15:00 &#8211; 15:15 &#8212; <strong>\u201cUm Abordagem de Agendamento Online de Tarefas n\u00e3o-peri\u00f3dicas pelo M\u00e9todo de L\u00f3gica Fuzzy\u201d<\/strong><br \/>\nFREIRIA, Leonardo Martins; ROSA, Renan Garcia; SILVA, Camila Pereira da; GONC\u0327ALVES, Daniel Resende; MOURA JR, Jose\u0301 dos Reis Vieira de.<\/p><\/blockquote>\n<h3>OTI &#8211; Otimiza\u00e7\u00e3o<\/h3>\n<h4>&#8212; Coordenadores: <a href=\"http:\/\/lattes.cnpq.br\/0201145506453251\">Orizon Pereira Ferreira<\/a> (UFG) e <a href=\"http:\/\/lattes.cnpq.br\/1735483952302662\">Reinier Diaz Millan<\/a> (IFG)<\/h4>\n<blockquote><p><strong>29\/11\/2018 \u2013 quinta-feira<\/strong><\/p>\n<p>&#8212; 11:00 &#8211; 11:20 &#8212; <strong>\u201cUm M\u00e9todo do tipo Gauss-Newton para resolver problemas de m\u00ednimos quadrados com restri\u00e7\u00e3o\u201d<\/strong><br \/>\nMENEZES, Tiago da Costa; GON\u00c7ALVES, Max L. N.<\/p>\n<p>&#8212; 11:20 &#8211; 11:40 &#8212; <strong>\u201cM\u00e9todo do gradiente conjugado Dai-Yuan, uma modifica\u00e7\u00e3o do par\u00e2metro \u03b2<sub>k<\/sub>\u201d<\/strong><br \/>\nSOUZA, Danilo Rodrigues de; PRUDENTE, Leandro da Fonseca.<\/p>\n<p>&#8212; 11:40 &#8211; 12:00 &#8212; <strong>\u201cSteepest Descent Method for Multiobjective Optimization on Riemannian Manifolds&#8221;<\/strong><br \/>\nLOUZEIRO, Maur\u00edcio Silva.<\/p><\/blockquote>\n<h3>PES &#8211; Probabilidade e Estat\u00edstica<\/h3>\n<h4>&#8212; Coordenador: <a href=\"http:\/\/lattes.cnpq.br\/1795859800919467\">Valdivino Vargas J\u00fanior<\/a> (UFG)<\/h4>\n<blockquote><p><strong>29\/11\/2018 \u2013 quinta-feira<\/strong><\/p>\n<p>&#8212; 17:00 &#8211; 17:25 &#8212; <strong>\u201cO Modelo Gompertziano Estoc\u00e1stico\u201d<\/strong><br \/>\nSANTOS, Fabiano Fortunato Teixeira dos.<\/p>\n<p>&#8212; 17:30 &#8211; 17:55 &#8212; <strong>\u201cFun\u00e7\u00f5es Geradoras de Probabilidade e aplica\u00e7\u00e3o num Modelo de Crescimento Populacional sem Restri\u00e7\u00f5es Espaciais\u201d<\/strong><br \/>\nCAIRES, Nielson Hon\u00f3rio.<\/p>\n<p>&#8212; 18:00 &#8211; 18:25 &#8212; <strong>\u201cModelagem Matem\u00e1tica para Previs\u00e3o de Jogos de Futebol\u201d<\/strong><br \/>\nRAMOS, Luiz Fernando Pinheiro; LEMOS, Humberto Cesar Fernandes; BATISTA, Ben D\u00eaivide de Oliveira.<\/p><\/blockquote>\n<h3>SDN &#8211; Sistemas Din\u00e2micos<\/h3>\n<h4>&#8212; Coordenadores: <a href=\"http:\/\/lattes.cnpq.br\/3688981956532711\">Durval Jos\u00e9 Tonon<\/a> (UFG) e <a href=\"http:\/\/lattes.cnpq.br\/3779225124392648\">Tiago de Carvalho<\/a> (USP\/Ribeir\u00e3o Preto)<\/h4>\n<blockquote><p><strong>29\/11\/2018 \u2013 quinta-feira<\/strong><\/p>\n<p>&#8212; 11:00 &#8211; 11:30 &#8212; <strong>\u201cUma taxa de converg\u00eancia para as m\u00e9dias de Birkhoff das transla\u00e7\u00f5es diofantinas no toro\u201d<\/strong><br \/>\nMELO, Aline de.<\/p>\n<p>&#8212; 11:30 &#8211; 12:00 &#8212; <strong>\u201cThe shift map on Floer trajectory space\u201d<\/strong><br \/>\nFRAUENFELDER, Urs; WEBER, Joa.<\/p>\n<p>&#8212; 17:00 &#8211; 17:30 &#8212; <strong>\u201cSimetrias de uma equa\u00e7\u00e3o homog\u00eanea\u201d<\/strong><br \/>\nSILVA, Desir\u00e9e Moura Rodrigues; FREITAS, Katianny Rosa; GON\u00c7ALVES, T\u00e2nia Maria Nunes.<\/p>\n<p>&#8212; 17:30 &#8211; 18:00 &#8212; <strong>\u201cModelos predador-presa e sistemas suaves por partes<\/strong><br \/>\nSOUSA, Wellimar Manoel da Mata; MEDRADO, Jo\u00e3o Carlos da Rocha.<\/p>\n<p>&#8212; 18:00 &#8211; 18:30 &#8212; <strong>\u201c\u00cdndice de Conley para atratores de inclus\u00e3o diferencial\u201d<\/strong><br \/>\nQUEIROZ, Lenison Alves de; VIEIRA, Ewerton Rocha.<\/p>\n<p><strong>30\/11\/2018 \u2013 sexta-feira<\/strong><\/p>\n<p>&#8212; 11:00 &#8211; 11:30 &#8212; <strong>\u201cExperimentos Ca\u00f3ticos\u201d<\/strong><br \/>\nVIEIRA, Ewerton Rocha; SANTOS, Jorge Barbosa dos; PEREIRA, William Campelo.<\/p>\n<p>&#8212; 11:30 &#8211; 12:00 &#8212; <strong>\u201cEstudo de campos suaves por partes no bitoro\u201d<\/strong><br \/>\nVELTER, Mariana Queiroz; TONON, Durval Jos\u00e9.<\/p>\n<p>&#8212; 14:00 &#8211; 14:30 &#8212; <strong>\u201cDin\u00e2mica de um modelo presa-predador com colheita n\u00e3o-suave\u201d<\/strong><br \/>\nPOTOS\u00cd, Edith Janeth; ANDRADE, Kamila da Silva.<\/p>\n<p>&#8212; 14:30 &#8211; 15:00 &#8212; <strong>\u201cBifurca\u00e7\u00f5es de campos de vetores suaves por partes no plano de codimens\u00f5es 0 e 1\u201d<\/strong><br \/>\nSANTOS, Mayk Joaquim dos; TONON, Durval Jos\u00e9.<\/p>\n<p>&#8212; 15:00 &#8211; 15:30 &#8212; <strong>\u201cFolhas compactas de folhea\u00e7\u00f5es unidimensionais associadas a um campo de planos em R\u00b3\u201d<\/strong><br \/>\nGOMES, Alacyr Jos\u00e9; GARCIA, Ronaldo Alves.<\/p><\/blockquote>\n","protected":false},"excerpt":{"rendered":"<p>[social_share style=&#8221;circle&#8221; align=&#8221;horizontal&#8221; heading_align=&#8221;inline&#8221; text=&#8221;&#8221; heading=&#8221;&#8221; facebook=&#8221;1&#8243; whatsapp=&#8221;1&#8243; telegram=&#8221;1&#8243; twitter=&#8221;1&#8243; google_plus=&#8221;1&#8243; linkedin=&#8221;1&#8243; pinterest=&#8221;1&#8243; link=&#8221;http:\/\/eventos.ifg.edu.br\/v-coloquio-matematica-centro-oeste\/sessoes-tecnicas&#8221; \/] ATN &#8211; \u00c1lgebra e Teoria do N\u00fameros &#8212; Coordenadores: Jos\u00e9 Eder Salvador de Vasconcelos (IFG) e Thiago Porto de Almeida Freitas (UFCat) 26\/11\/2018 &#8212; segunda-feira &hellip;<\/p>\n<p class=\"read-more\"> <a class=\"more-link\" href=\"https:\/\/eventos.ifg.edu.br\/v-coloquio-matematica-centro-oeste\/programacao\/sessoes-tecnicas\"> <span class=\"screen-reader-text\">Sess\u00f5es T\u00e9cnicas<\/span> Read More &raquo;<\/a><\/p>\n","protected":false},"author":81,"featured_media":0,"parent":276,"menu_order":4,"comment_status":"closed","ping_status":"closed","template":"","meta":{"ngg_post_thumbnail":0,"footnotes":""},"class_list":["post-417","page","type-page","status-publish","hentry"],"_links":{"self":[{"href":"https:\/\/eventos.ifg.edu.br\/v-coloquio-matematica-centro-oeste\/wp-json\/wp\/v2\/pages\/417"}],"collection":[{"href":"https:\/\/eventos.ifg.edu.br\/v-coloquio-matematica-centro-oeste\/wp-json\/wp\/v2\/pages"}],"about":[{"href":"https:\/\/eventos.ifg.edu.br\/v-coloquio-matematica-centro-oeste\/wp-json\/wp\/v2\/types\/page"}],"author":[{"embeddable":true,"href":"https:\/\/eventos.ifg.edu.br\/v-coloquio-matematica-centro-oeste\/wp-json\/wp\/v2\/users\/81"}],"replies":[{"embeddable":true,"href":"https:\/\/eventos.ifg.edu.br\/v-coloquio-matematica-centro-oeste\/wp-json\/wp\/v2\/comments?post=417"}],"version-history":[{"count":82,"href":"https:\/\/eventos.ifg.edu.br\/v-coloquio-matematica-centro-oeste\/wp-json\/wp\/v2\/pages\/417\/revisions"}],"predecessor-version":[{"id":549,"href":"https:\/\/eventos.ifg.edu.br\/v-coloquio-matematica-centro-oeste\/wp-json\/wp\/v2\/pages\/417\/revisions\/549"}],"up":[{"embeddable":true,"href":"https:\/\/eventos.ifg.edu.br\/v-coloquio-matematica-centro-oeste\/wp-json\/wp\/v2\/pages\/276"}],"wp:attachment":[{"href":"https:\/\/eventos.ifg.edu.br\/v-coloquio-matematica-centro-oeste\/wp-json\/wp\/v2\/media?parent=417"}],"curies":[{"name":"wp","href":"https:\/\/api.w.org\/{rel}","templated":true}]}}