{"id":41,"date":"2018-04-24T14:55:13","date_gmt":"2018-04-24T17:55:13","guid":{"rendered":"http:\/\/eventos.ifg.edu.br\/v-coloquio-matematica-centro-oeste\/?page_id=41"},"modified":"2018-05-01T18:38:35","modified_gmt":"2018-05-01T21:38:35","slug":"historico-do-evento","status":"publish","type":"page","link":"https:\/\/eventos.ifg.edu.br\/v-coloquio-matematica-centro-oeste\/apresentacao\/historico-do-evento","title":{"rendered":"O evento"},"content":{"rendered":"<p>[social_share style=&#8221;circle&#8221; align=&#8221;horizontal&#8221; heading_align=&#8221;inline&#8221; text=&#8221;&#8221; heading=&#8221;&#8221; facebook=&#8221;1&#8243; whatsapp=&#8221;1&#8243; telegram=&#8221;1&#8243; twitter=&#8221;1&#8243; google_plus=&#8221;1&#8243; linkedin=&#8221;1&#8243; pinterest=&#8221;1&#8243; link=&#8221;http:\/\/eventos.ifg.edu.br\/v-coloquio-matematica-centro-oeste\/apresentacao\/historico-do-evento&#8221; \/]<\/p>\n<p>A Sociedade Brasileira de Matem\u00e1tica promove a realiza\u00e7\u00e3o de col\u00f3quios de Matem\u00e1tica nas cinco grandes regi\u00f5es do pa\u00eds (Norte, Nordeste, Centro-Oeste, Sudeste e Sul), priorizando dentro de cada uma as subregi\u00f5es relativamente menos desenvolvidas. O objetivo \u00e9 disseminar a Matem\u00e1tica em todo o Brasil, em todas as suas vertentes: pesquisa, ensino, aplica\u00e7\u00f5es, divulga\u00e7\u00e3o. Os Col\u00f3quios das Regi\u00f5es t\u00eam um p\u00fablico alvo muito amplo, incluindo os estudantes, em todos os n\u00edveis, e os professores e pesquisadores de Matem\u00e1tica e de \u00e1reas afins, em todo o territ\u00f3rio nacional, com forte \u00eanfase para a respectiva regi\u00e3o.<\/p>\n<p>Na regi\u00e3o Centro-Oeste j\u00e1 foram realizadas quatro edi\u00e7\u00f5es:<\/p>\n<ul>\n<li>1\u00ba Col\u00f3quio de Matem\u00e1tica da Regi\u00e3o Centro-Oeste<br \/>\nUFMS, Campo Grande \u2013 MS, 03 a 06 de\u00a0novembro de 2009<\/li>\n<li>2\u00ba Col\u00f3quio de Matem\u00e1tica da Regi\u00e3o Centro-Oeste<br \/>\nUFMT, Cuiab\u00e1 \u2013 MT, 07 a 10 de novembro de 2011<\/li>\n<li><a href=\"http:\/\/www.matematica.jatai.ufg.br\/\" target=\"_blank\" rel=\"noopener noreferrer\">3\u00ba Col\u00f3quio de Matem\u00e1tica da Regi\u00e3o Centro-Oeste<br \/>\n<\/a>UFG, Jata\u00ed-Goi\u00e1s<strong>\u00a0\u2013\u00a0<\/strong>GO, 18 a 23 de novembro de 2013<\/li>\n<li><a href=\"https:\/\/www.sbm.org.br\/coloquio-centro-oeste-4\/index.php\">4\u00ba Col\u00f3quio de Matem\u00e1tica da Regi\u00e3o Centro-Oeste<\/a><a href=\"https:\/\/www.sbm.org.br\/coloquio-sudeste-3\/\" target=\"_blank\" rel=\"noopener noreferrer\"><br \/>\n<\/a>UFG em Catal\u00e3o-GO, 16 a 20 de novembro de 2015<\/li>\n<\/ul>\n<p>FONTE: <a href=\"https:\/\/www.sbm.org.br\/eventos\/coloquios-de-matematica-das-regioes\">SBM<\/a><\/p>\n","protected":false},"excerpt":{"rendered":"<p>[social_share style=&#8221;circle&#8221; align=&#8221;horizontal&#8221; heading_align=&#8221;inline&#8221; text=&#8221;&#8221; heading=&#8221;&#8221; facebook=&#8221;1&#8243; whatsapp=&#8221;1&#8243; telegram=&#8221;1&#8243; twitter=&#8221;1&#8243; google_plus=&#8221;1&#8243; linkedin=&#8221;1&#8243; pinterest=&#8221;1&#8243; link=&#8221;http:\/\/eventos.ifg.edu.br\/v-coloquio-matematica-centro-oeste\/apresentacao\/historico-do-evento&#8221; \/] A Sociedade Brasileira de Matem\u00e1tica promove a realiza\u00e7\u00e3o de col\u00f3quios de Matem\u00e1tica nas cinco grandes regi\u00f5es do pa\u00eds (Norte, Nordeste, Centro-Oeste, Sudeste e Sul), priorizando &hellip;<\/p>\n<p class=\"read-more\"> <a class=\"more-link\" href=\"https:\/\/eventos.ifg.edu.br\/v-coloquio-matematica-centro-oeste\/apresentacao\/historico-do-evento\"> <span class=\"screen-reader-text\">O evento<\/span> Read More &raquo;<\/a><\/p>\n","protected":false},"author":81,"featured_media":0,"parent":24,"menu_order":1,"comment_status":"closed","ping_status":"closed","template":"","meta":{"ngg_post_thumbnail":0,"footnotes":""},"class_list":["post-41","page","type-page","status-publish","hentry"],"_links":{"self":[{"href":"https:\/\/eventos.ifg.edu.br\/v-coloquio-matematica-centro-oeste\/wp-json\/wp\/v2\/pages\/41"}],"collection":[{"href":"https:\/\/eventos.ifg.edu.br\/v-coloquio-matematica-centro-oeste\/wp-json\/wp\/v2\/pages"}],"about":[{"href":"https:\/\/eventos.ifg.edu.br\/v-coloquio-matematica-centro-oeste\/wp-json\/wp\/v2\/types\/page"}],"author":[{"embeddable":true,"href":"https:\/\/eventos.ifg.edu.br\/v-coloquio-matematica-centro-oeste\/wp-json\/wp\/v2\/users\/81"}],"replies":[{"embeddable":true,"href":"https:\/\/eventos.ifg.edu.br\/v-coloquio-matematica-centro-oeste\/wp-json\/wp\/v2\/comments?post=41"}],"version-history":[{"count":9,"href":"https:\/\/eventos.ifg.edu.br\/v-coloquio-matematica-centro-oeste\/wp-json\/wp\/v2\/pages\/41\/revisions"}],"predecessor-version":[{"id":147,"href":"https:\/\/eventos.ifg.edu.br\/v-coloquio-matematica-centro-oeste\/wp-json\/wp\/v2\/pages\/41\/revisions\/147"}],"up":[{"embeddable":true,"href":"https:\/\/eventos.ifg.edu.br\/v-coloquio-matematica-centro-oeste\/wp-json\/wp\/v2\/pages\/24"}],"wp:attachment":[{"href":"https:\/\/eventos.ifg.edu.br\/v-coloquio-matematica-centro-oeste\/wp-json\/wp\/v2\/media?parent=41"}],"curies":[{"name":"wp","href":"https:\/\/api.w.org\/{rel}","templated":true}]}}