{"id":393,"date":"2018-10-27T08:29:39","date_gmt":"2018-10-27T10:29:39","guid":{"rendered":"http:\/\/eventos.ifg.edu.br\/v-coloquio-matematica-centro-oeste\/?page_id=393"},"modified":"2018-11-19T04:40:30","modified_gmt":"2018-11-19T06:40:30","slug":"oficinas","status":"publish","type":"page","link":"https:\/\/eventos.ifg.edu.br\/v-coloquio-matematica-centro-oeste\/programacao\/oficinas","title":{"rendered":"Oficinas"},"content":{"rendered":"<p>[social_share style=&#8221;circle&#8221; align=&#8221;horizontal&#8221; heading_align=&#8221;inline&#8221; text=&#8221;&#8221; heading=&#8221;&#8221; facebook=&#8221;1&#8243; whatsapp=&#8221;1&#8243; telegram=&#8221;1&#8243; twitter=&#8221;1&#8243; google_plus=&#8221;1&#8243; linkedin=&#8221;1&#8243; pinterest=&#8221;1&#8243; link=&#8221;http:\/\/eventos.ifg.edu.br\/v-coloquio-matematica-centro-oeste\/oficinas&#8221; \/]<\/p>\n<p>Ser\u00e3o oferecidas as seguintes Oficinas:<\/p>\n<h3>OF1 &#8212; &#8220;Fun\u00e7\u00f5es Aritm\u00e9ticas&#8221;<\/h3>\n<h4>&#8212; <a href=\"http:\/\/lattes.cnpq.br\/5208415624354012\">Anna Carolina Lafet\u00e1<\/a> (UnB) e <a href=\"http:\/\/lattes.cnpq.br\/9263250131156705\">Yerko Contreras-Rojas<\/a> (UNIFESSPA)<\/h4>\n<blockquote>\n<p class=\"textbox\" dir=\"ltr\">Sequ\u00eancias s\u00e3o utilizadas em diversas \u00e1reas da matem\u00e1tica. \u00c9 o caso da an\u00e1lise e geometria, onde utilizamos sequ\u00eancias para estabelecer propriedades como continuidade e converg\u00eancias de fun\u00e7\u00f5es. Na \u00e1lgebra, pode-se trabalhar com sequ\u00eancias de objetos alg\u00e9bricos, que caracterizam um outro objeto, como por exemplo, an\u00e9is noetherianos, que s\u00e3o caracterizados a partir de propriedades sobre as sequ\u00eancias de seus ideais. Na teoria dos n\u00fameros, sequ\u00eancias num\u00e9ricas, ou seja, fun\u00e7\u00f5es cujo dom\u00ednio \u00e9 o conjunto dos inteiros positivos e a imagem \u00e9 um subconjunto dos n\u00fameros complexos, s\u00e3o chamadas de fun\u00e7\u00f5es aritm\u00e9ticas. Essas fun\u00e7\u00f5es s\u00e3o \u00fateis para estabelecer propriedades aritm\u00e9ticas dos n\u00fameros inteiros, como rela\u00e7\u00f5es de divisibilidade e distribui\u00e7\u00e3o de n\u00fameros primos.<\/p>\n<\/blockquote>\n<h3>OF2 &#8212; &#8220;Que figura \u00e9 essa?&#8221;<\/h3>\n<h4>&#8212; <a href=\"http:\/\/lattes.cnpq.br\/1083021866243776\">Luciana Aparecida Elias<\/a> (UFJ)<\/h4>\n<blockquote>\n<p class=\"textbox\" dir=\"ltr\">E importante, em diversas \u00e1reas da Matem\u00e1tica, que se saibam manusear adequadamente uma express\u00e3o alg\u00e9brica, de maneira eficaz e encontrando, em teoremas, proposi\u00e7\u00f5es, identidades na pr\u00f3pria \u00e1lgebra, melhores caminhos na simplifica\u00e7\u00e3o e uma express\u00e3o para que a mesma possa ser melhor identificada e\/ou analisada. Nesta oficina ser\u00e1 tratada a identifica\u00e7\u00e3o de equa\u00e7\u00f5es do tipo &#8220;ax\u00b2+by\u00b2+cxy+dx+ey+f=0&#8221;.<\/p>\n<\/blockquote>\n<h3>OF3 &#8212; &#8220;Um Princ\u0131\u0301pio Variacional para a Entropia Espec\u0131\u0301fica em Din\u00e2mica Simb\u00f3lica com Alfabetos N\u00e3o-enumer\u00e1veis&#8221;<\/h3>\n<h4>&#8212; <a href=\"http:\/\/lattes.cnpq.br\/0436366951765100\">Di\u00f3scoros Brito Aguiar J\u00fanior<\/a> (UnB)<\/h4>\n<blockquote>\n<p class=\"textbox\" dir=\"ltr\">Neste trabalho, estabelecemos uma rela\u00e7\u00e3o entre dois objetos do Formalismo Termodin\u00e2mico e da Mec\u00e2nica Estat\u00edstica. A primeira se refere \u00e0 rela\u00e7\u00e3o entre a entropia espec\u00edfica (Mec\u00e2nica Estat\u00edstica) e a entropia variacional (Teoria Erg\u00f3dica) para medidas de probabilidade definidas na sigma-\u00e1lgebra de Borel do espa\u00e7o produto \u2126 =K^N, onde o alfabeto K \u00e9 um espa\u00e7o m\u00e9trico compacto arbitr\u00e1rio. A segunda \u00e9 a prova da unicidade dos estados de equil\u00edbrio associados a potenciais nos espa\u00e7os das fun\u00e7\u00f5es H\u00f6lder e Walters cont\u00ednuas, onde a validade deste resultado de unicidade \u00e9 estendida para casos onde o alfabeto K \u00e9 n\u00e3o-enumer\u00e1vel.<\/p>\n<\/blockquote>\n","protected":false},"excerpt":{"rendered":"<p>[social_share style=&#8221;circle&#8221; align=&#8221;horizontal&#8221; heading_align=&#8221;inline&#8221; text=&#8221;&#8221; heading=&#8221;&#8221; facebook=&#8221;1&#8243; whatsapp=&#8221;1&#8243; telegram=&#8221;1&#8243; twitter=&#8221;1&#8243; google_plus=&#8221;1&#8243; linkedin=&#8221;1&#8243; pinterest=&#8221;1&#8243; link=&#8221;http:\/\/eventos.ifg.edu.br\/v-coloquio-matematica-centro-oeste\/oficinas&#8221; \/] Ser\u00e3o oferecidas as seguintes Oficinas: OF1 &#8212; &#8220;Fun\u00e7\u00f5es Aritm\u00e9ticas&#8221; &#8212; Anna Carolina Lafet\u00e1 (UnB) e Yerko Contreras-Rojas (UNIFESSPA) Sequ\u00eancias s\u00e3o utilizadas em diversas \u00e1reas da &hellip;<\/p>\n<p class=\"read-more\"> <a class=\"more-link\" href=\"https:\/\/eventos.ifg.edu.br\/v-coloquio-matematica-centro-oeste\/programacao\/oficinas\"> <span class=\"screen-reader-text\">Oficinas<\/span> Read More &raquo;<\/a><\/p>\n","protected":false},"author":81,"featured_media":0,"parent":276,"menu_order":3,"comment_status":"closed","ping_status":"closed","template":"","meta":{"ngg_post_thumbnail":0,"footnotes":""},"class_list":["post-393","page","type-page","status-publish","hentry"],"_links":{"self":[{"href":"https:\/\/eventos.ifg.edu.br\/v-coloquio-matematica-centro-oeste\/wp-json\/wp\/v2\/pages\/393"}],"collection":[{"href":"https:\/\/eventos.ifg.edu.br\/v-coloquio-matematica-centro-oeste\/wp-json\/wp\/v2\/pages"}],"about":[{"href":"https:\/\/eventos.ifg.edu.br\/v-coloquio-matematica-centro-oeste\/wp-json\/wp\/v2\/types\/page"}],"author":[{"embeddable":true,"href":"https:\/\/eventos.ifg.edu.br\/v-coloquio-matematica-centro-oeste\/wp-json\/wp\/v2\/users\/81"}],"replies":[{"embeddable":true,"href":"https:\/\/eventos.ifg.edu.br\/v-coloquio-matematica-centro-oeste\/wp-json\/wp\/v2\/comments?post=393"}],"version-history":[{"count":5,"href":"https:\/\/eventos.ifg.edu.br\/v-coloquio-matematica-centro-oeste\/wp-json\/wp\/v2\/pages\/393\/revisions"}],"predecessor-version":[{"id":508,"href":"https:\/\/eventos.ifg.edu.br\/v-coloquio-matematica-centro-oeste\/wp-json\/wp\/v2\/pages\/393\/revisions\/508"}],"up":[{"embeddable":true,"href":"https:\/\/eventos.ifg.edu.br\/v-coloquio-matematica-centro-oeste\/wp-json\/wp\/v2\/pages\/276"}],"wp:attachment":[{"href":"https:\/\/eventos.ifg.edu.br\/v-coloquio-matematica-centro-oeste\/wp-json\/wp\/v2\/media?parent=393"}],"curies":[{"name":"wp","href":"https:\/\/api.w.org\/{rel}","templated":true}]}}