{"id":39,"date":"2018-04-24T14:50:42","date_gmt":"2018-04-24T17:50:42","guid":{"rendered":"http:\/\/eventos.ifg.edu.br\/v-coloquio-matematica-centro-oeste\/?page_id=39"},"modified":"2018-09-05T02:31:37","modified_gmt":"2018-09-05T05:31:37","slug":"hospedagem","status":"publish","type":"page","link":"https:\/\/eventos.ifg.edu.br\/v-coloquio-matematica-centro-oeste\/hospedagem","title":{"rendered":"Hospedagem"},"content":{"rendered":"<p>[social_share style=&#8221;circle&#8221; align=&#8221;horizontal&#8221; heading_align=&#8221;inline&#8221; text=&#8221;&#8221; heading=&#8221;&#8221; facebook=&#8221;1&#8243; whatsapp=&#8221;1&#8243; telegram=&#8221;1&#8243; twitter=&#8221;1&#8243; google_plus=&#8221;1&#8243; linkedin=&#8221;1&#8243; pinterest=&#8221;1&#8243; link=&#8221;http:\/\/eventos.ifg.edu.br\/v-coloquio-matematica-centro-oeste\/hospedagem&#8221; \/]<\/p>\n<p>&nbsp;<\/p>\n<p><strong>Castro&#8217;s Park Hotel*****<\/strong><\/p>\n<div class=\"mod\">\n<div class=\"Z1hOCe\">\n<div class=\"zloOqf kno-fb-ctx\"><span class=\"w8qArf\"><strong><a class=\"fl\" href=\"https:\/\/www.google.com\/search?q=castro%27s+park+hotel+endere%C3%A7o&amp;stick=H4sIAAAAAAAAAOPgE-LWT9c3LEnJSS6xSNKSzU620s_JT04syczPgzOsElNSilKLiwFAZNOlLgAAAA&amp;sa=X&amp;ved=0ahUKEwjgw8r9nJ3bAhUMDpAKHWXqCOAQ6BMI5QEwFg\">Endere\u00e7o<\/a>:<\/strong>\u00a0<\/span><span class=\"LrzXr\">1520, Av. Rep\u00fablica do L\u00edbano &#8211; St. Oeste, Goi\u00e2nia &#8211; GO.<\/span><\/div>\n<\/div>\n<\/div>\n<div class=\"mod\">\n<div class=\"Z1hOCe\">\n<div class=\"zloOqf kno-fb-ctx\"><strong><span class=\"w8qArf\"><a class=\"fl\" href=\"https:\/\/www.google.com\/search?q=castro%27s+park+hotel+telefone&amp;sa=X&amp;ved=0ahUKEwjgw8r9nJ3bAhUMDpAKHWXqCOAQ6BMI6AEwFw\">Telefone<\/a>:\u00a0<\/span><\/strong><span class=\"LrzXr zdqRlf kno-fv\"><a class=\"fl r-i1e9uONzc4pI\" title=\"Ligar pelo Hangouts\" href=\"https:\/\/www.google.com\/search?ei=DRkGW8-dE4inwATQ243IBw&amp;hotel_occupancy=&amp;q=castros+park+hotel&amp;oq=castro&amp;gs_l=psy-ab.1.0.35i39k1j0i67k1j0i131k1j0i67k1j0l5j0i131k1.61038.61943.0.63976.6.6.0.0.0.0.394.951.0j3j0j1.4.0....0...1c.1.64.psy-ab..2.4.951....0.5tDOojpJMCE#\">(62) 3096-2000<\/a><\/span><\/div>\n<div class=\"zloOqf kno-fb-ctx\"><\/div>\n<div class=\"zloOqf kno-fb-ctx\">\n<p><strong>Crystal Plaza Hotel****<\/strong><\/p>\n<div class=\"mod\">\n<div class=\"Z1hOCe\">\n<div class=\"zloOqf kno-fb-ctx\">\n<p><span class=\"w8qArf\"><strong><a class=\"fl\" href=\"https:\/\/www.google.com\/search?q=crystal+plaza+hotel+endere%C3%A7o&amp;stick=H4sIAAAAAAAAAOPgE-LWT9c3LEkzNjcoytKSzU620s_JT04syczPgzOsElNSilKLiwEnjQeVLgAAAA&amp;sa=X&amp;ved=0ahUKEwiRi4_InJ3bAhXSl5AKHflMBkUQ6BMIjwIwFA\">Endere\u00e7o<\/a>:<\/strong>\u00a0<\/span><span class=\"LrzXr\">Av. 85, 30 &#8211; St. Sul, Goi\u00e2nia &#8211; GO.<\/span><\/p>\n<\/div>\n<\/div>\n<\/div>\n<div class=\"mod\">\n<div class=\"Z1hOCe\">\n<div class=\"zloOqf kno-fb-ctx\"><span class=\"LrzXr zdqRlf kno-fv\"><span class=\"w8qArf\"><strong><a class=\"fl\" href=\"https:\/\/www.google.com\/search?q=crystal+plaza+hotel+telefone&amp;sa=X&amp;ved=0ahUKEwiRi4_InJ3bAhXSl5AKHflMBkUQ6BMIkgIwFQ\">Telefone<\/a>:<\/strong>\u00a0<\/span><span class=\"LrzXr zdqRlf kno-fv\"><a class=\"fl r-iNVtIwdrr0JU\" title=\"Ligar pelo Hangouts\" href=\"https:\/\/www.google.com\/search?ei=shgGW6HxJoOpwgTKlbnQBg&amp;hotel_occupancy=&amp;q=crystal+plaza+hotel&amp;oq=crystal+pla&amp;gs_l=psy-ab.1.0.35i39k1l2j0l5j0i10k1j0j0i10k1.38854.40587.0.42500.11.9.0.0.0.0.277.996.2-4.4.0....0...1c.1.64.psy-ab..7.4.995...0i67k1j0i131k1.0.SF3VKt1a3ks#\">(62) 3267-4500<\/a><\/span><\/span><\/div>\n<div class=\"zloOqf kno-fb-ctx\"><\/div>\n<\/div>\n<\/div>\n<\/div>\n<\/div>\n<\/div>\n<p><strong>Umuarama Plaza Hotel***<\/strong><\/p>\n<div class=\"mod\">\n<div class=\"Z1hOCe\">\n<div class=\"zloOqf kno-fb-ctx\"><span class=\"w8qArf\"><strong><a class=\"fl\" href=\"https:\/\/www.google.com\/search?q=umuarama+plaza+hotel+endere%C3%A7o&amp;stick=H4sIAAAAAAAAAOPgE-LWT9c3LKusyM5IM9CSzU620s_JT04syczPgzOsElNSilKLiwGxWjTsLgAAAA&amp;sa=X&amp;ved=0ahUKEwiP2I3enJ3bAhWIE5AKHdBtA3kQ6BMI7QEwFA\">Endere\u00e7o<\/a>:<\/strong>\u00a0<\/span><span class=\"LrzXr\">Rua 4, 492 &#8211; St. Central, Goi\u00e2nia &#8211; GO.<\/span><\/div>\n<\/div>\n<\/div>\n<div class=\"mod\">\n<div class=\"Z1hOCe\">\n<div class=\"zloOqf kno-fb-ctx\"><strong><span class=\"w8qArf\"><a class=\"fl\" href=\"https:\/\/www.google.com\/search?q=umuarama+plaza+hotel+telefone&amp;sa=X&amp;ved=0ahUKEwiP2I3enJ3bAhWIE5AKHdBtA3kQ6BMI8AEwFQ\">Telefone<\/a>:\u00a0<\/span><\/strong><span class=\"LrzXr zdqRlf kno-fv\"><a class=\"fl r-iKO8UGyc3aZc\" title=\"Ligar pelo Hangouts\" href=\"https:\/\/www.google.com\/search?ei=3xgGW9GfDNKvwgT5mZmoBA&amp;hotel_occupancy=&amp;q=umuarama+plaza+hotel&amp;oq=umuar&amp;gs_l=psy-ab.3.0.35i39k1j0i131k1j0l6j0i131k1j0.38280.42409.0.44195.9.8.1.0.0.0.353.1448.0j2j3j1.6.0....0...1c.1.64.psy-ab..2.7.1450...0i67k1j0i10k1j0i10i30k1.0.kxcmNqAEr7I#\">(62) 3237-1500<\/a><\/span><\/div>\n<div class=\"zloOqf kno-fb-ctx\"><\/div>\n<\/div>\n<\/div>\n<p><strong>Hotel Serras de Goyaz***<\/strong><\/p>\n<div class=\"mod\">\n<div class=\"Z1hOCe\">\n<div class=\"zloOqf kno-fb-ctx\"><span class=\"w8qArf\"><strong><a class=\"fl\" href=\"https:\/\/www.google.com\/search?q=hotel+serras+de+goyaz+endere%C3%A7o&amp;stick=H4sIAAAAAAAAAOPgE-LWT9c3LDMyyzMttNCSzU620s_JT04syczPgzOsElNSilKLiwFfG3S0LgAAAA&amp;sa=X&amp;ved=0ahUKEwihku-ynJ3bAhWDlJAKHcpKDmoQ6BMIjwIwFQ\">Endere\u00e7o<\/a>:<\/strong>\u00a0<\/span><span class=\"LrzXr\">Av. Parana\u00edba, 1445 &#8211; St. Central, Goi\u00e2nia &#8211; GO.<\/span><\/div>\n<\/div>\n<\/div>\n<div class=\"mod\">\n<div class=\"Z1hOCe\">\n<div class=\"zloOqf kno-fb-ctx\"><strong><span class=\"w8qArf\"><a class=\"fl\" href=\"https:\/\/www.google.com\/search?q=hotel+serras+de+goyaz+telefone&amp;sa=X&amp;ved=0ahUKEwihku-ynJ3bAhWDlJAKHcpKDmoQ6BMIkgIwFg\">Telefone<\/a>:\u00a0<\/span><\/strong><span class=\"LrzXr zdqRlf kno-fv\"><a class=\"fl r-iFHnmI4bZN9o\" title=\"Ligar pelo Hangouts\" href=\"https:\/\/www.google.com\/search?ei=iBgGW6KnF8aDwQTn84H4Bw&amp;hotel_occupancy=&amp;q=hotel+serras+de+goyaz&amp;oq=hotel+serras&amp;gs_l=psy-ab.3.0.35i39k1j0l9.35329.36962.0.39680.12.9.0.0.0.0.623.1189.5-2.2.0....0...1c.1.64.psy-ab..10.2.1189...0i67k1.0.5rNrOnk8Z18#\">(62) 3224-2310<\/a><\/span><\/div>\n<div class=\"zloOqf kno-fb-ctx\"><\/div>\n<\/div>\n<\/div>\n<p><strong>Hotel Augustus Plaza Inn**<\/strong><\/p>\n<div class=\"mod\">\n<div class=\"Z1hOCe\">\n<div class=\"zloOqf kno-fb-ctx\"><span class=\"w8qArf\"><strong><a class=\"fl\" href=\"https:\/\/www.google.com\/search?q=hotel+augustus+plaza+inn+goi%C3%A2nia+setor+central+endere%C3%A7o&amp;stick=H4sIAAAAAAAAAOPgE-LVT9c3NExPyTCoTDdL1pLNTrbSz8lPTizJzM-DM6wSU1KKUouLAbit4OIwAAAA&amp;sa=X&amp;ved=0ahUKEwiRsuOUmp3bAhVDhpAKHRWCCY8Q6BMI4AEwEA\">Endere\u00e7o<\/a>:<\/strong>\u00a0<\/span><span class=\"LrzXr\">Av. Araguaia, 702 &#8211; St. Central, Goi\u00e2nia &#8211; GO.<\/span><\/div>\n<\/div>\n<\/div>\n<div class=\"mod\">\n<div class=\"Z1hOCe\">\n<div class=\"zloOqf kno-fb-ctx\"><strong><span class=\"w8qArf\"><a class=\"fl\" href=\"https:\/\/www.google.com\/search?q=hotel+augustus+plaza+inn+goi%C3%A2nia+setor+central+telefone&amp;sa=X&amp;ved=0ahUKEwiRsuOUmp3bAhVDhpAKHRWCCY8Q6BMI4wEwEQ\">Telefone<\/a>:\u00a0<\/span><\/strong><span class=\"LrzXr zdqRlf kno-fv\"><a class=\"fl r-i37ftNEmFAh4\" title=\"Ligar pelo Hangouts\" href=\"https:\/\/www.google.com\/search?ei=DhYGW56fN4KawgSgzanoCA&amp;hotel_occupancy=&amp;q=augustus+plaza+inn+goiania&amp;oq=augustus+p&amp;gs_l=psy-ab.3.1.0l10.65284.69612.0.73011.10.10.0.0.0.0.479.1236.2-2j1j1.4.0....0...1c.1.64.psy-ab..6.4.1236...35i39k1j0i131k1j0i67k1.0.RAxSrt5JOhQ#\">(62) 3216-6666<\/a><\/span><\/div>\n<div class=\"zloOqf kno-fb-ctx\"><\/div>\n<\/div>\n<\/div>\n<p><strong>Mega Moda Hotel**<\/strong><\/p>\n<div class=\"mod\">\n<div class=\"Z1hOCe\">\n<div class=\"zloOqf kno-fb-ctx\"><span class=\"w8qArf\"><strong><a class=\"fl\" href=\"https:\/\/www.google.com\/search?q=mega+moda+hotel+endere%C3%A7o&amp;stick=H4sIAAAAAAAAAOPgE-LVT9c3NEwyLylOyUmq0JLNTrbSz8lPTizJzM-DM6wSU1KKUouLAUAuMz0wAAAA&amp;sa=X&amp;ved=0ahUKEwiii9yenJ3bAhXGQZAKHed5AH8Q6BMIigIwEA\">Endere\u00e7o<\/a>:<\/strong>\u00a0<\/span><span class=\"LrzXr\">Av. Contorno, 1407 &#8211; Setor Norte Ferrovi\u00e1rio, Goi\u00e2nia &#8211; GO.<\/span><\/div>\n<\/div>\n<\/div>\n<div class=\"mod\">\n<div class=\"Z1hOCe\">\n<div class=\"zloOqf kno-fb-ctx\"><strong><span class=\"w8qArf\"><a class=\"fl\" href=\"https:\/\/www.google.com\/search?q=mega+moda+hotel+telefone&amp;sa=X&amp;ved=0ahUKEwiii9yenJ3bAhXGQZAKHed5AH8Q6BMIjQIwEQ\">Telefone<\/a>:\u00a0<\/span><\/strong><span class=\"LrzXr zdqRlf kno-fv\"><a class=\"fl r-ixLpHCiit9Ec\" title=\"Ligar pelo Hangouts\" href=\"https:\/\/www.google.com\/search?ei=WhYGW5GdKMOMwgSVhKb4CA&amp;hotel_occupancy=&amp;q=mega+moda+hotel&amp;oq=mega+moda+hotel&amp;gs_l=psy-ab.3..35i39k1j0l9.553070.555296.0.555931.15.9.0.0.0.0.531.531.5-1.1.0....0...1c.1.64.psy-ab..14.1.531....0.tnfWpU5B-e8#\">(62) 3267-6500<\/a><\/span><\/div>\n<div class=\"zloOqf kno-fb-ctx\"><\/div>\n<\/div>\n<\/div>\n<div class=\"zloOqf kno-fb-ctx\">\n<p><strong>Hostel 7 Goi\u00e2nia<\/strong><\/p>\n<div class=\"mod\">\n<div class=\"Z1hOCe\">\n<div class=\"zloOqf kno-fb-ctx\"><span class=\"w8qArf\"><strong><a class=\"fl\" href=\"https:\/\/www.google.com\/search?q=hostel+7+-+goi%C3%A2nia+endere%C3%A7o&amp;stick=H4sIAAAAAAAAAOPgE-LVT9c3NEwyz0qpqshO05LNTrbSz8lPTizJzM-DM6wSU1KKUouLAZh-WJkwAAAA&amp;sa=X&amp;ved=0ahUKEwjz4amNn53bAhXEFJAKHZETDtUQ6BMImQIwFA\">Endere\u00e7o<\/a>:<\/strong>\u00a0<\/span><span class=\"LrzXr\">Av. T-2, lt 4 , qd 107 &#8211; St. Bueno, Goi\u00e2nia &#8211; GO, 74210-005<\/span><\/div>\n<\/div>\n<\/div>\n<div class=\"mod\">\n<div class=\"Z1hOCe\">\n<div class=\"zloOqf kno-fb-ctx\"><strong><span class=\"w8qArf\"><a class=\"fl\" href=\"https:\/\/www.google.com\/search?q=hostel+7+-+goi%C3%A2nia+telefone&amp;sa=X&amp;ved=0ahUKEwjz4amNn53bAhXEFJAKHZETDtUQ6BMInAIwFQ\">Telefone<\/a>:\u00a0<\/span><\/strong><span class=\"LrzXr zdqRlf kno-fv\"><a class=\"fl r-iVZL9J6lBmIk\" title=\"Ligar pelo Hangouts\" href=\"https:\/\/www.google.com\/search?ei=aBsGW-2ILsWowgTJto-gCQ&amp;q=hostel+7+goiania&amp;oq=hostel+7&amp;gs_l=psy-ab.1.0.0i67k1j0l9.24936.27850.0.30745.8.8.0.0.0.0.349.1148.2-2j2.4.0....0...1c.1.64.psy-ab..4.4.1147...35i39k1j0i131k1.0.vMqoft9r7YM#\">(62) 3877-6077<\/a><\/span><\/div>\n<\/div>\n<\/div>\n<\/div>\n<div class=\"zloOqf kno-fb-ctx\"><\/div>\n<div class=\"zloOqf kno-fb-ctx\">\n<p><strong><strong class=\"fl\">Goi\u00e2nia Hostel Albergue<\/strong><\/strong><\/p>\n<p><span class=\"w8qArf\"><strong><a class=\"fl\" href=\"https:\/\/www.google.com\/search?q=goi%C3%A2nia+hostel+-+albergue+endere%C3%A7o&amp;stick=H4sIAAAAAAAAAOPgE-LVT9c3NEwyNy5KS6tK1pLNTrbSz8lPTizJzM-DM6wSU1KKUouLAZozp78wAAAA&amp;sa=X&amp;ved=0ahUKEwj-gea9n53bAhUJD5AKHepbDXIQ6BMIggIwEA\">Endere\u00e7o<\/a>:<\/strong>\u00a0<\/span><span class=\"LrzXr\">Qd. 74-A Lt. 09, R. Irani Alves, 474 &#8211; St. Aeroporto, Goi\u00e2nia &#8211; GO, 74075-290<\/span><\/p>\n<\/div>\n<div class=\"zloOqf kno-fb-ctx\">\n<div class=\"mod\">\n<div class=\"Z1hOCe\">\n<div class=\"zloOqf kno-fb-ctx\"><span class=\"w8qArf\"><strong><a class=\"fl\" href=\"https:\/\/www.google.com\/search?q=goi%C3%A2nia+hostel+-+albergue+telefone&amp;sa=X&amp;ved=0ahUKEwj-gea9n53bAhUJD5AKHepbDXIQ6BMIhQIwEQ\">Telefone<\/a>:<\/strong>\u00a0<\/span><span class=\"LrzXr zdqRlf kno-fv\"><a class=\"fl r-iEkLtCCcwSy8\" title=\"Ligar pelo Hangouts\" href=\"https:\/\/www.google.com\/search?ei=iRsGW7P5DMSpwASRp7ioDQ&amp;hotel_occupancy=&amp;q=goiania+hostel+albergue&amp;oq=goiania+hostel+albergue&amp;gs_l=psy-ab.3...93326.98609.0.99317.17.11.0.0.0.0.751.1242.4-1j0j1.2.0....0...1c.1.64.psy-ab..15.2.1242...0j38j35i39k1j0i131i67k1j0i7i30k1j0i22i30k1.0.zFEPqG8aKAg#\">(62) 99306-6133<\/a><\/span><\/div>\n<div class=\"zloOqf kno-fb-ctx\"><\/div>\n<\/div>\n<\/div>\n<\/div>\n<p><strong>HostelGynOeste<\/strong><\/p>\n<div class=\"mod\">\n<div class=\"Z1hOCe\">\n<div class=\"zloOqf kno-fb-ctx\"><span class=\"w8qArf\"><strong><a class=\"fl\" href=\"https:\/\/www.google.com\/search?q=hostelgynoeste+endere%C3%A7o&amp;stick=H4sIAAAAAAAAAOPgE-LVT9c3NEyrSjEsSinI0pLNTrbSz8lPTizJzM-DM6wSU1KKUouLAai90EswAAAA&amp;sa=X&amp;ved=0ahUKEwj0z8Tnn53bAhVBlJAKHRosB4MQ6BMIvgEwEA\">Endere\u00e7o<\/a>:<\/strong>\u00a0<\/span><span class=\"LrzXr\">Rua 5, 408 &#8211; St. Oeste, Goi\u00e2nia &#8211; GO, 74115-060<\/span><\/div>\n<\/div>\n<\/div>\n<div class=\"mod\">\n<div class=\"Z1hOCe\">\n<div class=\"zloOqf kno-fb-ctx\"><span class=\"w8qArf\"><strong><a class=\"fl\" href=\"https:\/\/www.google.com\/search?q=hostelgynoeste+telefone&amp;sa=X&amp;ved=0ahUKEwj0z8Tnn53bAhVBlJAKHRosB4MQ6BMIwQEwEQ\">Telefone<\/a>:<\/strong>\u00a0<\/span><span class=\"LrzXr zdqRlf kno-fv\"><a class=\"fl r-iWIn6q6UaaFE\" title=\"Ligar pelo Hangouts\" href=\"https:\/\/www.google.com\/search?ei=LxwGW53FFsamwgTx37eABg&amp;q=hostelgyn+marista+telefone&amp;oq=gyn+hostel&amp;gs_l=psy-ab.1.0.0i71k1l8.0.0.0.20449.0.0.0.0.0.0.0.0..0.0....0...1c..64.psy-ab..0.0.0....0.VogwBN5aloQ#\">(62) 93921-0356<\/a><\/span><\/div>\n<\/div>\n<\/div>\n","protected":false},"excerpt":{"rendered":"<p>[social_share style=&#8221;circle&#8221; align=&#8221;horizontal&#8221; heading_align=&#8221;inline&#8221; text=&#8221;&#8221; heading=&#8221;&#8221; facebook=&#8221;1&#8243; whatsapp=&#8221;1&#8243; telegram=&#8221;1&#8243; twitter=&#8221;1&#8243; google_plus=&#8221;1&#8243; linkedin=&#8221;1&#8243; pinterest=&#8221;1&#8243; link=&#8221;http:\/\/eventos.ifg.edu.br\/v-coloquio-matematica-centro-oeste\/hospedagem&#8221; \/] &nbsp; Castro&#8217;s Park Hotel***** Endere\u00e7o:\u00a01520, Av. Rep\u00fablica do L\u00edbano &#8211; St. Oeste, Goi\u00e2nia &#8211; GO. Telefone:\u00a0(62) 3096-2000 Crystal Plaza Hotel**** Endere\u00e7o:\u00a0Av. 85, 30 &#8211; St. &hellip;<\/p>\n<p class=\"read-more\"> <a class=\"more-link\" href=\"https:\/\/eventos.ifg.edu.br\/v-coloquio-matematica-centro-oeste\/hospedagem\"> <span class=\"screen-reader-text\">Hospedagem<\/span> Read More &raquo;<\/a><\/p>\n","protected":false},"author":81,"featured_media":0,"parent":0,"menu_order":6,"comment_status":"closed","ping_status":"closed","template":"","meta":{"ngg_post_thumbnail":0,"footnotes":""},"class_list":["post-39","page","type-page","status-publish","hentry"],"_links":{"self":[{"href":"https:\/\/eventos.ifg.edu.br\/v-coloquio-matematica-centro-oeste\/wp-json\/wp\/v2\/pages\/39"}],"collection":[{"href":"https:\/\/eventos.ifg.edu.br\/v-coloquio-matematica-centro-oeste\/wp-json\/wp\/v2\/pages"}],"about":[{"href":"https:\/\/eventos.ifg.edu.br\/v-coloquio-matematica-centro-oeste\/wp-json\/wp\/v2\/types\/page"}],"author":[{"embeddable":true,"href":"https:\/\/eventos.ifg.edu.br\/v-coloquio-matematica-centro-oeste\/wp-json\/wp\/v2\/users\/81"}],"replies":[{"embeddable":true,"href":"https:\/\/eventos.ifg.edu.br\/v-coloquio-matematica-centro-oeste\/wp-json\/wp\/v2\/comments?post=39"}],"version-history":[{"count":26,"href":"https:\/\/eventos.ifg.edu.br\/v-coloquio-matematica-centro-oeste\/wp-json\/wp\/v2\/pages\/39\/revisions"}],"predecessor-version":[{"id":266,"href":"https:\/\/eventos.ifg.edu.br\/v-coloquio-matematica-centro-oeste\/wp-json\/wp\/v2\/pages\/39\/revisions\/266"}],"wp:attachment":[{"href":"https:\/\/eventos.ifg.edu.br\/v-coloquio-matematica-centro-oeste\/wp-json\/wp\/v2\/media?parent=39"}],"curies":[{"name":"wp","href":"https:\/\/api.w.org\/{rel}","templated":true}]}}