{"id":32,"date":"2018-04-23T19:08:28","date_gmt":"2018-04-23T22:08:28","guid":{"rendered":"http:\/\/eventos.ifg.edu.br\/v-coloquio-matematica-centro-oeste\/?page_id=32"},"modified":"2022-06-24T17:34:01","modified_gmt":"2022-06-24T20:34:01","slug":"comissoes","status":"publish","type":"page","link":"https:\/\/eventos.ifg.edu.br\/v-coloquio-matematica-centro-oeste\/apresentacao\/comissoes","title":{"rendered":"Comiss\u00f5es"},"content":{"rendered":"<p>[social_share style=&#8221;circle&#8221; align=&#8221;horizontal&#8221; heading_align=&#8221;inline&#8221; text=&#8221;&#8221; heading=&#8221;&#8221; facebook=&#8221;1&#8243; whatsapp=&#8221;1&#8243; telegram=&#8221;1&#8243; twitter=&#8221;1&#8243; google_plus=&#8221;1&#8243; linkedin=&#8221;1&#8243; pinterest=&#8221;1&#8243; link=&#8221;http:\/\/eventos.ifg.edu.br\/v-coloquio-matematica-centro-oeste\/apresentacao\/comissoes&#8221; \/]<\/p>\n<p>Comiss\u00e3o organizadora local:<\/p>\n<ul>\n<li>Hugo Leonardo da Silva Belis\u00e1rio (IFG\/C\u00e2mpus Goi\u00e2nia);<\/li>\n<li>Jo\u00e3o Lopes Cardoso Filho (IFG\/C\u00e2mpus Goi\u00e2nia);<\/li>\n<li>Jos\u00e9 \u00c9der Salvador de Vasconcelos (IFG\/C\u00e2mpus Goi\u00e2nia);<\/li>\n<li>Maxwell Gon\u00e7alves Ara\u00fajo (IFG\/C\u00e2mpus Goi\u00e2nia);<\/li>\n<li>Orizon Pereira Ferreira (IME\/UFG);<\/li>\n<li>Regina C\u00e9lia Bueno da Fonseca (IFG\/C\u00e2mpus Goi\u00e2nia);<\/li>\n<li>Uender Barbosa de Souza (IFG\/C\u00e2mpus Goi\u00e2nia);<\/li>\n<li>Weslley Pinheiro Barreto (IFG\/C\u00e2mpus Goi\u00e2nia).<\/li>\n<\/ul>\n<p>Comit\u00ea cient\u00edfico:<\/p>\n<ul>\n<li>Cl\u00e1udio Aguinaldo Buzzi (IBILCE\/UNESP);<\/li>\n<li>Jaqueline Godoy Mesquita (DM\/UnB);<\/li>\n<li>Keti Tenenblat (DM\/UnB);<\/li>\n<li>Liliane de Almeida Maia (DM\/UnB);<\/li>\n<li>Orizon Pereira Ferreira (IME\/UFG);<\/li>\n<li>Paolo Piccione (IME\/USP);<\/li>\n<li>Ronaldo Alves Garcia (IME\/UFG).<\/li>\n<\/ul>\n","protected":false},"excerpt":{"rendered":"<p>[social_share style=&#8221;circle&#8221; align=&#8221;horizontal&#8221; heading_align=&#8221;inline&#8221; text=&#8221;&#8221; heading=&#8221;&#8221; facebook=&#8221;1&#8243; whatsapp=&#8221;1&#8243; telegram=&#8221;1&#8243; twitter=&#8221;1&#8243; google_plus=&#8221;1&#8243; linkedin=&#8221;1&#8243; pinterest=&#8221;1&#8243; link=&#8221;http:\/\/eventos.ifg.edu.br\/v-coloquio-matematica-centro-oeste\/apresentacao\/comissoes&#8221; \/] Comiss\u00e3o organizadora local: Hugo Leonardo da Silva Belis\u00e1rio (IFG\/C\u00e2mpus Goi\u00e2nia); Jo\u00e3o Lopes Cardoso Filho (IFG\/C\u00e2mpus Goi\u00e2nia); Jos\u00e9 \u00c9der Salvador de Vasconcelos (IFG\/C\u00e2mpus Goi\u00e2nia); Maxwell Gon\u00e7alves &hellip;<\/p>\n<p class=\"read-more\"> <a class=\"more-link\" href=\"https:\/\/eventos.ifg.edu.br\/v-coloquio-matematica-centro-oeste\/apresentacao\/comissoes\"> <span class=\"screen-reader-text\">Comiss\u00f5es<\/span> Read More &raquo;<\/a><\/p>\n","protected":false},"author":81,"featured_media":0,"parent":24,"menu_order":3,"comment_status":"closed","ping_status":"closed","template":"","meta":{"ngg_post_thumbnail":0,"footnotes":""},"class_list":["post-32","page","type-page","status-publish","hentry"],"_links":{"self":[{"href":"https:\/\/eventos.ifg.edu.br\/v-coloquio-matematica-centro-oeste\/wp-json\/wp\/v2\/pages\/32"}],"collection":[{"href":"https:\/\/eventos.ifg.edu.br\/v-coloquio-matematica-centro-oeste\/wp-json\/wp\/v2\/pages"}],"about":[{"href":"https:\/\/eventos.ifg.edu.br\/v-coloquio-matematica-centro-oeste\/wp-json\/wp\/v2\/types\/page"}],"author":[{"embeddable":true,"href":"https:\/\/eventos.ifg.edu.br\/v-coloquio-matematica-centro-oeste\/wp-json\/wp\/v2\/users\/81"}],"replies":[{"embeddable":true,"href":"https:\/\/eventos.ifg.edu.br\/v-coloquio-matematica-centro-oeste\/wp-json\/wp\/v2\/comments?post=32"}],"version-history":[{"count":11,"href":"https:\/\/eventos.ifg.edu.br\/v-coloquio-matematica-centro-oeste\/wp-json\/wp\/v2\/pages\/32\/revisions"}],"predecessor-version":[{"id":583,"href":"https:\/\/eventos.ifg.edu.br\/v-coloquio-matematica-centro-oeste\/wp-json\/wp\/v2\/pages\/32\/revisions\/583"}],"up":[{"embeddable":true,"href":"https:\/\/eventos.ifg.edu.br\/v-coloquio-matematica-centro-oeste\/wp-json\/wp\/v2\/pages\/24"}],"wp:attachment":[{"href":"https:\/\/eventos.ifg.edu.br\/v-coloquio-matematica-centro-oeste\/wp-json\/wp\/v2\/media?parent=32"}],"curies":[{"name":"wp","href":"https:\/\/api.w.org\/{rel}","templated":true}]}}