{"id":28,"date":"2018-04-23T18:38:47","date_gmt":"2018-04-23T21:38:47","guid":{"rendered":"http:\/\/eventos.ifg.edu.br\/v-coloquio-matematica-centro-oeste\/?page_id=28"},"modified":"2018-05-01T18:38:47","modified_gmt":"2018-05-01T21:38:47","slug":"objetivos","status":"publish","type":"page","link":"https:\/\/eventos.ifg.edu.br\/v-coloquio-matematica-centro-oeste\/apresentacao\/objetivos","title":{"rendered":"Objetivos"},"content":{"rendered":"<p>[social_share style=&#8221;circle&#8221; align=&#8221;horizontal&#8221; heading_align=&#8221;inline&#8221; text=&#8221;&#8221; heading=&#8221;&#8221; facebook=&#8221;1&#8243; whatsapp=&#8221;1&#8243; telegram=&#8221;1&#8243; twitter=&#8221;1&#8243; google_plus=&#8221;1&#8243; linkedin=&#8221;1&#8243; pinterest=&#8221;1&#8243; link=&#8221;http:\/\/eventos.ifg.edu.br\/v-coloquio-matematica-centro-oeste\/apresentacao\/objetivos&#8221; \/]<\/p>\n<p>Os objetivos do evento, definidos pela SBM, s\u00e3o:<\/p>\n<ul>\n<li>Estimular a forma\u00e7\u00e3o de recursos humanos em Matem\u00e1tica, incluindo professores do ensino m\u00e9dio;<\/li>\n<li>Divulgar laborat\u00f3rios de ensino e de novas tecnologias no ensino da Matem\u00e1tica;<\/li>\n<li>Fomentar a intera\u00e7\u00e3o entre as diversas faixas da comunidade Matem\u00e1tica da regi\u00e3o;<\/li>\n<li>Estimular a qualifica\u00e7\u00e3o de profissionais da \u00e1rea;<\/li>\n<li>Propiciar aos estudantes e professores uma vis\u00e3o ampla da Matem\u00e1tica e suas aplica\u00e7\u00f5es;<\/li>\n<li>Firmar o papel da SBM como refer\u00eancia junto a estudantes, professores e coordenadores dos cursos de Matem\u00e1tica, bem como profissionais de \u00e1reas afins;<\/li>\n<li>Gerar textos de qualidade, que estimulem a leitura e o estudo da Matem\u00e1tica;<\/li>\n<li>Despertar o interesse de estudantes para a pesquisa e o ensino da Matem\u00e1tica;<\/li>\n<li>Divulgar projetos de inicia\u00e7\u00e3o cient\u00edfica desenvolvidos no \u00e2mbito das institui\u00e7\u00f5es de ensino e pesquisa;<\/li>\n<li>Divulgar resultados de pesquisa desenvolvidos na regi\u00e3o e forma\u00e7\u00e3o de redes de pesquisa, promovendo a integra\u00e7\u00e3o regional.<\/li>\n<\/ul>\n<p>FONTE: <a href=\"https:\/\/www.sbm.org.br\/eventos\/coloquios-de-matematica-das-regioes\">SBM<\/a><\/p>\n","protected":false},"excerpt":{"rendered":"<p>[social_share style=&#8221;circle&#8221; align=&#8221;horizontal&#8221; heading_align=&#8221;inline&#8221; text=&#8221;&#8221; heading=&#8221;&#8221; facebook=&#8221;1&#8243; whatsapp=&#8221;1&#8243; telegram=&#8221;1&#8243; twitter=&#8221;1&#8243; google_plus=&#8221;1&#8243; linkedin=&#8221;1&#8243; pinterest=&#8221;1&#8243; link=&#8221;http:\/\/eventos.ifg.edu.br\/v-coloquio-matematica-centro-oeste\/apresentacao\/objetivos&#8221; \/] Os objetivos do evento, definidos pela SBM, s\u00e3o: Estimular a forma\u00e7\u00e3o de recursos humanos em Matem\u00e1tica, incluindo professores do ensino m\u00e9dio; Divulgar laborat\u00f3rios de ensino &hellip;<\/p>\n<p class=\"read-more\"> <a class=\"more-link\" href=\"https:\/\/eventos.ifg.edu.br\/v-coloquio-matematica-centro-oeste\/apresentacao\/objetivos\"> <span class=\"screen-reader-text\">Objetivos<\/span> Read More &raquo;<\/a><\/p>\n","protected":false},"author":81,"featured_media":0,"parent":24,"menu_order":2,"comment_status":"closed","ping_status":"closed","template":"","meta":{"ngg_post_thumbnail":0,"footnotes":""},"class_list":["post-28","page","type-page","status-publish","hentry"],"_links":{"self":[{"href":"https:\/\/eventos.ifg.edu.br\/v-coloquio-matematica-centro-oeste\/wp-json\/wp\/v2\/pages\/28"}],"collection":[{"href":"https:\/\/eventos.ifg.edu.br\/v-coloquio-matematica-centro-oeste\/wp-json\/wp\/v2\/pages"}],"about":[{"href":"https:\/\/eventos.ifg.edu.br\/v-coloquio-matematica-centro-oeste\/wp-json\/wp\/v2\/types\/page"}],"author":[{"embeddable":true,"href":"https:\/\/eventos.ifg.edu.br\/v-coloquio-matematica-centro-oeste\/wp-json\/wp\/v2\/users\/81"}],"replies":[{"embeddable":true,"href":"https:\/\/eventos.ifg.edu.br\/v-coloquio-matematica-centro-oeste\/wp-json\/wp\/v2\/comments?post=28"}],"version-history":[{"count":8,"href":"https:\/\/eventos.ifg.edu.br\/v-coloquio-matematica-centro-oeste\/wp-json\/wp\/v2\/pages\/28\/revisions"}],"predecessor-version":[{"id":148,"href":"https:\/\/eventos.ifg.edu.br\/v-coloquio-matematica-centro-oeste\/wp-json\/wp\/v2\/pages\/28\/revisions\/148"}],"up":[{"embeddable":true,"href":"https:\/\/eventos.ifg.edu.br\/v-coloquio-matematica-centro-oeste\/wp-json\/wp\/v2\/pages\/24"}],"wp:attachment":[{"href":"https:\/\/eventos.ifg.edu.br\/v-coloquio-matematica-centro-oeste\/wp-json\/wp\/v2\/media?parent=28"}],"curies":[{"name":"wp","href":"https:\/\/api.w.org\/{rel}","templated":true}]}}