{"id":272,"date":"2018-09-05T02:26:15","date_gmt":"2018-09-05T05:26:15","guid":{"rendered":"http:\/\/eventos.ifg.edu.br\/v-coloquio-matematica-centro-oeste\/?page_id=272"},"modified":"2018-11-17T13:26:34","modified_gmt":"2018-11-17T15:26:34","slug":"conferencias","status":"publish","type":"page","link":"https:\/\/eventos.ifg.edu.br\/v-coloquio-matematica-centro-oeste\/programacao\/conferencias","title":{"rendered":"Confer\u00eancias"},"content":{"rendered":"<p>[social_share style=&#8221;circle&#8221; align=&#8221;horizontal&#8221; heading_align=&#8221;inline&#8221; text=&#8221;&#8221; heading=&#8221;&#8221; facebook=&#8221;1&#8243; whatsapp=&#8221;1&#8243; telegram=&#8221;1&#8243; twitter=&#8221;1&#8243; google_plus=&#8221;1&#8243; linkedin=&#8221;1&#8243; pinterest=&#8221;1&#8243; link=&#8221;http:\/\/eventos.ifg.edu.br\/v-coloquio-matematica-centro-oeste\/conferencias&#8221; \/]<\/p>\n<p>Contaremos com a presen\u00e7a dos seguintes conferencistas convidados:<\/p>\n<h3><em>CA &#8212; &#8220;Superficies com curvatura constante e variedades de Eisntein&#8221;<\/em><\/h3>\n<h4>&#8212;&nbsp;<a href=\"http:\/\/lattes.cnpq.br\/2675728978857991\">Romildo da Silva Pina<\/a> (UFG)<\/h4>\n<blockquote><p>Nesta palestra vamos considerar superf\u00edcies com curvatura constante no espa\u00e7o Euclidiano e em espa\u00e7os que s\u00e3o conformemente planos. Em seguida, vamos falar sobre as variedades de Einstein,<br \/>\nmostrando v\u00e1rios problemas que est\u00e3o sendo estudados nos dias atuais e est\u00e3o todos relacionados com essas variedades. Mostraremos que o estudo dos problemas apresentados<br \/>\nest\u00e1 diretamente relacionado ao estudo de equa\u00e7\u00f5es diferenciais parciais ou ordin\u00e1rias.<\/p><\/blockquote>\n<h3><em>CF1 &#8212; &#8220;Sobre problemas de colora\u00e7\u00e3o em grafos&#8221;<\/em><\/h3>\n<h4>&#8212;&nbsp;<a href=\"http:\/\/lattes.cnpq.br\/3041110572471417\">Diana Sasaki Nobrega<\/a> (UERJ)<\/h4>\n<blockquote><p>Os problemas de colora\u00e7\u00e3o em grafos modelam situa\u00e7\u00f5es de conflito da vida real. Um destes, o problema de colora\u00e7\u00e3o total em grafos, \u00e9 o principal foco da minha pesquisa. Uma colora\u00e7\u00e3o total de um grafo \u00e9 uma atribui\u00e7\u00e3o de cores \u00e0s arestas e aos v\u00e9rtices do grafo de forma que elementos adjacentes possuam cores diferentes. Estudamos o problema de determinar o menor n\u00famero de cores que bastam para se colorir um grafo com uma colora\u00e7\u00e3o total. Apresentaremos defini\u00e7\u00f5es importantes, o problema hist\u00f3rico e motivador deste t\u00f3pico, bem como os principais resultados e proje\u00e7\u00f5es da pesquisadora.<\/p><\/blockquote>\n<h3><em>CF2 &#8212; \u201cUnificando a an\u00e1lise de converg\u00eancia do m\u00e9todo de Newton\u201d<br \/>\n<\/em><\/h3>\n<h4>&#8212; <a href=\"http:\/\/lattes.cnpq.br\/0201145506453251\">Orizon Pereira Ferreira<\/a> (UFG)<\/h4>\n<blockquote><p>Neste palestra vamos considerar o m\u00e9todo de Newton para resolver equa\u00e7\u00f5es da forma f(x)=0, onde f:\u03a9 \u2192 <strong>R<\/strong><sup>n<\/sup> \u00e9 uma fun\u00e7\u00e3o continuamente diferenci\u00e1vel e \u03a9 \u00e9 um subconjunto aberto de <strong>R<\/strong><sup>n<\/sup>. Vamos considerar alguns resultados cl\u00e1ssicos sobre o m\u00e9todo de Newton para resolver estas equa\u00e7\u00f5es. Em particular, ser\u00e1 mostrado que sob a hip\u00f3tese adequada o m\u00e9todo de Newton converge a uma solu\u00e7\u00e3o com taxa quadr\u00e1tica. A an\u00e1lise apresentada permitir\u00e1 unificar v\u00e1rios resultados cl\u00e1ssicos relativos ao m\u00e9todo de Newton.<\/p><\/blockquote>\n<h3><em>CF3 &#8212; \u201cEqua\u00e7\u00f5es de Euler Imcompress\u00edveis\u201d<br \/>\n<\/em><\/h3>\n<h4>&#8212; <a href=\"http:\/\/lattes.cnpq.br\/4055867005462626\">Anne Caroline Bronzi<\/a> (UNICAMP)<\/h4>\n<blockquote><p>Nesta palestra ser\u00e1 apresentada uma vis\u00e3o geral sobre problemas referentes \u00e0s equa\u00e7\u00f5es de Euler incompress\u00edveis. Em particular, discutiremos resultados de exist\u00eancia, unicidade e regularidade de solu\u00e7\u00f5es das equa\u00e7\u00f5es de Euler em duas e tr\u00eas dimens\u00f5es. Al\u00e9m disso, em dimens\u00e3o tr\u00eas, analisaremos um poss\u00edvel cen\u00e1rio de forma\u00e7\u00e3o de singularidade auto-similar em tempo finito.<\/p><\/blockquote>\n<h3><em>CF4 &#8212; &#8220;N\u00fameros irracionais e transcendentes: a floresta invis\u00edvel!&#8221;<\/em><\/h3>\n<h4>&#8212;&nbsp;<a href=\"http:\/\/lattes.cnpq.br\/9445345488826196\">Diego Marques<\/a>&nbsp;(UnB)<\/h4>\n<blockquote><p>Nessa palestra falaremos um pouco sobre a teoria dos n\u00fameros transcendentes e nossos trabalhos sobre o assunto.<\/p><\/blockquote>\n<h3><em>CF5 &#8212; &#8220;Mountain Pass Algorithm via Pohozaev Manifold&#8221;<\/em><\/h3>\n<h4>&#8212;&nbsp;<a href=\"http:\/\/lattes.cnpq.br\/3322914857605786\">Ricardo Ruviaro<\/a> (UnB)<\/h4>\n<blockquote><p>A new numerical algorithm for solving non-homogeneous asymptotically linear problems as well as superlinear problems is presented. The ground state solution of the problem, which in general is obtained as a min-max of the associated functional, is obtained as a minimum of the functional constrained to the Pohoazev manifold instead. Examples are given of the use of this numerical method for finding numerical solutions depending on various parameters.<\/p><\/blockquote>\n<h3><em>CF6 &#8212; &#8220;Geometric regularity for Partial Differential Equations&#8221;<\/em><\/h3>\n<h4>&#8212;&nbsp;<a href=\"http:\/\/lattes.cnpq.br\/4664734271138581\">Edgard Almeida Pimentel<\/a> (PUC-Rio)<\/h4>\n<blockquote><p>In this talk we examine the regularity theory of the solutions to a few examples of (nonlinear) PDEs. Arguing through a genuinely geometrical method, we produce regularity results in Sobolev and H\u00f6lder spaces, including some borderline cases. Our techniques relate a problem of interest to another one &#8211; for which a richer theory is available &#8211; by means of a geometric structure, e.g., a path. Ideally, information is transported along such a path, giving access to finer properties of the original equation. Our examples include elliptic and parabolic fully nonlinear problems, the Isaacs equation, degenerate examples and a double divergence model. We close the talk with a discussion on open problems and further directions of work.<\/p><\/blockquote>\n<h3><em>CF7 &#8212; &#8220;Uma abordagem sobre m\u00e9todos tipo Cauchy para problemas de minimiza\u00e7\u00e3o&#8221;<\/em><\/h3>\n<h4>&#8212;&nbsp;<a href=\"http:\/\/lattes.cnpq.br\/1089906772427394\">Glaydston de Carvalho Bento<\/a> (UFG)<\/h4>\n<blockquote><p>O m\u00e9todo de Cauchy (tamb\u00e9m conhecido como o m\u00e9todo do gradiente ou de descida mais \u00edngreme)<br \/>\n\u00e9 um dos processos de minimiza\u00e7\u00e3o mais antigos e b\u00e1sicos para otimiza\u00e7\u00e3o escalar irrestrita. Apesar de suas falhas computacionais, como o padr\u00e3o em zigue-zague, o m\u00e9todo Cauchy pode ser considerado um dos procedimentos mais importantes para minimizar fun\u00e7\u00f5es reais definidas no espa\u00e7o euclidiano, j\u00e1 que \u00e9 o ponto de partida para muitos outros algoritmos mais sofisticados e eficientes. Nesta palestra pretendo apresentar uma abordagem sobre as principais id\u00e9ias e fundamentos matem\u00e1ticos relacionados aos m\u00e9todos do tipo Cauchy para problemas de minimiza\u00e7\u00e3o em diferentes cen\u00e1rios.<\/p><\/blockquote>\n<h3><em>CF8 &#8212; &#8220;Cicloides Discretas a partir de Pol\u00edgonos Sim\u00e9tricos&#8221;<\/em><\/h3>\n<h4>&#8212;&nbsp;<a href=\"http:\/\/lattes.cnpq.br\/1344518864144443\">Ralph Costa Teixeira<\/a> (UFF)<\/h4>\n<blockquote><p>A evoluta de uma curva pode ser definida como o conjunto de seus centros de curvatura. As cicl\u00f3ides, epicicl\u00f3ides e hipocicl\u00f3ides t\u00eam uma propriedade em comum raramente mencionada: elas s\u00e3o semelhantes (homot\u00e9ticas) \u00e0s suas evolutas. Mas e se a bola unit\u00e1ria do plano for trocada por um pol\u00edgono, ser\u00e1 poss\u00edvel redefinir o conceito de evoluta, e ent\u00e3o encontrar cicl\u00f3ides poligonais que sejam genuinamente discretas? SIM! Para tanto:<br \/>\n\u2022 Apresentaremos uma representa\u00e7\u00e3o de curvas poligonais de 2n lados como vetores em <strong>R<\/strong><sup>2n<\/sup>&nbsp; (o Espa\u00e7o de Raios de Curvatura);<br \/>\n\u2022 Criaremos uma transforma\u00e7\u00e3o (dupla) evoluta que ser\u00e1 um operador linear (auto-adjunto!) em tal espa\u00e7o;<br \/>\n\u2022 Definiremos cicl\u00f3ides discretas como autovetores deste operador.<\/p><\/blockquote>\n<h3><em>CE &#8212; &#8220;Multiplica\u00e7\u00e3o r\u00e1pida de inteiros&#8221;<\/em><\/h3>\n<h4>&#8212;&nbsp;<a href=\"http:\/\/lattes.cnpq.br\/9628749644626407\">Evilson da Silva Vieira<\/a> (UFS)<\/h4>\n<blockquote><p>O m\u00e9todo mais popular de multiplica\u00e7\u00e3o de dois n\u00fameros inteiros, o m\u00e9todo de convolu\u00e7\u00e3o, tem um custo computacional proporcional a n\u00b2, onde n \u00e9 a soma das quantidades de casas decimais dos fatores. Nesta palestra apresentaremos um m\u00e9todo de multiplica\u00e7\u00e3o de inteiros usando Transformada de Fourier Discreta (DFT) com um algor\u00edtimo de Transformada R\u00e1pida de Fourier (FFT) que reduz este custo para um valor proporcional a n log n. Uma redu\u00e7\u00e3o significativa que permite, por exemplo, implementa\u00e7\u00f5es de algor\u00edtimos r\u00e1pidos de testes de primalidade, que exigem muitas multiplica\u00e7\u00f5es, como os testes baseados no Pequeno Teorema de Fermat, em particular o teste de primalidade de n\u00fameros de Mersenne usando a sequ\u00eancia de Lucas-Lehmer.<\/p><\/blockquote>\n","protected":false},"excerpt":{"rendered":"<p>[social_share style=&#8221;circle&#8221; align=&#8221;horizontal&#8221; heading_align=&#8221;inline&#8221; text=&#8221;&#8221; heading=&#8221;&#8221; facebook=&#8221;1&#8243; whatsapp=&#8221;1&#8243; telegram=&#8221;1&#8243; twitter=&#8221;1&#8243; google_plus=&#8221;1&#8243; linkedin=&#8221;1&#8243; pinterest=&#8221;1&#8243; link=&#8221;http:\/\/eventos.ifg.edu.br\/v-coloquio-matematica-centro-oeste\/conferencias&#8221; \/] Contaremos com a presen\u00e7a dos seguintes conferencistas convidados: CA &#8212; &#8220;Superficies com curvatura constante e variedades de Eisntein&#8221; &#8212;&nbsp;Romildo da Silva Pina (UFG) Nesta palestra &hellip;<\/p>\n<p class=\"read-more\"> <a class=\"more-link\" href=\"https:\/\/eventos.ifg.edu.br\/v-coloquio-matematica-centro-oeste\/programacao\/conferencias\"> <span class=\"screen-reader-text\">Confer\u00eancias<\/span> Read More &raquo;<\/a><\/p>\n","protected":false},"author":81,"featured_media":0,"parent":276,"menu_order":1,"comment_status":"closed","ping_status":"closed","template":"","meta":{"ngg_post_thumbnail":0,"footnotes":""},"class_list":["post-272","page","type-page","status-publish","hentry"],"_links":{"self":[{"href":"https:\/\/eventos.ifg.edu.br\/v-coloquio-matematica-centro-oeste\/wp-json\/wp\/v2\/pages\/272"}],"collection":[{"href":"https:\/\/eventos.ifg.edu.br\/v-coloquio-matematica-centro-oeste\/wp-json\/wp\/v2\/pages"}],"about":[{"href":"https:\/\/eventos.ifg.edu.br\/v-coloquio-matematica-centro-oeste\/wp-json\/wp\/v2\/types\/page"}],"author":[{"embeddable":true,"href":"https:\/\/eventos.ifg.edu.br\/v-coloquio-matematica-centro-oeste\/wp-json\/wp\/v2\/users\/81"}],"replies":[{"embeddable":true,"href":"https:\/\/eventos.ifg.edu.br\/v-coloquio-matematica-centro-oeste\/wp-json\/wp\/v2\/comments?post=272"}],"version-history":[{"count":56,"href":"https:\/\/eventos.ifg.edu.br\/v-coloquio-matematica-centro-oeste\/wp-json\/wp\/v2\/pages\/272\/revisions"}],"predecessor-version":[{"id":466,"href":"https:\/\/eventos.ifg.edu.br\/v-coloquio-matematica-centro-oeste\/wp-json\/wp\/v2\/pages\/272\/revisions\/466"}],"up":[{"embeddable":true,"href":"https:\/\/eventos.ifg.edu.br\/v-coloquio-matematica-centro-oeste\/wp-json\/wp\/v2\/pages\/276"}],"wp:attachment":[{"href":"https:\/\/eventos.ifg.edu.br\/v-coloquio-matematica-centro-oeste\/wp-json\/wp\/v2\/media?parent=272"}],"curies":[{"name":"wp","href":"https:\/\/api.w.org\/{rel}","templated":true}]}}