{"id":249,"date":"2018-08-21T01:06:32","date_gmt":"2018-08-21T04:06:32","guid":{"rendered":"http:\/\/eventos.ifg.edu.br\/v-coloquio-matematica-centro-oeste\/?page_id=249"},"modified":"2018-10-03T09:57:55","modified_gmt":"2018-10-03T12:57:55","slug":"apresentacoes-orais-e-posteres","status":"publish","type":"page","link":"https:\/\/eventos.ifg.edu.br\/v-coloquio-matematica-centro-oeste\/submissoes\/apresentacoes-orais-e-posteres","title":{"rendered":"Apresenta\u00e7\u00f5es orais e p\u00f4steres"},"content":{"rendered":"<div class=\"post-entry\">\n<p>Est\u00e1 aberto o prazo para submiss\u00e3o de resumos para Apresenta\u00e7\u00f5es Orais e P\u00f4steres no V Col\u00f3quio de Matem\u00e1tica da Regi\u00e3o Centro-Oeste.<\/p>\n<p>Os resumos submetidos na modalidade de Apresenta\u00e7\u00e3o Oral ou P\u00f4ster para o V Col\u00f3quio de Matem\u00e1tica da Regi\u00e3o Centro-Oeste, devem ter at\u00e9 tr\u00eas p\u00e1ginas.<\/p>\n<p>As Apresenta\u00e7\u00f5es Orais ser\u00e3o distribuidas em oito sess\u00f5es t\u00e9cnicas com as tem\u00e1ticas: Otimiza\u00e7\u00e3o, Sistemas Din\u00e2micos, Ensino\/Educa\u00e7\u00e3o Matem\u00e1tica, \u00c1lgebra\/Teoria dos N\u00fameros, Probabilidade\/Estat\u00edstica, An\u00e1lise, Geometria e Matem\u00e1tica Aplicada. Os p\u00f4steres ser\u00e3o distribu\u00eddos em sess\u00f5es de apresenta\u00e7\u00e3o de p\u00f4steres distribu\u00eddas ao longo da programa\u00e7\u00e3o do evento.<\/p>\n<p>O arquivo com o resumo deve ser enviado em formato PDF para o email <a href=\"mailto:vcmco.ifg@gmail.com\">vcmco.ifg@gmail.com<\/a>. <del>O prazo final para envio de resumos \u00e9 30 de setembro de 2018.<\/del><\/p>\n<p><span style=\"color: #ff0000\">O prazo para envio de propostas est\u00e1 reaberto at\u00e9 21 de outubro de 2018.<\/span><\/p>\n<p>Os trabalhos submetidos et\u00e1 30 de setembro ter\u00e3o&nbsp;<\/p>\n<p>Baixe <a href=\"https:\/\/drive.google.com\/file\/d\/1LMCLKpJLdWWSzEBKR8MFoni34L7tRYRQ\/view?usp=sharing\">aqui<\/a> o modelo de resumo a ser enviado!<\/p>\n<p>Mais informa\u00e7\u00f5es pelo email: <a href=\"mailto:vcmco.ifg@gmail.com\">vcmco.ifg@gmail.com<\/a>.<\/p>\n<\/div>\n","protected":false},"excerpt":{"rendered":"<p>Est\u00e1 aberto o prazo para submiss\u00e3o de resumos para Apresenta\u00e7\u00f5es Orais e P\u00f4steres no V Col\u00f3quio de Matem\u00e1tica da Regi\u00e3o Centro-Oeste. Os resumos submetidos na modalidade de Apresenta\u00e7\u00e3o Oral ou P\u00f4ster para o V Col\u00f3quio de Matem\u00e1tica da Regi\u00e3o Centro-Oeste, &hellip;<\/p>\n<p class=\"read-more\"> <a class=\"more-link\" href=\"https:\/\/eventos.ifg.edu.br\/v-coloquio-matematica-centro-oeste\/submissoes\/apresentacoes-orais-e-posteres\"> <span class=\"screen-reader-text\">Apresenta\u00e7\u00f5es orais e p\u00f4steres<\/span> Read More &raquo;<\/a><\/p>\n","protected":false},"author":81,"featured_media":0,"parent":37,"menu_order":2,"comment_status":"closed","ping_status":"closed","template":"","meta":{"ngg_post_thumbnail":0,"footnotes":""},"class_list":["post-249","page","type-page","status-publish","hentry"],"_links":{"self":[{"href":"https:\/\/eventos.ifg.edu.br\/v-coloquio-matematica-centro-oeste\/wp-json\/wp\/v2\/pages\/249"}],"collection":[{"href":"https:\/\/eventos.ifg.edu.br\/v-coloquio-matematica-centro-oeste\/wp-json\/wp\/v2\/pages"}],"about":[{"href":"https:\/\/eventos.ifg.edu.br\/v-coloquio-matematica-centro-oeste\/wp-json\/wp\/v2\/types\/page"}],"author":[{"embeddable":true,"href":"https:\/\/eventos.ifg.edu.br\/v-coloquio-matematica-centro-oeste\/wp-json\/wp\/v2\/users\/81"}],"replies":[{"embeddable":true,"href":"https:\/\/eventos.ifg.edu.br\/v-coloquio-matematica-centro-oeste\/wp-json\/wp\/v2\/comments?post=249"}],"version-history":[{"count":10,"href":"https:\/\/eventos.ifg.edu.br\/v-coloquio-matematica-centro-oeste\/wp-json\/wp\/v2\/pages\/249\/revisions"}],"predecessor-version":[{"id":320,"href":"https:\/\/eventos.ifg.edu.br\/v-coloquio-matematica-centro-oeste\/wp-json\/wp\/v2\/pages\/249\/revisions\/320"}],"up":[{"embeddable":true,"href":"https:\/\/eventos.ifg.edu.br\/v-coloquio-matematica-centro-oeste\/wp-json\/wp\/v2\/pages\/37"}],"wp:attachment":[{"href":"https:\/\/eventos.ifg.edu.br\/v-coloquio-matematica-centro-oeste\/wp-json\/wp\/v2\/media?parent=249"}],"curies":[{"name":"wp","href":"https:\/\/api.w.org\/{rel}","templated":true}]}}