{"id":210,"date":"2018-06-01T04:13:25","date_gmt":"2018-06-01T07:13:25","guid":{"rendered":"http:\/\/eventos.ifg.edu.br\/v-coloquio-matematica-centro-oeste\/?page_id=210"},"modified":"2018-08-21T03:49:49","modified_gmt":"2018-08-21T06:49:49","slug":"minicursos-e-oficinas","status":"publish","type":"page","link":"https:\/\/eventos.ifg.edu.br\/v-coloquio-matematica-centro-oeste\/submissoes\/minicursos-e-oficinas","title":{"rendered":"Minicursos e oficinas"},"content":{"rendered":"<p>Est\u00e1 aberto o prazo para submiss\u00e3o de propostas de minicursos e oficinas no V Col\u00f3quio de Matem\u00e1tica da Regi\u00e3o Centro-Oeste.<\/p>\n<p>Os\u00a0 trabalhos a serem submetidos na modalidade de minicurso ou oficina para o V Col\u00f3quio de Matem\u00e1tica da Regi\u00e3o Centro-Oeste, devem ter at\u00e9 tr\u00eas p\u00e1ginas. Cada minicurso ter\u00e1 dura\u00e7\u00e3o de 6h, em quatro encontros de uma hora e meia, e as oficinas ter\u00e3o 1,5 ou 3 tr\u00eas horas de dura\u00e7\u00e3o, um ou dois encontros de uma hora e meia.<\/p>\n<p>A proposta deve conter no m\u00ednimo: o tipo (minicurso ou oficina) e a dura\u00e7\u00e3o da atividade, um resumo do conte\u00fado a ser abordado na atividade, pr\u00e9-requisitos m\u00ednimos exigidos aos participantes, n\u00famero m\u00e1ximo de participantes admitidos na atividade, recursos necess\u00e1rios para a realiza\u00e7\u00e3o (computador, datashow, calculadora, etc&#8230;) e as principais refer\u00eancias bibliogr\u00e1ficas.<\/p>\n<p>O arquivo com a proposta deve ser enviado em formato PDF para o email <a href=\"mailto:vcmco.ifg@gmail.com\">vcmco.ifg@gmail.com<\/a>. O prazo final para envio de propostas \u00e9 07 de julho de 2018.<\/p>\n<p>Baixe <a href=\"https:\/\/drive.google.com\/open?id=1K4XlcEyAtNdBVuCAiKID3zJNuDJJhjei\">aqui<\/a> o modelo de proposta a ser enviado!<\/p>\n<p>As propostas recebidas ser\u00e3o avaliadas pela comiss\u00e3o cient\u00edfica do evento e as atividades selecionadas ser\u00e3o divulgadas no site do evento no dia 23 de julho de 2018.<\/p>\n<p><span style=\"color: #ff0000\">ATEN\u00c7\u00c3O: o prazo para submiss\u00e3o de propostas foi prorrogado at\u00e9 o dia 20 de agosto de 2018.<\/span><\/p>\n<p>Mais informa\u00e7\u00f5es pelo email <a href=\"mailto:vcmco.ifg@gmail.com\">vcmco.ifg@gmail.com<\/a>.<\/p>\n","protected":false},"excerpt":{"rendered":"<p>Est\u00e1 aberto o prazo para submiss\u00e3o de propostas de minicursos e oficinas no V Col\u00f3quio de Matem\u00e1tica da Regi\u00e3o Centro-Oeste. Os\u00a0 trabalhos a serem submetidos na modalidade de minicurso ou oficina para o V Col\u00f3quio de Matem\u00e1tica da Regi\u00e3o Centro-Oeste, &hellip;<\/p>\n<p class=\"read-more\"> <a class=\"more-link\" href=\"https:\/\/eventos.ifg.edu.br\/v-coloquio-matematica-centro-oeste\/submissoes\/minicursos-e-oficinas\"> <span class=\"screen-reader-text\">Minicursos e oficinas<\/span> Read More &raquo;<\/a><\/p>\n","protected":false},"author":81,"featured_media":0,"parent":37,"menu_order":1,"comment_status":"closed","ping_status":"closed","template":"","meta":{"ngg_post_thumbnail":0,"footnotes":""},"class_list":["post-210","page","type-page","status-publish","hentry"],"_links":{"self":[{"href":"https:\/\/eventos.ifg.edu.br\/v-coloquio-matematica-centro-oeste\/wp-json\/wp\/v2\/pages\/210"}],"collection":[{"href":"https:\/\/eventos.ifg.edu.br\/v-coloquio-matematica-centro-oeste\/wp-json\/wp\/v2\/pages"}],"about":[{"href":"https:\/\/eventos.ifg.edu.br\/v-coloquio-matematica-centro-oeste\/wp-json\/wp\/v2\/types\/page"}],"author":[{"embeddable":true,"href":"https:\/\/eventos.ifg.edu.br\/v-coloquio-matematica-centro-oeste\/wp-json\/wp\/v2\/users\/81"}],"replies":[{"embeddable":true,"href":"https:\/\/eventos.ifg.edu.br\/v-coloquio-matematica-centro-oeste\/wp-json\/wp\/v2\/comments?post=210"}],"version-history":[{"count":8,"href":"https:\/\/eventos.ifg.edu.br\/v-coloquio-matematica-centro-oeste\/wp-json\/wp\/v2\/pages\/210\/revisions"}],"predecessor-version":[{"id":237,"href":"https:\/\/eventos.ifg.edu.br\/v-coloquio-matematica-centro-oeste\/wp-json\/wp\/v2\/pages\/210\/revisions\/237"}],"up":[{"embeddable":true,"href":"https:\/\/eventos.ifg.edu.br\/v-coloquio-matematica-centro-oeste\/wp-json\/wp\/v2\/pages\/37"}],"wp:attachment":[{"href":"https:\/\/eventos.ifg.edu.br\/v-coloquio-matematica-centro-oeste\/wp-json\/wp\/v2\/media?parent=210"}],"curies":[{"name":"wp","href":"https:\/\/api.w.org\/{rel}","templated":true}]}}