{"id":6,"date":"2019-09-26T11:51:32","date_gmt":"2019-09-26T14:51:32","guid":{"rendered":"http:\/\/eventos.ifg.edu.br\/sipeexaparecida\/?page_id=6"},"modified":"2019-09-26T11:51:32","modified_gmt":"2019-09-26T14:51:32","slug":"a-secitec","status":"publish","type":"page","link":"https:\/\/eventos.ifg.edu.br\/sipeexaparecida\/a-secitec\/","title":{"rendered":"A SECITEC"},"content":{"rendered":"<p>A Semana de Educa\u00e7\u00e3o, Ci\u00eancia, Tecnologia e Cultura do Instituto Federal de Goi\u00e1s (Secitec \u2013 IFG Campus Aparecida de Goi\u00e2nia) integra um grande evento, que \u00e9 a\u00a0<a href=\"http:\/\/snct.mctic.gov.br\/portal\" target=\"_blank\">Semana Nacional de Ci\u00eancia e Tecnologia<\/a>,\u00a0iniciativa do\u00a0Minist\u00e9rio da Ci\u00eancia, Tecnologia, Inova\u00e7\u00f5es e Comunica\u00e7\u00f5es.\u00a0A tem\u00e1tica proposta\u00a0para 2019 \u00e9 <strong>\u201cBioeconomia: &#8220;Diversidade e Riqueza para Desenvolvimento Sustent\u00e1vel\u201c.<\/strong><\/p>\n<p>A\u00a0Secitec tem o objetivo de abrir as portas da IFG \u2013 Campus Aparecida de Goi\u00e2nia para que a comunidade externa conhe\u00e7a seus cursos, projetos, estrutura f\u00edsica, programas e pesquisas desenvolvidas por seus alunos, professores e servidores. Sua programa\u00e7\u00e3o diversificada \u00e9 voltada \u00e0 sociedade, incluindo egressos, estudantes de escolas p\u00fablicas e particulares de Goi\u00e2nia e regi\u00e3o, pessoas ligadas ao setor empresarial, entre outros.<\/p>\n","protected":false},"excerpt":{"rendered":"<p>A Semana de Educa\u00e7\u00e3o, Ci\u00eancia, Tecnologia e Cultura do Instituto Federal de Goi\u00e1s (Secitec \u2013 IFG Campus Aparecida de Goi\u00e2nia) integra um grande evento, que \u00e9 a\u00a0Semana Nacional de Ci\u00eancia e Tecnologia,\u00a0iniciativa do\u00a0Minist\u00e9rio da Ci\u00eancia, Tecnologia, Inova\u00e7\u00f5es e Comunica\u00e7\u00f5es.\u00a0A tem\u00e1tica proposta\u00a0para 2019 \u00e9 \u201cBioeconomia: &#8220;Diversidade e Riqueza para Desenvolvimento Sustent\u00e1vel\u201c. A\u00a0Secitec tem o objetivo de [&hellip;]<\/p>\n","protected":false},"author":113,"featured_media":0,"parent":0,"menu_order":0,"comment_status":"closed","ping_status":"closed","template":"","meta":{"footnotes":""},"class_list":["post-6","page","type-page","status-publish","hentry"],"_links":{"self":[{"href":"https:\/\/eventos.ifg.edu.br\/sipeexaparecida\/wp-json\/wp\/v2\/pages\/6"}],"collection":[{"href":"https:\/\/eventos.ifg.edu.br\/sipeexaparecida\/wp-json\/wp\/v2\/pages"}],"about":[{"href":"https:\/\/eventos.ifg.edu.br\/sipeexaparecida\/wp-json\/wp\/v2\/types\/page"}],"author":[{"embeddable":true,"href":"https:\/\/eventos.ifg.edu.br\/sipeexaparecida\/wp-json\/wp\/v2\/users\/113"}],"replies":[{"embeddable":true,"href":"https:\/\/eventos.ifg.edu.br\/sipeexaparecida\/wp-json\/wp\/v2\/comments?post=6"}],"version-history":[{"count":1,"href":"https:\/\/eventos.ifg.edu.br\/sipeexaparecida\/wp-json\/wp\/v2\/pages\/6\/revisions"}],"predecessor-version":[{"id":7,"href":"https:\/\/eventos.ifg.edu.br\/sipeexaparecida\/wp-json\/wp\/v2\/pages\/6\/revisions\/7"}],"wp:attachment":[{"href":"https:\/\/eventos.ifg.edu.br\/sipeexaparecida\/wp-json\/wp\/v2\/media?parent=6"}],"curies":[{"name":"wp","href":"https:\/\/api.w.org\/{rel}","templated":true}]}}