{"id":2,"date":"2019-09-19T15:42:43","date_gmt":"2019-09-19T18:42:43","guid":{"rendered":"http:\/\/eventos.ifg.edu.br\/sipeexaparecida\/?page_id=2"},"modified":"2019-10-08T16:30:51","modified_gmt":"2019-10-08T19:30:51","slug":"pagina-exemplo","status":"publish","type":"page","link":"https:\/\/eventos.ifg.edu.br\/sipeexaparecida\/pagina-exemplo\/","title":{"rendered":"Inscri\u00e7\u00f5es"},"content":{"rendered":"<h5><strong>Inscri\u00e7\u00f5es para\u00a0Secitec 2019<\/strong><\/h5>\n<h5 class=\"western\"><b><\/b>Para conferir as palestras, oficinas, minicursos e mesas redondas, basta se inscrever gratuitamente online. \u00c9 importante lembrar que, para curtir algumas atividades da Secitec, como apresenta\u00e7\u00f5es culturais e exposi\u00e7\u00f5es, n\u00e3o \u00e9 preciso se inscrever, ok? \u00c9 s\u00f3 chegar e aproveitar!<\/h5>\n<h5 class=\"western\"><a href=\"https:\/\/sugep.ifg.edu.br\/eventos\/#\/publico\/eventos\/69367189-9bf6-4a6f-96f1-2058461d16f9\/inscricao\">Clique aqui<\/a> e se inscreva.<\/h5>\n","protected":false},"excerpt":{"rendered":"<p>Inscri\u00e7\u00f5es para\u00a0Secitec 2019 Para conferir as palestras, oficinas, minicursos e mesas redondas, basta se inscrever gratuitamente online. \u00c9 importante lembrar que, para curtir algumas atividades da Secitec, como apresenta\u00e7\u00f5es culturais e exposi\u00e7\u00f5es, n\u00e3o \u00e9 preciso se inscrever, ok? \u00c9 s\u00f3 chegar e aproveitar! Clique aqui e se inscreva.<\/p>\n","protected":false},"author":113,"featured_media":0,"parent":0,"menu_order":0,"comment_status":"closed","ping_status":"open","template":"","meta":{"footnotes":""},"class_list":["post-2","page","type-page","status-publish","hentry"],"_links":{"self":[{"href":"https:\/\/eventos.ifg.edu.br\/sipeexaparecida\/wp-json\/wp\/v2\/pages\/2"}],"collection":[{"href":"https:\/\/eventos.ifg.edu.br\/sipeexaparecida\/wp-json\/wp\/v2\/pages"}],"about":[{"href":"https:\/\/eventos.ifg.edu.br\/sipeexaparecida\/wp-json\/wp\/v2\/types\/page"}],"author":[{"embeddable":true,"href":"https:\/\/eventos.ifg.edu.br\/sipeexaparecida\/wp-json\/wp\/v2\/users\/113"}],"replies":[{"embeddable":true,"href":"https:\/\/eventos.ifg.edu.br\/sipeexaparecida\/wp-json\/wp\/v2\/comments?post=2"}],"version-history":[{"count":4,"href":"https:\/\/eventos.ifg.edu.br\/sipeexaparecida\/wp-json\/wp\/v2\/pages\/2\/revisions"}],"predecessor-version":[{"id":28,"href":"https:\/\/eventos.ifg.edu.br\/sipeexaparecida\/wp-json\/wp\/v2\/pages\/2\/revisions\/28"}],"wp:attachment":[{"href":"https:\/\/eventos.ifg.edu.br\/sipeexaparecida\/wp-json\/wp\/v2\/media?parent=2"}],"curies":[{"name":"wp","href":"https:\/\/api.w.org\/{rel}","templated":true}]}}