{"id":14,"date":"2019-09-26T12:37:10","date_gmt":"2019-09-26T15:37:10","guid":{"rendered":"http:\/\/eventos.ifg.edu.br\/sipeexaparecida\/?page_id=14"},"modified":"2019-09-26T12:37:10","modified_gmt":"2019-09-26T15:37:10","slug":"local-e-contato","status":"publish","type":"page","link":"https:\/\/eventos.ifg.edu.br\/sipeexaparecida\/local-e-contato\/","title":{"rendered":"Local e Contato"},"content":{"rendered":"<p><strong>Local<\/strong><\/p>\n<p>A Secitec 2019 ser\u00e1 realizada no Campus Aparecida de Goi\u00e2nia do Instituto Federal de Goi\u00e1s (IFG), localizado na Av. Universit\u00e1ria Vereador Vagner da Silva Ferreira (antiga Rua Mucuri), Qd 1, Lt 1-A \u2013 Parque Itatiaia. Aparecida de Goi\u00e2nia-GO. Veja a\u00a0<a href=\"https:\/\/www.google.com.br\/maps\/place\/IFG+-+C%C3%A2mpus+Goi%C3%A2nia\/@-16.6655732,-49.2573312,17z\/data=!3m1!4b1!4m5!3m4!1s0x935ef3da89431569:0x7730244ce193aa44!8m2!3d-16.6655732!4d-49.2551425\" target=\"_blank\">localiza\u00e7\u00e3o no mapa<\/a>!<\/p>\n<p>Confira o\u00a0mapa dos espa\u00e7os do Campus Aparecida de Goi\u00e2nia\u00a0onde v\u00e3o acontecer as atividades da Secitec 2019.<\/p>\n<p><strong>Contato<\/strong><\/p>\n<p>Ger\u00eancia de Pesquisa, P\u00f3s-Gradua\u00e7\u00e3o e Extens\u00e3o\u00a0\u2013 62 3507-5972<\/p>\n<p>&nbsp;<\/p>\n","protected":false},"excerpt":{"rendered":"<p>Local A Secitec 2019 ser\u00e1 realizada no Campus Aparecida de Goi\u00e2nia do Instituto Federal de Goi\u00e1s (IFG), localizado na Av. Universit\u00e1ria Vereador Vagner da Silva Ferreira (antiga Rua Mucuri), Qd 1, Lt 1-A \u2013 Parque Itatiaia. Aparecida de Goi\u00e2nia-GO. Veja a\u00a0localiza\u00e7\u00e3o no mapa! Confira o\u00a0mapa dos espa\u00e7os do Campus Aparecida de Goi\u00e2nia\u00a0onde v\u00e3o acontecer as [&hellip;]<\/p>\n","protected":false},"author":113,"featured_media":0,"parent":0,"menu_order":0,"comment_status":"closed","ping_status":"closed","template":"","meta":{"footnotes":""},"class_list":["post-14","page","type-page","status-publish","hentry"],"_links":{"self":[{"href":"https:\/\/eventos.ifg.edu.br\/sipeexaparecida\/wp-json\/wp\/v2\/pages\/14"}],"collection":[{"href":"https:\/\/eventos.ifg.edu.br\/sipeexaparecida\/wp-json\/wp\/v2\/pages"}],"about":[{"href":"https:\/\/eventos.ifg.edu.br\/sipeexaparecida\/wp-json\/wp\/v2\/types\/page"}],"author":[{"embeddable":true,"href":"https:\/\/eventos.ifg.edu.br\/sipeexaparecida\/wp-json\/wp\/v2\/users\/113"}],"replies":[{"embeddable":true,"href":"https:\/\/eventos.ifg.edu.br\/sipeexaparecida\/wp-json\/wp\/v2\/comments?post=14"}],"version-history":[{"count":1,"href":"https:\/\/eventos.ifg.edu.br\/sipeexaparecida\/wp-json\/wp\/v2\/pages\/14\/revisions"}],"predecessor-version":[{"id":16,"href":"https:\/\/eventos.ifg.edu.br\/sipeexaparecida\/wp-json\/wp\/v2\/pages\/14\/revisions\/16"}],"wp:attachment":[{"href":"https:\/\/eventos.ifg.edu.br\/sipeexaparecida\/wp-json\/wp\/v2\/media?parent=14"}],"curies":[{"name":"wp","href":"https:\/\/api.w.org\/{rel}","templated":true}]}}