{"id":17,"date":"2016-09-29T03:44:30","date_gmt":"2016-09-29T06:44:30","guid":{"rendered":"http:\/\/eventos.ifg.edu.br\/simpeex2016\/?page_id=17"},"modified":"2016-10-02T02:32:24","modified_gmt":"2016-10-02T05:32:24","slug":"inscricao","status":"publish","type":"page","link":"https:\/\/eventos.ifg.edu.br\/simpeex2016\/inscricao\/","title":{"rendered":"Inscri\u00e7\u00e3o"},"content":{"rendered":"<p>A inscri\u00e7\u00e3o dever\u00e1 ser realizada pelo orientador no <em>site <\/em>(<a href=\"http:\/\/sugep.ifg.edu.br\/eventos\/administracao\/seminarios\/1550\"><strong>http:\/\/sugep.ifg.edu.br\/eventos\/administracao\/seminarios\/1550<\/strong><\/a>), no per\u00edodo de 27 de setembro a 10 de outubro de 2016.<\/p>\n<p><a href=\"http:\/\/eventos.ifg.edu.br\/simpeex2016\/wp-content\/uploads\/sites\/11\/2016\/09\/NORMAS-III-SIMPEEX-e-14-FESTIVAL-DE-ARTES.pdf\">NORMAS III SIMPEEX e XIV FESTIVAL DE ARTES (.PDF)<\/a><\/p>\n","protected":false},"excerpt":{"rendered":"<p>A inscri\u00e7\u00e3o dever\u00e1 ser realizada pelo orientador no site (http:\/\/sugep.ifg.edu.br\/eventos\/administracao\/seminarios\/1550), no per\u00edodo de 27 de setembro a 10 de outubro de 2016. NORMAS III SIMPEEX e XIV FESTIVAL DE ARTES (.PDF)<\/p>\n","protected":false},"author":28,"featured_media":0,"parent":0,"menu_order":0,"comment_status":"closed","ping_status":"closed","template":"","meta":{"ngg_post_thumbnail":0,"footnotes":""},"class_list":["post-17","page","type-page","status-publish","hentry"],"_links":{"self":[{"href":"https:\/\/eventos.ifg.edu.br\/simpeex2016\/wp-json\/wp\/v2\/pages\/17"}],"collection":[{"href":"https:\/\/eventos.ifg.edu.br\/simpeex2016\/wp-json\/wp\/v2\/pages"}],"about":[{"href":"https:\/\/eventos.ifg.edu.br\/simpeex2016\/wp-json\/wp\/v2\/types\/page"}],"author":[{"embeddable":true,"href":"https:\/\/eventos.ifg.edu.br\/simpeex2016\/wp-json\/wp\/v2\/users\/28"}],"replies":[{"embeddable":true,"href":"https:\/\/eventos.ifg.edu.br\/simpeex2016\/wp-json\/wp\/v2\/comments?post=17"}],"version-history":[{"count":3,"href":"https:\/\/eventos.ifg.edu.br\/simpeex2016\/wp-json\/wp\/v2\/pages\/17\/revisions"}],"predecessor-version":[{"id":37,"href":"https:\/\/eventos.ifg.edu.br\/simpeex2016\/wp-json\/wp\/v2\/pages\/17\/revisions\/37"}],"wp:attachment":[{"href":"https:\/\/eventos.ifg.edu.br\/simpeex2016\/wp-json\/wp\/v2\/media?parent=17"}],"curies":[{"name":"wp","href":"https:\/\/api.w.org\/{rel}","templated":true}]}}