{"id":88,"date":"2023-10-06T19:11:23","date_gmt":"2023-10-06T22:11:23","guid":{"rendered":"http:\/\/eventos.ifg.edu.br\/sict\/?page_id=88"},"modified":"2023-10-06T19:11:23","modified_gmt":"2023-10-06T22:11:23","slug":"anexos","status":"publish","type":"page","link":"https:\/\/eventos.ifg.edu.br\/sict\/anexos\/","title":{"rendered":"Anexos"},"content":{"rendered":"<p>ANEXO-I-FORMUL\u00c1RIO DE APRESENTA\u00c7\u00c3O DA PROPOSTA DE APOIO OU APOIADOR AO EVENTO &#8211;\u00a0<a href=\"https:\/\/ifg.edu.br\/attachments\/article\/35573\/Anexo%20I%20-%20FORMUL%C3%81RIO%20DE%20APRESENTA%C3%87%C3%83O%20DA%20PROPOSTA%20DE%20APOIO%20OU%20APOIADOR%20AO%20EVENTO.docx\" rel=\"alternate\">Link<\/a>\u00a0(caso tenha problemas, tente <a href=\"https:\/\/www.mediafire.com\/file\/kiuid2secwm0n77\/Anexo_I_-_FORMUL%25C3%2581RIO_DE_APRESENTA%25C3%2587%25C3%2583O_DA_PROPOSTA_DE_APOIO_OU_APOIADOR_AO_EVENTO.docx\/file\">ESSE<\/a>).<\/p>\n<p>ANEXO-II-LISTA DE MATERIAIS E SERVI\u00c7OS SUGERIDOS\u00a0&#8211;\u00a0<a href=\"https:\/\/ifg.edu.br\/attachments\/article\/35573\/ANEXO%20II%20-%20LISTA%20DE%20MATERIAIS%20E%20SERVI%C3%87OS%20SUGERIDOS.pdf\" rel=\"alternate\">Link<\/a><\/p>\n<p>ANEXO-III-CRONOGRAMA\u00a0&#8211;\u00a0<a href=\"https:\/\/ifg.edu.br\/attachments\/article\/35573\/ANEXO%20III%20-%20CRONOGRAMA.pdf\" rel=\"alternate\">Link<\/a><\/p>\n","protected":false},"excerpt":{"rendered":"<p>ANEXO-I-FORMUL\u00c1RIO DE APRESENTA\u00c7\u00c3O DA PROPOSTA DE APOIO OU APOIADOR AO EVENTO &#8211;\u00a0Link\u00a0(caso tenha problemas, tente ESSE). ANEXO-II-LISTA DE MATERIAIS E SERVI\u00c7OS SUGERIDOS\u00a0&#8211;\u00a0Link ANEXO-III-CRONOGRAMA\u00a0&#8211;\u00a0Link<\/p>\n","protected":false},"author":175,"featured_media":0,"parent":0,"menu_order":0,"comment_status":"closed","ping_status":"closed","template":"","meta":{"footnotes":""},"class_list":["post-88","page","type-page","status-publish","hentry"],"_links":{"self":[{"href":"https:\/\/eventos.ifg.edu.br\/sict\/wp-json\/wp\/v2\/pages\/88"}],"collection":[{"href":"https:\/\/eventos.ifg.edu.br\/sict\/wp-json\/wp\/v2\/pages"}],"about":[{"href":"https:\/\/eventos.ifg.edu.br\/sict\/wp-json\/wp\/v2\/types\/page"}],"author":[{"embeddable":true,"href":"https:\/\/eventos.ifg.edu.br\/sict\/wp-json\/wp\/v2\/users\/175"}],"replies":[{"embeddable":true,"href":"https:\/\/eventos.ifg.edu.br\/sict\/wp-json\/wp\/v2\/comments?post=88"}],"version-history":[{"count":1,"href":"https:\/\/eventos.ifg.edu.br\/sict\/wp-json\/wp\/v2\/pages\/88\/revisions"}],"predecessor-version":[{"id":89,"href":"https:\/\/eventos.ifg.edu.br\/sict\/wp-json\/wp\/v2\/pages\/88\/revisions\/89"}],"wp:attachment":[{"href":"https:\/\/eventos.ifg.edu.br\/sict\/wp-json\/wp\/v2\/media?parent=88"}],"curies":[{"name":"wp","href":"https:\/\/api.w.org\/{rel}","templated":true}]}}