{"id":84,"date":"2023-10-03T10:12:28","date_gmt":"2023-10-03T13:12:28","guid":{"rendered":"http:\/\/eventos.ifg.edu.br\/sict\/?page_id=84"},"modified":"2023-10-03T10:12:28","modified_gmt":"2023-10-03T13:12:28","slug":"modelos","status":"publish","type":"page","link":"https:\/\/eventos.ifg.edu.br\/sict\/modelos\/","title":{"rendered":"Modelos"},"content":{"rendered":"<p>Seguem os modelos para apresenta\u00e7\u00e3o.<\/p>\n<p><a href=\"https:\/\/drive.google.com\/file\/d\/1A_Q6dNkcyklnmn3LijkD7H3Aq418Uh0P\/view?usp=sharing\">P\u00d4STER<\/a><\/p>\n<p><a href=\"https:\/\/docs.google.com\/presentation\/d\/11vpkKyIeB4cBmJo5QP_fCk09qgGC_-M0\/edit?usp=sharing&amp;ouid=107200013660113530197&amp;rtpof=true&amp;sd=true\">SLIDES<\/a><\/p>\n","protected":false},"excerpt":{"rendered":"<p>Seguem os modelos para apresenta\u00e7\u00e3o. P\u00d4STER SLIDES<\/p>\n","protected":false},"author":175,"featured_media":0,"parent":0,"menu_order":0,"comment_status":"closed","ping_status":"closed","template":"","meta":{"footnotes":""},"class_list":["post-84","page","type-page","status-publish","hentry"],"_links":{"self":[{"href":"https:\/\/eventos.ifg.edu.br\/sict\/wp-json\/wp\/v2\/pages\/84"}],"collection":[{"href":"https:\/\/eventos.ifg.edu.br\/sict\/wp-json\/wp\/v2\/pages"}],"about":[{"href":"https:\/\/eventos.ifg.edu.br\/sict\/wp-json\/wp\/v2\/types\/page"}],"author":[{"embeddable":true,"href":"https:\/\/eventos.ifg.edu.br\/sict\/wp-json\/wp\/v2\/users\/175"}],"replies":[{"embeddable":true,"href":"https:\/\/eventos.ifg.edu.br\/sict\/wp-json\/wp\/v2\/comments?post=84"}],"version-history":[{"count":1,"href":"https:\/\/eventos.ifg.edu.br\/sict\/wp-json\/wp\/v2\/pages\/84\/revisions"}],"predecessor-version":[{"id":85,"href":"https:\/\/eventos.ifg.edu.br\/sict\/wp-json\/wp\/v2\/pages\/84\/revisions\/85"}],"wp:attachment":[{"href":"https:\/\/eventos.ifg.edu.br\/sict\/wp-json\/wp\/v2\/media?parent=84"}],"curies":[{"name":"wp","href":"https:\/\/api.w.org\/{rel}","templated":true}]}}