{"id":79,"date":"2023-09-29T12:05:36","date_gmt":"2023-09-29T15:05:36","guid":{"rendered":"http:\/\/eventos.ifg.edu.br\/sict\/?page_id=79"},"modified":"2023-10-01T23:56:36","modified_gmt":"2023-10-02T02:56:36","slug":"hospedagem-e-alimentacao","status":"publish","type":"page","link":"https:\/\/eventos.ifg.edu.br\/sict\/hospedagem-e-alimentacao\/","title":{"rendered":"Hospedagem e Alimenta\u00e7\u00e3o"},"content":{"rendered":"<p>Deixamos algumas recomenda\u00e7\u00f5es de hospedagem e alimenta\u00e7\u00e3o pr\u00f3ximo ao local do evento.<\/p>\n<h3>Hospedagem<\/h3>\n<p><img decoding=\"async\" class=\"alignnone size-full wp-image-332\" src=\"http:\/\/eventos.ifg.edu.br\/fecin\/wp-content\/uploads\/sites\/79\/2023\/09\/f07af3dd-9744-43d7-9b78-e9cf77b0f9fb.jpg\" alt=\"Hospedagem\" width=\"500\" \/><\/p>\n<p>Para\u00a0mais op\u00e7\u00f5es, podem\u00a0<a href=\"https:\/\/www.google.com\/maps\/search\/Hot%C3%A9is\/@-16.66563,-49.3043564,11.92z\/data=!4m4!2m3!5m2!5m1!1s2023-10-18?entry=ttu\">ver diretamente pelo Google Maps<\/a>.<\/p>\n<h3>Alimenta\u00e7\u00e3o<\/h3>\n<p><img decoding=\"async\" class=\"alignnone size-full\" src=\"http:\/\/eventos.ifg.edu.br\/fecin\/wp-content\/uploads\/sites\/79\/2023\/09\/323b07fc-d996-4a3c-9fb5-97698bb44e12.jpg\" alt=\"Alimenta\u00e7\u00e3o\" width=\"500\" \/><\/p>\n<p>&nbsp;<\/p>\n","protected":false},"excerpt":{"rendered":"<p>Deixamos algumas recomenda\u00e7\u00f5es de hospedagem e alimenta\u00e7\u00e3o pr\u00f3ximo ao local do evento. Hospedagem Para\u00a0mais op\u00e7\u00f5es, podem\u00a0ver diretamente pelo Google Maps. Alimenta\u00e7\u00e3o &nbsp;<\/p>\n","protected":false},"author":175,"featured_media":0,"parent":0,"menu_order":0,"comment_status":"closed","ping_status":"closed","template":"","meta":{"footnotes":""},"class_list":["post-79","page","type-page","status-publish","hentry"],"_links":{"self":[{"href":"https:\/\/eventos.ifg.edu.br\/sict\/wp-json\/wp\/v2\/pages\/79"}],"collection":[{"href":"https:\/\/eventos.ifg.edu.br\/sict\/wp-json\/wp\/v2\/pages"}],"about":[{"href":"https:\/\/eventos.ifg.edu.br\/sict\/wp-json\/wp\/v2\/types\/page"}],"author":[{"embeddable":true,"href":"https:\/\/eventos.ifg.edu.br\/sict\/wp-json\/wp\/v2\/users\/175"}],"replies":[{"embeddable":true,"href":"https:\/\/eventos.ifg.edu.br\/sict\/wp-json\/wp\/v2\/comments?post=79"}],"version-history":[{"count":3,"href":"https:\/\/eventos.ifg.edu.br\/sict\/wp-json\/wp\/v2\/pages\/79\/revisions"}],"predecessor-version":[{"id":83,"href":"https:\/\/eventos.ifg.edu.br\/sict\/wp-json\/wp\/v2\/pages\/79\/revisions\/83"}],"wp:attachment":[{"href":"https:\/\/eventos.ifg.edu.br\/sict\/wp-json\/wp\/v2\/media?parent=79"}],"curies":[{"name":"wp","href":"https:\/\/api.w.org\/{rel}","templated":true}]}}