{"id":6,"date":"2023-08-30T14:46:30","date_gmt":"2023-08-30T17:46:30","guid":{"rendered":"http:\/\/eventos.ifg.edu.br\/sict\/hestia-front\/"},"modified":"2023-10-22T10:59:30","modified_gmt":"2023-10-22T13:59:30","slug":"hestia-front","status":"publish","type":"page","link":"https:\/\/eventos.ifg.edu.br\/sict\/","title":{"rendered":""},"content":{"rendered":"<p><a href=\"https:\/\/fg.fot.br\/hubgoias18102023\"><img fetchpriority=\"high\" decoding=\"async\" class=\"alignnone wp-image-441 size-full aligncenter\" src=\"http:\/\/eventos.ifg.edu.br\/fecin\/wp-content\/uploads\/sites\/79\/2023\/10\/fotossict.png\" alt=\"fotossict\" width=\"3456\" height=\"1440\" \/><\/a><\/p>\n<h3 style=\"text-align: center\"><a href=\"https:\/\/fg.fot.br\/hubgoias19102023\"><img decoding=\"async\" class=\"alignnone wp-image-440 size-full\" src=\"http:\/\/eventos.ifg.edu.br\/fecin\/wp-content\/uploads\/sites\/79\/2023\/10\/fotosfecin.png\" alt=\"fotosfecin\" width=\"3456\" height=\"1440\" \/><\/a><\/h3>\n<h3 style=\"text-align: center\"><strong><span style=\"color: #800080\">Realiza\u00e7\u00e3o<\/span><\/strong><\/h3>\n<p style=\"text-align: center\"><a href=\"https:\/\/ifg.edu.br\/\"><img decoding=\"async\" class=\"alignnone wp-image-196\" src=\"http:\/\/eventos.ifg.edu.br\/fecin\/wp-content\/uploads\/sites\/79\/2023\/03\/Marca-01.png\" alt=\"Marca-01\" width=\"211\" height=\"70\" \/><\/a><\/p>\n<h3 style=\"text-align: center\"><strong><span style=\"color: #800080\">Apoio<\/span><\/strong><\/h3>\n<p style=\"text-align: center\"><a href=\"http:\/\/portal.cnpq.br\/\"><img loading=\"lazy\" decoding=\"async\" class=\"alignnone wp-image-58\" src=\"http:\/\/eventos.ifg.edu.br\/fecin\/wp-content\/uploads\/sites\/79\/2023\/03\/cnpq100.jpg\" alt=\"cnpq\" width=\"133\" height=\"50\" \/><br \/>\n<\/a><\/p>\n<p style=\"text-align: center\"><a href=\"https:\/\/hubgoias.org\/\"><img loading=\"lazy\" decoding=\"async\" class=\"alignnone wp-image-390\" src=\"http:\/\/eventos.ifg.edu.br\/fecin\/wp-content\/uploads\/sites\/79\/2023\/03\/Hub-Goi\u00e1s-marca-2.png\" alt=\"Hub Goi\u00e1s\" width=\"168\" height=\"50\" \/><\/a><\/p>\n<p style=\"text-align: center\"><a href=\"http:\/\/www.funtec.org.br\/\"><img loading=\"lazy\" decoding=\"async\" class=\"alignnone wp-image-400\" src=\"http:\/\/eventos.ifg.edu.br\/fecin\/wp-content\/uploads\/sites\/79\/2023\/03\/FUNTEC.png\" alt=\"FUNTEC\" width=\"100\" height=\"60\" \/><\/a><\/p>\n<h3 style=\"text-align: center\"><span style=\"color: #800080\"><strong>Institui\u00e7\u00f5es Parceiras<\/strong><\/span><\/h3>\n<div style=\"text-align: center\"><a href=\"https:\/\/www.ueg.br\/\"><img loading=\"lazy\" decoding=\"async\" class=\"wp-image-59 aligncenter\" src=\"http:\/\/eventos.ifg.edu.br\/fecin\/wp-content\/uploads\/sites\/79\/2023\/03\/ueg100.jpg\" alt=\"ueg100\" width=\"214\" height=\"50\" \/><\/a><a href=\"https:\/\/ufg.br\/\"><img loading=\"lazy\" decoding=\"async\" class=\"wp-image-60 aligncenter\" src=\"http:\/\/eventos.ifg.edu.br\/fecin\/wp-content\/uploads\/sites\/79\/2023\/03\/ufg100.jpg\" alt=\"ufg100\" width=\"135\" height=\"50\" \/><\/a><a href=\"https:\/\/portalufj.jatai.ufg.br\/\"><img loading=\"lazy\" decoding=\"async\" class=\"wp-image-61 aligncenter\" src=\"http:\/\/eventos.ifg.edu.br\/fecin\/wp-content\/uploads\/sites\/79\/2023\/03\/ufj100.jpg\" alt=\"ufj\" width=\"80\" height=\"50\" \/><\/a><\/div>\n<h3 style=\"text-align: center\"><a href=\"http:\/\/eventos.ifg.edu.br\/fecin\/projetos-parceiros\/\">Projetos Parceiros<\/a><\/h3>\n<div><a href=\"http:\/\/eventos.ifg.edu.br\/fecin\/projetos-parceiros\/\"><img loading=\"lazy\" decoding=\"async\" class=\"wp-image-127 aligncenter\" src=\"http:\/\/eventos.ifg.edu.br\/fecin\/wp-content\/uploads\/sites\/79\/2023\/03\/proj-parceiros.jpg\" alt=\"proj parceiros\" width=\"100\" height=\"100\" \/><\/a><\/div>\n<p class=\"documentFirstHeading\" style=\"text-align: center\"><strong>Local do evento<\/strong><\/p>\n<p class=\"documentFirstHeading\"><a href=\"https:\/\/hubgoias.org\/\"><img loading=\"lazy\" decoding=\"async\" class=\"wp-image-390 aligncenter\" src=\"http:\/\/eventos.ifg.edu.br\/fecin\/wp-content\/uploads\/sites\/79\/2023\/03\/Hub-Goi\u00e1s-marca-2.png\" alt=\"Hub Goi\u00e1s\" width=\"337\" height=\"100\" \/><\/a><\/p>\n","protected":false},"excerpt":{"rendered":"<p>Realiza\u00e7\u00e3o Apoio Institui\u00e7\u00f5es Parceiras Projetos Parceiros Local do evento<\/p>\n","protected":false},"author":1,"featured_media":11,"parent":0,"menu_order":0,"comment_status":"closed","ping_status":"closed","template":"","meta":{"footnotes":""},"class_list":["post-6","page","type-page","status-publish","has-post-thumbnail","hentry"],"_links":{"self":[{"href":"https:\/\/eventos.ifg.edu.br\/sict\/wp-json\/wp\/v2\/pages\/6"}],"collection":[{"href":"https:\/\/eventos.ifg.edu.br\/sict\/wp-json\/wp\/v2\/pages"}],"about":[{"href":"https:\/\/eventos.ifg.edu.br\/sict\/wp-json\/wp\/v2\/types\/page"}],"author":[{"embeddable":true,"href":"https:\/\/eventos.ifg.edu.br\/sict\/wp-json\/wp\/v2\/users\/1"}],"replies":[{"embeddable":true,"href":"https:\/\/eventos.ifg.edu.br\/sict\/wp-json\/wp\/v2\/comments?post=6"}],"version-history":[{"count":7,"href":"https:\/\/eventos.ifg.edu.br\/sict\/wp-json\/wp\/v2\/pages\/6\/revisions"}],"predecessor-version":[{"id":122,"href":"https:\/\/eventos.ifg.edu.br\/sict\/wp-json\/wp\/v2\/pages\/6\/revisions\/122"}],"wp:featuredmedia":[{"embeddable":true,"href":"https:\/\/eventos.ifg.edu.br\/sict\/wp-json\/wp\/v2\/media\/11"}],"wp:attachment":[{"href":"https:\/\/eventos.ifg.edu.br\/sict\/wp-json\/wp\/v2\/media?parent=6"}],"curies":[{"name":"wp","href":"https:\/\/api.w.org\/{rel}","templated":true}]}}