{"id":39,"date":"2023-08-31T23:12:05","date_gmt":"2023-09-01T02:12:05","guid":{"rendered":"http:\/\/eventos.ifg.edu.br\/sict\/?page_id=39"},"modified":"2023-08-31T23:23:52","modified_gmt":"2023-09-01T02:23:52","slug":"avaliadores","status":"publish","type":"page","link":"https:\/\/eventos.ifg.edu.br\/sict\/avaliadores\/","title":{"rendered":"Seja um avaliador"},"content":{"rendered":"<p>Pesquisador e pesquisadora do IFG e externos, venham ser avaliadores dos trabalhos do 16\u00b0Semin\u00e1rio de Inicia\u00e7\u00e3o Cient\u00edfica e Tecnol\u00f3gica do IFG!<\/p>\n<p><!--more--><\/p>\n<p>?Sua contribui\u00e7\u00e3o \u00e9 fundamental!<\/p>\n<p>? Inscri\u00e7\u00e3o at\u00e9 17\/09!<\/p>\n<p>Link:\u00a0<a href=\"https:\/\/forms.gle\/SEsvgCwruPd4KHTZ8\">https:\/\/forms.gle\/SEsvgCwruPd4KHTZ8<\/a><\/p>\n","protected":false},"excerpt":{"rendered":"<p>Pesquisador e pesquisadora do IFG e externos, venham ser avaliadores dos trabalhos do 16\u00b0Semin\u00e1rio de Inicia\u00e7\u00e3o Cient\u00edfica e Tecnol\u00f3gica do IFG!<\/p>\n","protected":false},"author":175,"featured_media":45,"parent":0,"menu_order":0,"comment_status":"closed","ping_status":"closed","template":"","meta":{"footnotes":""},"class_list":["post-39","page","type-page","status-publish","has-post-thumbnail","hentry"],"_links":{"self":[{"href":"https:\/\/eventos.ifg.edu.br\/sict\/wp-json\/wp\/v2\/pages\/39"}],"collection":[{"href":"https:\/\/eventos.ifg.edu.br\/sict\/wp-json\/wp\/v2\/pages"}],"about":[{"href":"https:\/\/eventos.ifg.edu.br\/sict\/wp-json\/wp\/v2\/types\/page"}],"author":[{"embeddable":true,"href":"https:\/\/eventos.ifg.edu.br\/sict\/wp-json\/wp\/v2\/users\/175"}],"replies":[{"embeddable":true,"href":"https:\/\/eventos.ifg.edu.br\/sict\/wp-json\/wp\/v2\/comments?post=39"}],"version-history":[{"count":3,"href":"https:\/\/eventos.ifg.edu.br\/sict\/wp-json\/wp\/v2\/pages\/39\/revisions"}],"predecessor-version":[{"id":50,"href":"https:\/\/eventos.ifg.edu.br\/sict\/wp-json\/wp\/v2\/pages\/39\/revisions\/50"}],"wp:featuredmedia":[{"embeddable":true,"href":"https:\/\/eventos.ifg.edu.br\/sict\/wp-json\/wp\/v2\/media\/45"}],"wp:attachment":[{"href":"https:\/\/eventos.ifg.edu.br\/sict\/wp-json\/wp\/v2\/media?parent=39"}],"curies":[{"name":"wp","href":"https:\/\/api.w.org\/{rel}","templated":true}]}}