{"id":32,"date":"2023-08-30T15:38:00","date_gmt":"2023-08-30T18:38:00","guid":{"rendered":"http:\/\/eventos.ifg.edu.br\/sict\/?page_id=32"},"modified":"2023-09-16T05:08:46","modified_gmt":"2023-09-16T08:08:46","slug":"submissao-de-trabalhos","status":"publish","type":"page","link":"https:\/\/eventos.ifg.edu.br\/sict\/submissao-de-trabalhos\/","title":{"rendered":"Submiss\u00e3o de trabalhos"},"content":{"rendered":"<p><!--more--><\/p>\n<p>Modelo para submiss\u00e3o (<a href=\"http:\/\/eventos.ifg.edu.br\/sict\/wp-content\/uploads\/sites\/82\/2023\/08\/ModeloSICT16.docx\">Link1<\/a>, <a href=\"https:\/\/www.mediafire.com\/file\/mn0a70huu5m56f9\/MediaFire_-_Getting_Started.pdf\/file\">Link2<\/a>)<\/p>\n<p>&nbsp;<\/p>\n<table>\n<tbody>\n<tr>\n<td>Per\u00edodo de inscri\u00e7\u00e3o e submiss\u00e3o de resumos<\/td>\n<td>04\/09 a 18\/09<\/td>\n<\/tr>\n<tr>\n<td>Homologa\u00e7\u00e3o das inscri\u00e7\u00f5es<\/td>\n<td>21\/09<\/td>\n<\/tr>\n<tr>\n<td>Recurso das homologa\u00e7\u00f5es<\/td>\n<td>22\/09<\/td>\n<\/tr>\n<tr>\n<td>Resultado Final das Homologa\u00e7\u00f5es<\/td>\n<td>25\/09<\/td>\n<\/tr>\n<tr>\n<td>Resultado final e divulga\u00e7\u00e3o da programa\u00e7\u00e3o do Semin\u00e1rio<\/td>\n<td>10\/10<\/td>\n<\/tr>\n<tr>\n<td>Realiza\u00e7\u00e3o do Semin\u00e1rio<\/td>\n<td>18\/10 e 19\/10<\/td>\n<\/tr>\n<\/tbody>\n<\/table>\n","protected":false},"excerpt":{"rendered":"","protected":false},"author":175,"featured_media":33,"parent":0,"menu_order":0,"comment_status":"closed","ping_status":"closed","template":"","meta":{"footnotes":""},"class_list":["post-32","page","type-page","status-publish","has-post-thumbnail","hentry"],"_links":{"self":[{"href":"https:\/\/eventos.ifg.edu.br\/sict\/wp-json\/wp\/v2\/pages\/32"}],"collection":[{"href":"https:\/\/eventos.ifg.edu.br\/sict\/wp-json\/wp\/v2\/pages"}],"about":[{"href":"https:\/\/eventos.ifg.edu.br\/sict\/wp-json\/wp\/v2\/types\/page"}],"author":[{"embeddable":true,"href":"https:\/\/eventos.ifg.edu.br\/sict\/wp-json\/wp\/v2\/users\/175"}],"replies":[{"embeddable":true,"href":"https:\/\/eventos.ifg.edu.br\/sict\/wp-json\/wp\/v2\/comments?post=32"}],"version-history":[{"count":11,"href":"https:\/\/eventos.ifg.edu.br\/sict\/wp-json\/wp\/v2\/pages\/32\/revisions"}],"predecessor-version":[{"id":71,"href":"https:\/\/eventos.ifg.edu.br\/sict\/wp-json\/wp\/v2\/pages\/32\/revisions\/71"}],"wp:featuredmedia":[{"embeddable":true,"href":"https:\/\/eventos.ifg.edu.br\/sict\/wp-json\/wp\/v2\/media\/33"}],"wp:attachment":[{"href":"https:\/\/eventos.ifg.edu.br\/sict\/wp-json\/wp\/v2\/media?parent=32"}],"curies":[{"name":"wp","href":"https:\/\/api.w.org\/{rel}","templated":true}]}}