{"id":998,"date":"2018-06-02T09:35:55","date_gmt":"2018-06-02T12:35:55","guid":{"rendered":"http:\/\/www.simposiomestradoifg.net.br\/semlic\/?page_id=998"},"modified":"2024-10-19T21:13:06","modified_gmt":"2024-10-20T00:13:06","slug":"licenciatura","status":"publish","type":"page","link":"https:\/\/eventos.ifg.edu.br\/semlic\/licenciatura\/","title":{"rendered":"Licenciatura em F\u00edsica"},"content":{"rendered":"<p style=\"text-align: center\"><a href=\"https:\/\/sites.google.com\/ifg.edu.br\/fisicajatai\" target=\"_blank\" rel=\"noopener\"><strong>Acesse o site do curso &#8211; Clique aqui<\/strong><\/a><\/p>\n<p>O curso de Licenciatura em F\u00edsica do IFG-C\u00e2mpus Jata\u00ed, implantado em 2001, foi o segundo curso de licenciatura proposto pela Rede Federal de Educa\u00e7\u00e3o Profissional. O curso tem como meta formar docentes capacitados para atuarem na educa\u00e7\u00e3o b\u00e1sica e superior.<\/p>\n<p><strong>Objetivos:<\/strong><\/p>\n<p>Formar professores com grande conhecimento na \u00e1rea de F\u00edsica e capacidade para interagir com outras \u00e1reas do conhecimento, que possam contribuir com a forma\u00e7\u00e3o de sujeitos capazes de interpretar fatos, fen\u00f4menos e processos naturais, atuando e dimensionando a intera\u00e7\u00e3o do ser humano com a natureza.<\/p>\n<p><strong>Perfil do egresso:<\/strong><\/p>\n<p>O(a) licenciado(a) dever\u00e1 ser capaz de desenvolver um ensino de qualidade, visando a um processo de ensino e aprendizagem cr\u00edtico e cient\u00edfico, de confeccionar seu pr\u00f3prio material did\u00e1tico; de estimular os alunos a trabalharem os conte\u00fados em fun\u00e7\u00e3o dos seus interesses e de pensar novas formas de avalia\u00e7\u00e3o. Al\u00e9m disso, esse(a) professor(a) dever\u00e1 ser capaz de estabelecer rela\u00e7\u00f5es entre ci\u00eancia e desenvolvimento tecnol\u00f3gico, de modo a contribuir para uma melhor qualidade de vida e, consequentemente, para o exerc\u00edcio da cidadania.<\/p>\n","protected":false},"excerpt":{"rendered":"<p>Acesse o site do curso &#8211; Clique aqui O curso de Licenciatura em F\u00edsica do IFG-C\u00e2mpus Jata\u00ed, implantado em 2001, foi o segundo curso de licenciatura proposto pela Rede Federal de Educa\u00e7\u00e3o Profissional. O curso tem como meta formar docentes capacitados para atuarem na educa\u00e7\u00e3o b\u00e1sica e superior. Objetivos: Formar professores com grande conhecimento na <a class=\"more-link\" href=\"https:\/\/eventos.ifg.edu.br\/semlic\/licenciatura\/\">&hellip; Continue lendo&hellip; &rarr;<\/a><\/p>\n","protected":false},"author":111,"featured_media":0,"parent":0,"menu_order":0,"comment_status":"closed","ping_status":"closed","template":"","meta":{"ngg_post_thumbnail":0,"footnotes":""},"class_list":["post-998","page","type-page","status-publish","hentry"],"_links":{"self":[{"href":"https:\/\/eventos.ifg.edu.br\/semlic\/wp-json\/wp\/v2\/pages\/998"}],"collection":[{"href":"https:\/\/eventos.ifg.edu.br\/semlic\/wp-json\/wp\/v2\/pages"}],"about":[{"href":"https:\/\/eventos.ifg.edu.br\/semlic\/wp-json\/wp\/v2\/types\/page"}],"author":[{"embeddable":true,"href":"https:\/\/eventos.ifg.edu.br\/semlic\/wp-json\/wp\/v2\/users\/111"}],"replies":[{"embeddable":true,"href":"https:\/\/eventos.ifg.edu.br\/semlic\/wp-json\/wp\/v2\/comments?post=998"}],"version-history":[{"count":3,"href":"https:\/\/eventos.ifg.edu.br\/semlic\/wp-json\/wp\/v2\/pages\/998\/revisions"}],"predecessor-version":[{"id":3121,"href":"https:\/\/eventos.ifg.edu.br\/semlic\/wp-json\/wp\/v2\/pages\/998\/revisions\/3121"}],"wp:attachment":[{"href":"https:\/\/eventos.ifg.edu.br\/semlic\/wp-json\/wp\/v2\/media?parent=998"}],"curies":[{"name":"wp","href":"https:\/\/api.w.org\/{rel}","templated":true}]}}