{"id":995,"date":"2018-06-02T09:34:00","date_gmt":"2018-06-02T12:34:00","guid":{"rendered":"http:\/\/www.simposiomestradoifg.net.br\/semlic\/?page_id=995"},"modified":"2024-10-19T21:12:00","modified_gmt":"2024-10-20T00:12:00","slug":"posgrad","status":"publish","type":"page","link":"https:\/\/eventos.ifg.edu.br\/semlic\/posgrad\/","title":{"rendered":"P\u00f3s-gradua\u00e7\u00e3o"},"content":{"rendered":"<p><strong>Programa de P\u00f3s-Gradua\u00e7\u00e3o Stricto Sensu em Educa\u00e7\u00e3o para Ci\u00eancias e Matem\u00e1tica do IFG\/C\u00e2mpus Jata\u00ed (PPGECM\/IFG).<\/strong><\/p>\n<p style=\"text-align: center\"><strong><a href=\"https:\/\/www.ifg.edu.br\/aluno\/347-ifg\/campus\/jatai\/setores\/pesquisa-e-pos-graduacao-jatai\/1279-pos-graduacao\" target=\"_blank\" rel=\"noopener\">Acesse o site do Programa &#8211; Clique aqui<\/a><\/strong><\/p>\n<p>O IFG \u2013 C\u00e2mpus Jata\u00ed oferece os cursos de mestrado e doutorado profissional em Educa\u00e7\u00e3o para Ci\u00eancias e Matem\u00e1tica. O curso de mestrado foi aprovado pela Capes em 2012 e obteve nota 4 na avalia\u00e7\u00e3o quadrienal 2013-2016 da Coordena\u00e7\u00e3o de Aperfei\u00e7oamento de Pessoal de N\u00edvel Superior (CAPES). Em seus 10 anos de atua\u00e7\u00e3o, j\u00e1 titulou mais de 150 mestres, que atuam em diferentes estados brasileiros, com destaque, na educa\u00e7\u00e3o b\u00e1sica.<\/p>\n<p>No ano de 2020 foi aprovada pela CAPES a proposta de Doutorado Profissional em Educa\u00e7\u00e3o para Ci\u00eancias e Matem\u00e1tica do PPGECM do IFG\/C\u00e2mpus Jata\u00ed, que iniciou suas atividades com a primeira turma em fevereiro de 2022.<\/p>\n<h4><span style=\"color: #333333\"><strong>Objetivos: <\/strong><\/span><\/h4>\n<p>O curso \u00e9 voltado para a forma\u00e7\u00e3o de professores, e profissionais, das redes p\u00fablica e privada da educa\u00e7\u00e3o b\u00e1sica e do ensino superior, de modo que possam intervir no processo de melhoria da educa\u00e7\u00e3o, prioritariamente, no ensino de ci\u00eancias e matem\u00e1tica ofertada \u00e0 popula\u00e7\u00e3o de Jata\u00ed e regi\u00e3o. Especificamente, busca promover a implementa\u00e7\u00e3o de estrat\u00e9gias e recursos instrucionais inovadores, capazes de impactar positivamente a realidade escolar.<\/p>\n<h4><span style=\"color: #333333\"><strong>Perfil do egresso:<\/strong><\/span><\/h4>\n<p>Os Mestres e Doutores em Educa\u00e7\u00e3o para Ci\u00eancias e Matem\u00e1tica egressos do PPGECM\/IFG ser\u00e3o capaz de dominar conhecimentos te\u00f3rico-pr\u00e1ticos sobre Educa\u00e7\u00e3o, e o Ensino de Ci\u00eancias e Matem\u00e1tica, de modo que possam contribuir para a melhoria dos processos educacionais, por meio do aprofundamento dos conhecimentos obtidos na gradua\u00e7\u00e3o, da reflex\u00e3o sobre a pr\u00e1tica pedag\u00f3gica e da inicia\u00e7\u00e3o \u00e0 pesquisa educacional.<\/p>\n","protected":false},"excerpt":{"rendered":"<p>Programa de P\u00f3s-Gradua\u00e7\u00e3o Stricto Sensu em Educa\u00e7\u00e3o para Ci\u00eancias e Matem\u00e1tica do IFG\/C\u00e2mpus Jata\u00ed (PPGECM\/IFG). Acesse o site do Programa &#8211; Clique aqui O IFG \u2013 C\u00e2mpus Jata\u00ed oferece os cursos de mestrado e doutorado profissional em Educa\u00e7\u00e3o para Ci\u00eancias e Matem\u00e1tica. O curso de mestrado foi aprovado pela Capes em 2012 e obteve nota <a class=\"more-link\" href=\"https:\/\/eventos.ifg.edu.br\/semlic\/posgrad\/\">&hellip; Continue lendo&hellip; &rarr;<\/a><\/p>\n","protected":false},"author":111,"featured_media":0,"parent":0,"menu_order":0,"comment_status":"closed","ping_status":"closed","template":"","meta":{"ngg_post_thumbnail":0,"footnotes":""},"class_list":["post-995","page","type-page","status-publish","hentry"],"_links":{"self":[{"href":"https:\/\/eventos.ifg.edu.br\/semlic\/wp-json\/wp\/v2\/pages\/995"}],"collection":[{"href":"https:\/\/eventos.ifg.edu.br\/semlic\/wp-json\/wp\/v2\/pages"}],"about":[{"href":"https:\/\/eventos.ifg.edu.br\/semlic\/wp-json\/wp\/v2\/types\/page"}],"author":[{"embeddable":true,"href":"https:\/\/eventos.ifg.edu.br\/semlic\/wp-json\/wp\/v2\/users\/111"}],"replies":[{"embeddable":true,"href":"https:\/\/eventos.ifg.edu.br\/semlic\/wp-json\/wp\/v2\/comments?post=995"}],"version-history":[{"count":8,"href":"https:\/\/eventos.ifg.edu.br\/semlic\/wp-json\/wp\/v2\/pages\/995\/revisions"}],"predecessor-version":[{"id":3120,"href":"https:\/\/eventos.ifg.edu.br\/semlic\/wp-json\/wp\/v2\/pages\/995\/revisions\/3120"}],"wp:attachment":[{"href":"https:\/\/eventos.ifg.edu.br\/semlic\/wp-json\/wp\/v2\/media?parent=995"}],"curies":[{"name":"wp","href":"https:\/\/api.w.org\/{rel}","templated":true}]}}