{"id":990,"date":"2018-06-02T09:28:13","date_gmt":"2018-06-02T12:28:13","guid":{"rendered":"http:\/\/www.simposiomestradoifg.net.br\/semlic\/?page_id=990"},"modified":"2018-06-02T09:28:13","modified_gmt":"2018-06-02T12:28:13","slug":"semlic2016","status":"publish","type":"page","link":"https:\/\/eventos.ifg.edu.br\/semlic\/semlic2016\/","title":{"rendered":"semlic2016"},"content":{"rendered":"<h4 style=\"text-align: center\">XIII Semana de Licenciatura<\/h4>\n<h3 style=\"text-align: center\">IV Semin\u00e1rio da P\u00f3s-Gradua\u00e7\u00e3o em Educa\u00e7\u00e3o para Ci\u00eancias e Matem\u00e1tica<\/h3>\n<h3 style=\"text-align: center\">II Encontro de Egressos do Mestrado<\/h3>\n<h3 style=\"text-align: center\">I Encontro de Egressos da Licenciatura<\/h3>\n<h4 style=\"text-align: center\">\u00a003 a 08 de outubro de 2016<\/h4>\n<h3 style=\"text-align: center\"><span style=\"color: #ff0000\">Local: Unidades Flamboyant e Riachuelo<br \/>\n<\/span><\/h3>\n<h4 style=\"text-align: center\"><em>Pr\u00e1ticas Pedag\u00f3gicas para Inclus\u00e3o e Diversidade<\/em><\/h4>\n<p style=\"text-align: justify\">A Semana de Licenciatura, o Semin\u00e1rio da P\u00f3s-Gradua\u00e7\u00e3o em Educa\u00e7\u00e3o para Ci\u00eancias e Matem\u00e1tica, o Encontro de Egressos do Mestrado e o Encontro de Egressos da Licenciatura em F\u00edsica, constituem eventos que ocorrem anualmente no calend\u00e1rio do Instituto Federal de Educa\u00e7\u00e3o, Ci\u00eancia e Tecnologia de Goi\u00e1s (IFG) \u2013 C\u00e2mpus Jata\u00ed. Este ano ser\u00e1 a primeira vez que os egressos do curso de Licenciatura em F\u00edsica se reunir\u00e3o para troca de experi\u00eancias e relatos profissionais. A Semana da Licenciatura deste ano, que ocorrer\u00e1 no per\u00edodo de 03 a 08 de outubro de 2016, est\u00e1 na sua d\u00e9cima terceira edi\u00e7\u00e3o promovendo debates sobre a forma\u00e7\u00e3o inicial e continuada de professores de ci\u00eancias e matem\u00e1tica. Nesta edi\u00e7\u00e3o, o objetivo \u00e9 aprofundarmos o debate e os estudos sobre as pr\u00e1ticas pedag\u00f3gicas para inclus\u00e3o e para a diversidade. O tema escolhido representa um dos grandes desafios da atualidade, tanto para os cursos de licenciatura e p\u00f3s-gradua\u00e7\u00e3o, como para os profissionais que atuam nas redes de ensino. Lidar com o processo de inclus\u00e3o na escola comum, bem como a diversidade, em seus v\u00e1rios aspectos, demanda a necessidade do profissional da educa\u00e7\u00e3o em se aprofundar sobre quest\u00f5es te\u00f3ricas e pr\u00e1ticas, bem como debater sobre as dificuldades e possibilidades de sua implementa\u00e7\u00e3o.<\/p>\n<p style=\"text-align: justify\">Cientes da relev\u00e2ncia e da atualidade do tema para a forma\u00e7\u00e3o de cidad\u00e3os capacitados para participar do processo democr\u00e1tico de tomada de decis\u00e3o, A Semana da Licenciatura promover\u00e1 uma s\u00e9rie de palestras, mesas redondas, minicursos e oficinas voltados para a discuss\u00e3o do tema. O p\u00fablico alvo do evento \u00e9 composto pelos servidores, discentes de gradua\u00e7\u00e3o e p\u00f3s-gradua\u00e7\u00e3o do pr\u00f3prio IFG, bem como os de institui\u00e7\u00f5es de ensino superior, tais quais a UFG e a UEG, bem como outras Institui\u00e7\u00f5es de Ensino e, em especial, os professores da rede estadual e municipal de educa\u00e7\u00e3o.<\/p>\n<p style=\"text-align: justify\">Comiss\u00e3o Organizadora<\/p>\n<p style=\"text-align: center\">\n","protected":false},"excerpt":{"rendered":"<p>XIII Semana de Licenciatura IV Semin\u00e1rio da P\u00f3s-Gradua\u00e7\u00e3o em Educa\u00e7\u00e3o para Ci\u00eancias e Matem\u00e1tica II Encontro de Egressos do Mestrado I Encontro de Egressos da Licenciatura \u00a003 a 08 de outubro de 2016 Local: Unidades Flamboyant e Riachuelo Pr\u00e1ticas Pedag\u00f3gicas para Inclus\u00e3o e Diversidade A Semana de Licenciatura, o Semin\u00e1rio da P\u00f3s-Gradua\u00e7\u00e3o em Educa\u00e7\u00e3o para <a class=\"more-link\" href=\"https:\/\/eventos.ifg.edu.br\/semlic\/semlic2016\/\">&hellip; Continue lendo&hellip; &rarr;<\/a><\/p>\n","protected":false},"author":111,"featured_media":0,"parent":0,"menu_order":0,"comment_status":"closed","ping_status":"closed","template":"","meta":{"ngg_post_thumbnail":0,"footnotes":""},"class_list":["post-990","page","type-page","status-publish","hentry"],"_links":{"self":[{"href":"https:\/\/eventos.ifg.edu.br\/semlic\/wp-json\/wp\/v2\/pages\/990"}],"collection":[{"href":"https:\/\/eventos.ifg.edu.br\/semlic\/wp-json\/wp\/v2\/pages"}],"about":[{"href":"https:\/\/eventos.ifg.edu.br\/semlic\/wp-json\/wp\/v2\/types\/page"}],"author":[{"embeddable":true,"href":"https:\/\/eventos.ifg.edu.br\/semlic\/wp-json\/wp\/v2\/users\/111"}],"replies":[{"embeddable":true,"href":"https:\/\/eventos.ifg.edu.br\/semlic\/wp-json\/wp\/v2\/comments?post=990"}],"version-history":[{"count":0,"href":"https:\/\/eventos.ifg.edu.br\/semlic\/wp-json\/wp\/v2\/pages\/990\/revisions"}],"wp:attachment":[{"href":"https:\/\/eventos.ifg.edu.br\/semlic\/wp-json\/wp\/v2\/media?parent=990"}],"curies":[{"name":"wp","href":"https:\/\/api.w.org\/{rel}","templated":true}]}}