{"id":987,"date":"2018-06-02T09:26:22","date_gmt":"2018-06-02T12:26:22","guid":{"rendered":"http:\/\/www.simposiomestradoifg.net.br\/semlic\/?page_id=987"},"modified":"2018-06-02T09:26:22","modified_gmt":"2018-06-02T12:26:22","slug":"semlic2015","status":"publish","type":"page","link":"https:\/\/eventos.ifg.edu.br\/semlic\/semlic2015\/","title":{"rendered":"semlic2015"},"content":{"rendered":"<blockquote>\n<h4 style=\"text-align: center\"><a href=\"http:\/\/www.simposiomestradoifg.net.br\/semlic\/certificados\/\"><span style=\"color: #ff0000\">CERTIFICADOS 2015 DISPON\u00cdVEIS\u00a0&#8211; CLIQUE AQUI<\/span><\/a><\/h4>\n<h4 style=\"text-align: center\"><\/h4>\n<h4 style=\"text-align: center\">XII Semana de Licenciatura<\/h4>\n<\/blockquote>\n<h3 style=\"text-align: center\">III Semin\u00e1rio da P\u00f3s-Gradua\u00e7\u00e3o em Educa\u00e7\u00e3o para Ci\u00eancias e Matem\u00e1tica<\/h3>\n<h3 style=\"text-align: center\">I Encontro de Egressos do Mestrado<\/h3>\n<h4 style=\"text-align: center\">\u00a013 a 16 de outubro de 2015<\/h4>\n<h3 style=\"text-align: center\"><span style=\"color: #ff0000\">Unidade Riachuelo<\/span><\/h3>\n<h4 style=\"text-align: center\"><em>A forma\u00e7\u00e3o docente em Ci\u00eancia, Tecnologia, Sociedade e Educa\u00e7\u00e3o Ambiental<\/em><\/h4>\n<p style=\"text-align: justify\">A Semana da Licenciatura, o Semin\u00e1rio da P\u00f3s-Gradua\u00e7\u00e3o em\u00a0Educa\u00e7\u00e3o para Ci\u00eancias e Matem\u00e1tica e o Encontro de Egressos do Mestrado, s\u00e3o eventos que ocorrem anualmente no calend\u00e1rio do Instituto Federal de Educa\u00e7\u00e3o, Ci\u00eancia e Tecnologia de Goi\u00e1s (IFG) \u2013 Campus Jata\u00ed. A Semana da Licenciatura deste ano, a ocorrer no per\u00edodo de 13 a 16 de Outubro de 2015, est\u00e1 na sua d\u00e9cima segunda\u00a0edi\u00e7\u00e3o promovendo debates sobre a forma\u00e7\u00e3o inicial e continuada de professores de ci\u00eancias e matem\u00e1tica. Nesta edi\u00e7\u00e3o, ao objetivo \u00e9 aprofundarmos a discuss\u00e3o e os estudos sobre as pr\u00e1ticas de ensino sob influ\u00eancia da proposta curricular de Ci\u00eancia\/Tecnologia\/Sociedade\/Ambiente (CTSA), linha de pesquisa em ensino surgida em meados do s\u00e9culo XX e ainda atual nas discuss\u00f5es sobre forma\u00e7\u00e3o de professores.<\/p>\n<p style=\"text-align: justify\">Nossa institui\u00e7\u00e3o possui a voca\u00e7\u00e3o da forma\u00e7\u00e3o de professores desde sua inaugura\u00e7\u00e3o em 1988. O seu curso de Licenciatura em F\u00edsica \u2013 o segundo curso de licenciatura dentre os IFs \u2013 \u00e9 tradicional na regi\u00e3o, formando docentes capacitados para atuar no ensino de F\u00edsica.\u00a0Em termos da p\u00f3s-gradua\u00e7\u00e3o, o IFG oferece atualmente dois cursos: um em n\u00edvel de especializa\u00e7\u00e3o lato\u00a0sensu e outro em n\u00edvel de mestrado profissionalizante stricto sensu, ambos na \u00e1rea de educa\u00e7\u00e3o para ci\u00eancias e matem\u00e1tica. Portanto, o IFG cumpre seu papel como formadora inicial e continuada de professores na regi\u00e3o do sudoeste goiano.<\/p>\n<p style=\"text-align: justify\">Cientes da relev\u00e2ncia e da atualidade do tema para a forma\u00e7\u00e3o de cidad\u00e3os capacitados para participar do processo democr\u00e1tico de tomada de decis\u00e3o, o IFG promover\u00e1 na Semana da Licenciatura uma s\u00e9rie de palestras, mesas redondas e minicursos voltados para a discuss\u00e3o do tema. O p\u00fablico alvo do evento ser\u00e3o os servidores e discentes de gradua\u00e7\u00e3o e p\u00f3s-gradua\u00e7\u00e3o do pr\u00f3prio Instituto, bem como os de institui\u00e7\u00f5es superiores com campus na cidade, tais quais a UFG e a UEG, e, em especial, os professores da rede estadual e municipal de educa\u00e7\u00e3o.<\/p>\n<p>&nbsp;<\/p>\n","protected":false},"excerpt":{"rendered":"<p>CERTIFICADOS 2015 DISPON\u00cdVEIS\u00a0&#8211; CLIQUE AQUI XII Semana de Licenciatura III Semin\u00e1rio da P\u00f3s-Gradua\u00e7\u00e3o em Educa\u00e7\u00e3o para Ci\u00eancias e Matem\u00e1tica I Encontro de Egressos do Mestrado \u00a013 a 16 de outubro de 2015 Unidade Riachuelo A forma\u00e7\u00e3o docente em Ci\u00eancia, Tecnologia, Sociedade e Educa\u00e7\u00e3o Ambiental A Semana da Licenciatura, o Semin\u00e1rio da P\u00f3s-Gradua\u00e7\u00e3o em\u00a0Educa\u00e7\u00e3o para Ci\u00eancias <a class=\"more-link\" href=\"https:\/\/eventos.ifg.edu.br\/semlic\/semlic2015\/\">&hellip; Continue lendo&hellip; &rarr;<\/a><\/p>\n","protected":false},"author":111,"featured_media":0,"parent":0,"menu_order":0,"comment_status":"closed","ping_status":"closed","template":"","meta":{"ngg_post_thumbnail":0,"footnotes":""},"class_list":["post-987","page","type-page","status-publish","hentry"],"_links":{"self":[{"href":"https:\/\/eventos.ifg.edu.br\/semlic\/wp-json\/wp\/v2\/pages\/987"}],"collection":[{"href":"https:\/\/eventos.ifg.edu.br\/semlic\/wp-json\/wp\/v2\/pages"}],"about":[{"href":"https:\/\/eventos.ifg.edu.br\/semlic\/wp-json\/wp\/v2\/types\/page"}],"author":[{"embeddable":true,"href":"https:\/\/eventos.ifg.edu.br\/semlic\/wp-json\/wp\/v2\/users\/111"}],"replies":[{"embeddable":true,"href":"https:\/\/eventos.ifg.edu.br\/semlic\/wp-json\/wp\/v2\/comments?post=987"}],"version-history":[{"count":0,"href":"https:\/\/eventos.ifg.edu.br\/semlic\/wp-json\/wp\/v2\/pages\/987\/revisions"}],"wp:attachment":[{"href":"https:\/\/eventos.ifg.edu.br\/semlic\/wp-json\/wp\/v2\/media?parent=987"}],"curies":[{"name":"wp","href":"https:\/\/api.w.org\/{rel}","templated":true}]}}