{"id":979,"date":"2018-06-02T09:20:57","date_gmt":"2018-06-02T12:20:57","guid":{"rendered":"http:\/\/www.simposiomestradoifg.net.br\/semlic\/?page_id=979"},"modified":"2018-06-02T09:20:57","modified_gmt":"2018-06-02T12:20:57","slug":"semlic2013","status":"publish","type":"page","link":"https:\/\/eventos.ifg.edu.br\/semlic\/semlic2013\/","title":{"rendered":"semlic2013"},"content":{"rendered":"<h2>.::: X Semana de Licenciatura :::.<\/h2>\n<h4>.::: I Semin\u00e1rio da P\u00f3s-Gradua\u00e7\u00e3o em Educa\u00e7\u00e3o para Ci\u00eancias e Matem\u00e1tica :::.<\/h4>\n<p>&nbsp;<\/p>\n<h4>.::: 26 a 29 de junho de 2013 :::.<\/h4>\n<p>&nbsp;<\/p>\n<p>O Instituto Federal de Educa\u00e7\u00e3o, Ci\u00eancia e Tecnologia de Goi\u00e1s &#8211; C\u00e2mpus Jata\u00ed &#8211; convida para a X Semana de Licenciatura e I Semin\u00e1rio da P\u00f3s-Gradua\u00e7\u00e3o em Educa\u00e7\u00e3o para Ci\u00eancias e Matem\u00e1tica. Nessa edi\u00e7\u00e3o, o tema &#8220;Ensino, pesquisa, extens\u00e3o, inova\u00e7\u00e3o&#8221; guia nosso olhar sobre os processos educativos. Em breve divulgaremos detalhes sobre a Confer\u00eancia de abertura e as mesas redondas.<\/p>\n<p>Para fazer a inscri\u00e7\u00e3o nas modalidades &#8220;comunica\u00e7\u00e3o oral&#8221; e &#8220;poster&#8221;, <a class=\"interno\" href=\"http:\/\/www.simposiomestradoifg.net.br\/semlic\/#submissao\"><span class=\"destaque\">baixe<\/span><\/a> as normas e o modelo de formata\u00e7\u00e3o dos trabalhos e encaminhe o trabalho completo para o endere\u00e7o eletr\u00f4nico <b><span class=\"destaque\">xsemlic@gmail.com<\/span><\/b> at\u00e9 o dia 12 de junho(Minicursos) e 16 de junho (Poster e Comunica\u00e7\u00e3o Cient\u00edfica).<\/p>\n<p><b>O valor da inscri\u00e7\u00e3o \u00e9 dois (2) litros de leite em embalagens longa vida, a serem entregues no momento do credenciamento.<\/b><\/p>\n","protected":false},"excerpt":{"rendered":"<p>.::: X Semana de Licenciatura :::. .::: I Semin\u00e1rio da P\u00f3s-Gradua\u00e7\u00e3o em Educa\u00e7\u00e3o para Ci\u00eancias e Matem\u00e1tica :::. &nbsp; .::: 26 a 29 de junho de 2013 :::. &nbsp; O Instituto Federal de Educa\u00e7\u00e3o, Ci\u00eancia e Tecnologia de Goi\u00e1s &#8211; C\u00e2mpus Jata\u00ed &#8211; convida para a X Semana de Licenciatura e I Semin\u00e1rio da P\u00f3s-Gradua\u00e7\u00e3o <a class=\"more-link\" href=\"https:\/\/eventos.ifg.edu.br\/semlic\/semlic2013\/\">&hellip; Continue lendo&hellip; &rarr;<\/a><\/p>\n","protected":false},"author":111,"featured_media":0,"parent":0,"menu_order":0,"comment_status":"closed","ping_status":"closed","template":"","meta":{"ngg_post_thumbnail":0,"footnotes":""},"class_list":["post-979","page","type-page","status-publish","hentry"],"_links":{"self":[{"href":"https:\/\/eventos.ifg.edu.br\/semlic\/wp-json\/wp\/v2\/pages\/979"}],"collection":[{"href":"https:\/\/eventos.ifg.edu.br\/semlic\/wp-json\/wp\/v2\/pages"}],"about":[{"href":"https:\/\/eventos.ifg.edu.br\/semlic\/wp-json\/wp\/v2\/types\/page"}],"author":[{"embeddable":true,"href":"https:\/\/eventos.ifg.edu.br\/semlic\/wp-json\/wp\/v2\/users\/111"}],"replies":[{"embeddable":true,"href":"https:\/\/eventos.ifg.edu.br\/semlic\/wp-json\/wp\/v2\/comments?post=979"}],"version-history":[{"count":0,"href":"https:\/\/eventos.ifg.edu.br\/semlic\/wp-json\/wp\/v2\/pages\/979\/revisions"}],"wp:attachment":[{"href":"https:\/\/eventos.ifg.edu.br\/semlic\/wp-json\/wp\/v2\/media?parent=979"}],"curies":[{"name":"wp","href":"https:\/\/api.w.org\/{rel}","templated":true}]}}