{"id":976,"date":"2018-06-02T09:13:24","date_gmt":"2018-06-02T12:13:24","guid":{"rendered":"http:\/\/www.simposiomestradoifg.net.br\/semlic\/?page_id=976"},"modified":"2018-06-02T09:13:24","modified_gmt":"2018-06-02T12:13:24","slug":"semlic2017","status":"publish","type":"page","link":"https:\/\/eventos.ifg.edu.br\/semlic\/semlic2017\/","title":{"rendered":"semlic2017"},"content":{"rendered":"<h4 style=\"text-align: center\">XIV Semana de Licenciatura<\/h4>\n<h3 style=\"text-align: center\">V Semin\u00e1rio da P\u00f3s-Gradua\u00e7\u00e3o em Educa\u00e7\u00e3o para Ci\u00eancias e Matem\u00e1tica<\/h3>\n<h3 style=\"text-align: center\">III Encontro de Egressos do Mestrado<\/h3>\n<h3 style=\"text-align: center\">II Encontro de Egressos da Licenciatura<\/h3>\n<h4 style=\"text-align: center\">\u00a025 a 30 de setembro de 2017<\/h4>\n<h3 style=\"text-align: center\"><span style=\"color: #ff0000\">Local: Unidades Flamboyant e Riachuelo<br \/>\n<\/span><\/h3>\n<h4 style=\"text-align: center\"><em>Reformas Educacionais: Pontos e Contrapontos<\/em><\/h4>\n<p style=\"text-align: justify\">A Semana de Licenciatura e o Semin\u00e1rio da P\u00f3s-Gradua\u00e7\u00e3o em Educa\u00e7\u00e3o para Ci\u00eancias e Matem\u00e1tica ocorrem anualmente no calend\u00e1rio do Instituto Federal de Educa\u00e7\u00e3o, Ci\u00eancia e Tecnologia de Goi\u00e1s (IFG) \u2013 C\u00e2mpus Jata\u00ed. A Semana da Licenciatura est\u00e1 em sua d\u00e9cima quarta edi\u00e7\u00e3o e, se constituiu, ao longo dos anos, um ambiente de debates sobre a forma\u00e7\u00e3o inicial e continuada de professores de Ci\u00eancias e Matem\u00e1tica e, tamb\u00e9m, sobre a educa\u00e7\u00e3o no Brasil e no Estado de Goi\u00e1s. Neste ano, a Semana de Licenciatura ocorrer\u00e1 no per\u00edodo de 25 a 30 de setembro, e ter\u00e1 como tema as reformas educacionais brasileiras, com destaque para a reforma do ensino m\u00e9dio, a base nacional comum curricular e as novas diretrizes curriculares nacionais para a forma\u00e7\u00e3o de professores em n\u00edvel superior (cursos de licenciatura).<\/p>\n<p style=\"text-align: justify\">Em virtude da atualidade e da relev\u00e2ncia do tema para a forma\u00e7\u00e3o de cidad\u00e3os capacitados para participar do processo democr\u00e1tico de tomada de decis\u00e3o, o IFG promover\u00e1, neste evento, diversas atividades como palestra, mesa redonda, minicurso e oficina voltadas para a discuss\u00e3o das recentes reformas educacionais brasileiras<\/p>\n<p style=\"text-align: justify\">O p\u00fablico-alvo \u00e9 composto pelos servidores e discentes da Educa\u00e7\u00e3o B\u00e1sica, da gradua\u00e7\u00e3o e da p\u00f3s-gradua\u00e7\u00e3o do pr\u00f3prio IFG, bem como os de institui\u00e7\u00f5es de ensino do munic\u00edpio e regi\u00e3o.<\/p>\n<p style=\"text-align: justify\">Os encontros de egressos do curso de Licenciatura e do curso de Mestrado s\u00e3o duas das atividades da Semana de Licenciatura que ocorrem com o objetivo de promover a troca de experi\u00eancias entre os egressos dos referidos cursos e de permitir o conhecimento, a avalia\u00e7\u00e3o, o monitoramento e o acompanhamento da Licenciatura e do Mestrado, a partir da vis\u00e3o de seus egressos. O Semin\u00e1rio da P\u00f3s-Gradua\u00e7\u00e3o em Educa\u00e7\u00e3o para Ci\u00eancias e Matem\u00e1tica objetiva permitir o debate sobre temas atuais da pesquisa na \u00e1rea entre alunos e docentes do Programa de p\u00f3s-gradua\u00e7\u00e3o, bem como o interc\u00e2mbio com outros pesquisadores brasileiros.<\/p>\n<p><strong>Licenciatura em F\u00edsica<\/strong><\/p>\n<p style=\"text-align: justify\">O curso de Licenciatura em F\u00edsica do IFG-C\u00e2mpus Jata\u00ed, implantado em 2001, foi o segundo curso de licenciatura proposto pela Rede Federal de Educa\u00e7\u00e3o Profissional. O curso tem como meta formar docentes capacitados para atuarem na educa\u00e7\u00e3o b\u00e1sica e superior.<br \/>\nObjetivos: Formar professores com grande conhecimento na \u00e1rea de F\u00edsica e capacidade para interagir com outras \u00e1reas do conhecimento, que possam contribuir com a forma\u00e7\u00e3o de sujeitos capazes de interpretar fatos, fen\u00f4menos e processos naturais, atuando e dimensionando a intera\u00e7\u00e3o do ser humano com a natureza.<\/p>\n<p style=\"text-align: justify\">Perfil do egresso: O(a) licenciado(a) dever\u00e1 ser capaz de desenvolver um ensino de qualidade, visando a um processo de ensino e aprendizagem cr\u00edtico e cient\u00edfico,\u00a0 de confeccionar seu pr\u00f3prio material did\u00e1tico; de estimular os alunos a trabalharem os conte\u00fados em fun\u00e7\u00e3o dos seus interesses e de pensar novas formas de avalia\u00e7\u00e3o. Al\u00e9m disso, esse(a) professor(a) dever\u00e1 ser capaz de estabelecer rela\u00e7\u00f5es entre ci\u00eancia e desenvolvimento tecnol\u00f3gico, de modo a contribuir para uma melhor qualidade de vida e, consequentemente, para o exerc\u00edcio da cidadania.<\/p>\n<p style=\"text-align: justify\"><strong>Mestrado Profissional em Educa\u00e7\u00e3o para Ci\u00eancias e Matem\u00e1tica<\/strong><\/p>\n<p style=\"text-align: justify\">A n\u00edvel de p\u00f3s-gradua\u00e7\u00e3o, o IFG &#8211; C\u00e2mpus Jata\u00ed oferece atualmente um curso de mestrado profissional stricto sensu, na \u00e1rea de educa\u00e7\u00e3o para Ci\u00eancias e Matem\u00e1tica. Portanto, a institui\u00e7\u00e3o cumpre seu papel com a forma\u00e7\u00e3o inicial e continuada de professores(as) na regi\u00e3o do sudoeste goiano.<\/p>\n<p style=\"text-align: justify\">Finalidade e Objetivos: O programa stricto sensu de Mestrado Profissional em Educa\u00e7\u00e3o para Ci\u00eancias e Matem\u00e1tica do Instituto Federal de Educa\u00e7\u00e3o, Ci\u00eancia e Tecnologia de Goi\u00e1s &#8211; IFG oferece aos professores dos diversos n\u00edveis de ensino brasileiro e profissionais interessados na educa\u00e7\u00e3o cient\u00edfica e matem\u00e1tica, capacita\u00e7\u00e3o em n\u00edvel de mestrado, nas \u00e1reas de Biologia, F\u00edsica, Qu\u00edmica e Matem\u00e1tica a fim de que se tornem promotores de uma educa\u00e7\u00e3o de maior qualidade, por meio de conhecimentos te\u00f3rico-pr\u00e1ticos sobre o ensino de ci\u00eancias e Matem\u00e1tica. Assim, o mestre em Educa\u00e7\u00e3o para Ci\u00eancias e Matem\u00e1tica, dever\u00e1 ser capaz de dominar conhecimentos te\u00f3rico-pr\u00e1ticos sobre o Ensino de Ci\u00eancias e Matem\u00e1tica de modo que possa contribuir para a melhoria deste ensino, por meio do aprofundamento dos conhecimentos obtidos na gradua\u00e7\u00e3o, da reflex\u00e3o sobre a pr\u00e1tica pedag\u00f3gica e da inicia\u00e7\u00e3o \u00e0 pesquisa educacional.<\/p>\n","protected":false},"excerpt":{"rendered":"<p>XIV Semana de Licenciatura V Semin\u00e1rio da P\u00f3s-Gradua\u00e7\u00e3o em Educa\u00e7\u00e3o para Ci\u00eancias e Matem\u00e1tica III Encontro de Egressos do Mestrado II Encontro de Egressos da Licenciatura \u00a025 a 30 de setembro de 2017 Local: Unidades Flamboyant e Riachuelo Reformas Educacionais: Pontos e Contrapontos A Semana de Licenciatura e o Semin\u00e1rio da P\u00f3s-Gradua\u00e7\u00e3o em Educa\u00e7\u00e3o para <a class=\"more-link\" href=\"https:\/\/eventos.ifg.edu.br\/semlic\/semlic2017\/\">&hellip; Continue lendo&hellip; &rarr;<\/a><\/p>\n","protected":false},"author":111,"featured_media":0,"parent":0,"menu_order":0,"comment_status":"closed","ping_status":"closed","template":"","meta":{"ngg_post_thumbnail":0,"footnotes":""},"class_list":["post-976","page","type-page","status-publish","hentry"],"_links":{"self":[{"href":"https:\/\/eventos.ifg.edu.br\/semlic\/wp-json\/wp\/v2\/pages\/976"}],"collection":[{"href":"https:\/\/eventos.ifg.edu.br\/semlic\/wp-json\/wp\/v2\/pages"}],"about":[{"href":"https:\/\/eventos.ifg.edu.br\/semlic\/wp-json\/wp\/v2\/types\/page"}],"author":[{"embeddable":true,"href":"https:\/\/eventos.ifg.edu.br\/semlic\/wp-json\/wp\/v2\/users\/111"}],"replies":[{"embeddable":true,"href":"https:\/\/eventos.ifg.edu.br\/semlic\/wp-json\/wp\/v2\/comments?post=976"}],"version-history":[{"count":0,"href":"https:\/\/eventos.ifg.edu.br\/semlic\/wp-json\/wp\/v2\/pages\/976\/revisions"}],"wp:attachment":[{"href":"https:\/\/eventos.ifg.edu.br\/semlic\/wp-json\/wp\/v2\/media?parent=976"}],"curies":[{"name":"wp","href":"https:\/\/api.w.org\/{rel}","templated":true}]}}