{"id":845,"date":"2017-06-10T08:06:59","date_gmt":"2017-06-10T11:06:59","guid":{"rendered":"http:\/\/www.simposiomestradoifg.net.br\/semlic\/?page_id=845"},"modified":"2021-04-06T14:48:12","modified_gmt":"2021-04-06T17:48:12","slug":"submissoes","status":"publish","type":"page","link":"https:\/\/eventos.ifg.edu.br\/semlic\/submissoes\/","title":{"rendered":"Submiss\u00f5es"},"content":{"rendered":"<h3 style=\"text-align: center\"><strong>Envio de Trabalhos: Artigos Completos e&nbsp;Resumos Expandidos<\/strong><\/h3>\n<h4 style=\"text-align: center\"><strong>Datas Importantes<\/strong><\/h4>\n<p style=\"text-align: left\"><strong><span style=\"color: #000000\">Envio dos trabalhos: <\/span><del><span style=\"color: #000000\"><span style=\"color: #ff0000\">at\u00e9 05\/04<\/span><\/span><\/del><span style=\"color: #000000\"><span style=\"color: #ff0000\">&nbsp; Prorrogado at\u00e9 18\/04<\/span><\/span><\/strong><br \/>\n<strong><span style=\"color: #000000\">Avalia\u00e7\u00e3o dos trabalhos: <\/span><span style=\"color: #000000\"><span style=\"color: #ff0000\">at\u00e9 17\/05<\/span><\/span><\/strong><br \/>\n<strong><span style=\"color: #000000\">Publica\u00e7\u00e3o do resultado preliminar: <strong><span style=\"color: #000000\"><span style=\"color: #ff0000\">at\u00e9 21\/05<\/span><\/span><\/strong><\/span><\/strong><br \/>\n<strong><span style=\"color: #000000\">Envio de trabalhos com corre\u00e7\u00e3o final:&nbsp;<span style=\"color: #ff0000\">at\u00e9 01\/06<\/span><\/span><\/strong><br \/>\n<strong><span style=\"color: #000000\">Publica\u00e7\u00e3o do resultado final:<span style=\"color: #ff0000\">&nbsp;at\u00e9 11\/06<\/span><\/span><\/strong><br \/>\n<span style=\"color: #000000\"><span style=\"color: #000000\"><b>Envio das apresenta\u00e7\u00f5es e dos P\u00f4steres:<\/b><\/span><span style=\"color: #ff0000\"> <strong><span style=\"color: #000000\"><span style=\"color: #ff0000\">at\u00e9 18\/06<\/span><\/span><\/strong><\/span><\/span><br \/>\n<strong><span style=\"color: #000000\">Inscri\u00e7\u00f5es no Evento:<span style=\"color: #ff0000\">&nbsp;at\u00e9 21\/06<\/span><\/span><\/strong><br \/>\n<strong><span style=\"color: #000000\">Evento:<span style=\"color: #ff0000\">&nbsp;21\/06 a 23\/06<\/span><\/span><\/strong><\/p>\n<h4 style=\"text-align: center\">Instru\u00e7\u00f5es para envio de trabalhos:<\/h4>\n<p><strong>&nbsp;<span style=\"color: #000000\">1)&nbsp;<span style=\"color: #ff0000\">LEIA<\/span>&nbsp;as Normas para envio de trabalhos&nbsp;<span style=\"color: #ff0000\">ANTES<\/span>&nbsp;de come\u00e7ar<\/span><\/strong><\/p>\n<p><a href=\"http:\/\/eventos.ifg.edu.br\/semlic\/normas\/\" target=\"_blank\">Clique aqui para ler e baixar as normas Semlic 2021<\/a><\/p>\n<p><span style=\"color: #000000\"><strong>2) Modelos de Documentos<\/strong><br \/>\nPara come\u00e7ar seu trabalho pegue um dos modelos que foi disponibilizado pela comiss\u00e3o organizadora <\/span><\/p>\n<p><a href=\"http:\/\/eventos.ifg.edu.br\/semlic\/modelos\/\" target=\"_blank\">Clique aqui para ler e baixar<\/a><\/p>\n<p><span style=\"color: #000000\"><strong>3) Clique no link abaixo para preencher o formul\u00e1rio e fazer o upload do trabalho<\/strong><\/span><\/p>\n<p><a href=\"https:\/\/docs.google.com\/forms\/d\/e\/1FAIpQLScJYPTAHuCAuNp1XEi8kk9QCV0mIbRRAWxClUoEaZKYXuQo1w\/viewform?usp=sf_link\">Clique aqui para submeter o trabalho<\/a><\/p>\n","protected":false},"excerpt":{"rendered":"<p>Envio de Trabalhos: Artigos Completos e&nbsp;Resumos Expandidos Datas Importantes Envio dos trabalhos: at\u00e9 05\/04&nbsp; Prorrogado at\u00e9 18\/04 Avalia\u00e7\u00e3o dos trabalhos: at\u00e9 17\/05 Publica\u00e7\u00e3o do resultado preliminar: at\u00e9 21\/05 Envio de trabalhos com corre\u00e7\u00e3o final:&nbsp;at\u00e9 01\/06 Publica\u00e7\u00e3o do resultado final:&nbsp;at\u00e9 11\/06 Envio das apresenta\u00e7\u00f5es e dos P\u00f4steres: at\u00e9 18\/06 Inscri\u00e7\u00f5es no Evento:&nbsp;at\u00e9 21\/06 Evento:&nbsp;21\/06 a 23\/06 <a class=\"more-link\" href=\"https:\/\/eventos.ifg.edu.br\/semlic\/submissoes\/\">&hellip; Continue lendo&hellip; &rarr;<\/a><\/p>\n","protected":false},"author":111,"featured_media":0,"parent":0,"menu_order":0,"comment_status":"closed","ping_status":"closed","template":"","meta":{"ngg_post_thumbnail":0,"footnotes":""},"class_list":["post-845","page","type-page","status-publish","hentry"],"_links":{"self":[{"href":"https:\/\/eventos.ifg.edu.br\/semlic\/wp-json\/wp\/v2\/pages\/845"}],"collection":[{"href":"https:\/\/eventos.ifg.edu.br\/semlic\/wp-json\/wp\/v2\/pages"}],"about":[{"href":"https:\/\/eventos.ifg.edu.br\/semlic\/wp-json\/wp\/v2\/types\/page"}],"author":[{"embeddable":true,"href":"https:\/\/eventos.ifg.edu.br\/semlic\/wp-json\/wp\/v2\/users\/111"}],"replies":[{"embeddable":true,"href":"https:\/\/eventos.ifg.edu.br\/semlic\/wp-json\/wp\/v2\/comments?post=845"}],"version-history":[{"count":24,"href":"https:\/\/eventos.ifg.edu.br\/semlic\/wp-json\/wp\/v2\/pages\/845\/revisions"}],"predecessor-version":[{"id":2419,"href":"https:\/\/eventos.ifg.edu.br\/semlic\/wp-json\/wp\/v2\/pages\/845\/revisions\/2419"}],"wp:attachment":[{"href":"https:\/\/eventos.ifg.edu.br\/semlic\/wp-json\/wp\/v2\/media?parent=845"}],"curies":[{"name":"wp","href":"https:\/\/api.w.org\/{rel}","templated":true}]}}