{"id":792,"date":"2017-03-06T15:53:52","date_gmt":"2017-03-06T18:53:52","guid":{"rendered":"http:\/\/www.simposiomestradoifg.net.br\/semlic\/?page_id=792"},"modified":"2024-11-15T13:22:47","modified_gmt":"2024-11-15T16:22:47","slug":"videos","status":"publish","type":"page","link":"https:\/\/eventos.ifg.edu.br\/semlic\/videos\/","title":{"rendered":"V\u00eddeos"},"content":{"rendered":"\n<p class=\"has-text-align-center\"><strong>Nosso canal no Youtube<\/strong><br><strong><a href=\"https:\/\/youtube.com\/@semlic\">https:\/\/youtube.com\/@semlic<\/a><\/strong><\/p>\n\n\n\n<p class=\"has-text-align-center\"><strong>XX Semlic (2024) Palestra de Abertura &#8211; Escola para que? Escola para quem? Repensando nossos pap\u00e9is. Profa. Dra. Monica Abrantes Galindo<\/strong><\/p>\n\n\n\n<figure class=\"wp-block-embed is-type-video is-provider-youtube wp-block-embed-youtube wp-embed-aspect-16-9 wp-has-aspect-ratio\"><div class=\"wp-block-embed__wrapper\">\n<iframe title=\"Palestra de Abertura - Semlic 2024\" width=\"780\" height=\"439\" src=\"https:\/\/www.youtube.com\/embed\/5gstsq4wrvI?feature=oembed\" frameborder=\"0\" allow=\"accelerometer; autoplay; clipboard-write; encrypted-media; gyroscope; picture-in-picture; web-share\" referrerpolicy=\"strict-origin-when-cross-origin\" allowfullscreen><\/iframe>\n<\/div><\/figure>\n\n\n\n<p class=\"has-text-align-center\"><strong>XX Semlic (2024) Mesa redonda &#8211; Escola para qu\u00ea? Repensando o papel da Educa\u00e7\u00e3o na atualidade. Profa. Dra. N\u00edlia Oliveira Santos Lacerda e Profa. Dra. Sabrina do Couto de Miranda<\/strong><\/p>\n\n\n\n<figure class=\"wp-block-embed is-type-video is-provider-youtube wp-block-embed-youtube wp-embed-aspect-16-9 wp-has-aspect-ratio\"><div class=\"wp-block-embed__wrapper\">\n<iframe title=\"Mesa Redonda - Semlic 2024\" width=\"780\" height=\"439\" src=\"https:\/\/www.youtube.com\/embed\/MYwgeGXsids?feature=oembed\" frameborder=\"0\" allow=\"accelerometer; autoplay; clipboard-write; encrypted-media; gyroscope; picture-in-picture; web-share\" referrerpolicy=\"strict-origin-when-cross-origin\" allowfullscreen><\/iframe>\n<\/div><\/figure>\n\n\n\n<p class=\"has-text-align-center\"><strong>XX Semlic (2024)<\/strong> &#8211; <strong>Homenagem aos 20 anos da Semlic<\/strong><\/p>\n\n\n\n<figure class=\"wp-block-embed is-type-video is-provider-youtube wp-block-embed-youtube wp-embed-aspect-16-9 wp-has-aspect-ratio\"><div class=\"wp-block-embed__wrapper\">\n<iframe title=\"Homenagem aos 20 anos da Semlic\" width=\"780\" height=\"439\" src=\"https:\/\/www.youtube.com\/embed\/bEcL7oY667o?feature=oembed\" frameborder=\"0\" allow=\"accelerometer; autoplay; clipboard-write; encrypted-media; gyroscope; picture-in-picture; web-share\" referrerpolicy=\"strict-origin-when-cross-origin\" allowfullscreen><\/iframe>\n<\/div><\/figure>\n\n\n\n<p class=\"has-text-align-center\"><strong>XVII Semlic (2021) Palestra de Abertura &#8211; Professor Dr. Miguel Anxo Santos R\u00eago<\/strong><\/p>\n\n\n\n<figure class=\"wp-block-embed is-type-video is-provider-youtube wp-block-embed-youtube wp-embed-aspect-16-9 wp-has-aspect-ratio\"><div class=\"wp-block-embed__wrapper\">\n<iframe title=\"Palestra de Abertura\" width=\"780\" height=\"439\" src=\"https:\/\/www.youtube.com\/embed\/jVRGMmjzKOA?list=PLcql0-ziWn0n8Z-7HN0ft12-TU0xTFHId\" frameborder=\"0\" allow=\"accelerometer; autoplay; clipboard-write; encrypted-media; gyroscope; picture-in-picture; web-share\" referrerpolicy=\"strict-origin-when-cross-origin\" allowfullscreen><\/iframe>\n<\/div><\/figure>\n\n\n\n<p class=\"has-text-align-center\"><strong>XVII Semlic (2021) &#8211; Mesa Redonda: Professores Dra. Adda Daniela e Dr. M\u00e1rcio Urel<\/strong><\/p>\n\n\n\n<figure class=\"wp-block-embed is-type-video is-provider-youtube wp-block-embed-youtube wp-embed-aspect-16-9 wp-has-aspect-ratio\"><div class=\"wp-block-embed__wrapper\">\n<iframe title=\"Mesa Redonda: Professores Dra. Adda Daniela e Dr. M\u00e1rcio Urel\" width=\"780\" height=\"439\" src=\"https:\/\/www.youtube.com\/embed\/0lQKWbNgZrE?feature=oembed\" frameborder=\"0\" allow=\"accelerometer; autoplay; clipboard-write; encrypted-media; gyroscope; picture-in-picture; web-share\" referrerpolicy=\"strict-origin-when-cross-origin\" allowfullscreen><\/iframe>\n<\/div><\/figure>\n\n\n\n<p class=\"has-text-align-center\"><strong>XVII Semlic (2021) &#8211; Mesa Redonda: Professoras Dra. Raquel Marra e Dra. Cleci Werner<\/strong><\/p>\n\n\n\n<figure class=\"wp-block-embed is-type-video is-provider-youtube wp-block-embed-youtube wp-embed-aspect-16-9 wp-has-aspect-ratio\"><div class=\"wp-block-embed__wrapper\">\n<iframe title=\"Mesa Redonda: Professoras Dra. Raquel Marra e  Dra. Cleci Werner\" width=\"780\" height=\"439\" src=\"https:\/\/www.youtube.com\/embed\/iEIfC6EeMx8?feature=oembed\" frameborder=\"0\" allow=\"accelerometer; autoplay; clipboard-write; encrypted-media; gyroscope; picture-in-picture; web-share\" referrerpolicy=\"strict-origin-when-cross-origin\" allowfullscreen><\/iframe>\n<\/div><\/figure>\n\n\n\n<p class=\"has-text-align-center\"><strong>V\u00eddeo apresentado na XIV Semana de Licenciatura (2017) com momentos da Semana de 2016&nbsp;<\/strong><\/p>\n\n\n\n<figure class=\"wp-block-embed is-type-video is-provider-youtube wp-block-embed-youtube wp-embed-aspect-4-3 wp-has-aspect-ratio\"><div class=\"wp-block-embed__wrapper\">\n<iframe title=\"Semlic 2017 Video de Abertura\" width=\"780\" height=\"585\" src=\"https:\/\/www.youtube.com\/embed\/qRmgrVkDFS0?feature=oembed\" frameborder=\"0\" allow=\"accelerometer; autoplay; clipboard-write; encrypted-media; gyroscope; picture-in-picture; web-share\" referrerpolicy=\"strict-origin-when-cross-origin\" allowfullscreen><\/iframe>\n<\/div><\/figure>\n\n\n\n<p class=\"has-text-align-center\"><strong>V\u00eddeo apresentado na XIII Semana de Licenciatura (2016) com momentos das Semanas Anteriores<\/strong><\/p>\n\n\n\n<figure class=\"wp-block-embed is-type-video is-provider-youtube wp-block-embed-youtube wp-embed-aspect-4-3 wp-has-aspect-ratio\"><div class=\"wp-block-embed__wrapper\">\n<iframe title=\"SEMLIC 2016\" width=\"780\" height=\"585\" src=\"https:\/\/www.youtube.com\/embed\/xaf8wevGYHs?feature=oembed\" frameborder=\"0\" allow=\"accelerometer; autoplay; clipboard-write; encrypted-media; gyroscope; picture-in-picture; web-share\" referrerpolicy=\"strict-origin-when-cross-origin\" allowfullscreen><\/iframe>\n<\/div><\/figure>\n\n\n\n<p><\/p>\n","protected":false},"excerpt":{"rendered":"<p>Nosso canal no Youtubehttps:\/\/youtube.com\/@semlic XX Semlic (2024) Palestra de Abertura &#8211; Escola para que? Escola para quem? Repensando nossos pap\u00e9is. Profa. Dra. Monica Abrantes Galindo XX Semlic (2024) Mesa redonda &#8211; Escola para qu\u00ea? Repensando o papel da Educa\u00e7\u00e3o na atualidade. Profa. Dra. N\u00edlia Oliveira Santos Lacerda e Profa. Dra. Sabrina do Couto de Miranda <a class=\"more-link\" href=\"https:\/\/eventos.ifg.edu.br\/semlic\/videos\/\">&hellip; Continue lendo&hellip; &rarr;<\/a><\/p>\n","protected":false},"author":111,"featured_media":0,"parent":0,"menu_order":0,"comment_status":"closed","ping_status":"closed","template":"","meta":{"ngg_post_thumbnail":0,"footnotes":""},"class_list":["post-792","page","type-page","status-publish","hentry"],"_links":{"self":[{"href":"https:\/\/eventos.ifg.edu.br\/semlic\/wp-json\/wp\/v2\/pages\/792"}],"collection":[{"href":"https:\/\/eventos.ifg.edu.br\/semlic\/wp-json\/wp\/v2\/pages"}],"about":[{"href":"https:\/\/eventos.ifg.edu.br\/semlic\/wp-json\/wp\/v2\/types\/page"}],"author":[{"embeddable":true,"href":"https:\/\/eventos.ifg.edu.br\/semlic\/wp-json\/wp\/v2\/users\/111"}],"replies":[{"embeddable":true,"href":"https:\/\/eventos.ifg.edu.br\/semlic\/wp-json\/wp\/v2\/comments?post=792"}],"version-history":[{"count":4,"href":"https:\/\/eventos.ifg.edu.br\/semlic\/wp-json\/wp\/v2\/pages\/792\/revisions"}],"predecessor-version":[{"id":3133,"href":"https:\/\/eventos.ifg.edu.br\/semlic\/wp-json\/wp\/v2\/pages\/792\/revisions\/3133"}],"wp:attachment":[{"href":"https:\/\/eventos.ifg.edu.br\/semlic\/wp-json\/wp\/v2\/media?parent=792"}],"curies":[{"name":"wp","href":"https:\/\/api.w.org\/{rel}","templated":true}]}}