{"id":76,"date":"2014-09-17T15:54:26","date_gmt":"2014-09-17T19:54:26","guid":{"rendered":"http:\/\/www.simposiomestradoifg.net.br\/semlic\/2014\/?page_id=76"},"modified":"2014-09-17T15:54:26","modified_gmt":"2014-09-17T19:54:26","slug":"programacao2015","status":"publish","type":"page","link":"https:\/\/eventos.ifg.edu.br\/semlic\/programacao2015\/","title":{"rendered":"Programa\u00e7\u00e3o 2015"},"content":{"rendered":"<h2>Programa\u00e7\u00e3o<\/h2>\n<p><strong>13\/10\/2015 (Ter\u00e7a-Feira)<\/strong><\/p>\n<table width=\"657\">\n<tbody>\n<tr>\n<td width=\"92\"><strong>Turno<\/strong><\/td>\n<td width=\"117\"><strong>Hor\u00e1rio<\/strong><\/td>\n<td width=\"448\"><strong>Atividade<\/strong><\/td>\n<\/tr>\n<tr>\n<td rowspan=\"4\" width=\"92\">Noturno<\/td>\n<td width=\"117\">18:00 \u00e0s 19:00<\/td>\n<td width=\"448\">Recep\u00e7\u00e3o e entrega de materiais<\/td>\n<\/tr>\n<tr>\n<td width=\"117\">19:00 \u00e0s 20:00<\/td>\n<td width=\"448\">Abertura Oficial do Evento<\/td>\n<\/tr>\n<tr>\n<td width=\"117\">20:00 \u00e0s 20:30<\/td>\n<td width=\"448\">Apresenta\u00e7\u00e3o Cultural &#8211; grupo &#8220;Enchendo o Sax&#8221; IFG\u00a0 Goi\u00e2nia<\/td>\n<\/tr>\n<tr>\n<td width=\"117\">20:30 \u00e0s 22:00<\/td>\n<td width=\"448\">Confer\u00eancia de Abertura \u2013 Prof. Wildson (UNB)<\/td>\n<\/tr>\n<\/tbody>\n<\/table>\n<p>&nbsp;<\/p>\n<p><strong>14\/10\/2015 (Quarta-Feira)<\/strong><\/p>\n<table width=\"667\">\n<tbody>\n<tr>\n<td width=\"93\"><strong>Turno<\/strong><\/td>\n<td width=\"110\"><strong>Hor\u00e1rio<\/strong><\/td>\n<td width=\"464\"><strong>Atividade<\/strong><\/td>\n<\/tr>\n<tr>\n<td rowspan=\"3\" width=\"93\">Vespertino<\/td>\n<td width=\"110\">13:00 \u00e0s 15:00<\/td>\n<td width=\"464\">Minicursos<\/td>\n<\/tr>\n<tr>\n<td width=\"110\">15:00 \u00e0s 15:45<\/td>\n<td width=\"464\">1\u00aa Sess\u00e3o de P\u00f4steres<\/td>\n<\/tr>\n<tr>\n<td width=\"110\">15:45 \u00e0s 17:45<\/td>\n<td width=\"464\">Minicursos<\/td>\n<\/tr>\n<tr>\n<td rowspan=\"2\" width=\"93\">Noturno<\/td>\n<td width=\"110\">19:00 \u00e0s 20:15<\/td>\n<td width=\"464\">Observa\u00e7\u00f5es Astron\u00f4micas com os Telesc\u00f3pios e a olho nu<\/p>\n<p>Profs. Marta Jo\u00e3o, Rodrigo Marinho e Fellipe.<\/td>\n<\/tr>\n<tr>\n<td width=\"110\">20:30 \u00e0s 22:00<\/td>\n<td width=\"464\">Palestra Prof. Dr. \u00a0Alessandro Martins<\/td>\n<\/tr>\n<\/tbody>\n<\/table>\n<p>&nbsp;<\/p>\n<p><strong>15\/10\/2015 (Quinta-Feira)<\/strong><\/p>\n<table width=\"660\">\n<tbody>\n<tr>\n<td width=\"93\"><strong>Turno<\/strong><\/td>\n<td width=\"117\"><strong>Hor\u00e1rio<\/strong><\/td>\n<td width=\"450\"><strong>Atividade<\/strong><\/td>\n<\/tr>\n<tr>\n<td rowspan=\"3\" width=\"93\">Vespertino<\/td>\n<td width=\"117\">13:00 \u00e0s 15:00<\/td>\n<td width=\"450\">Minicursos<\/td>\n<\/tr>\n<tr>\n<td width=\"117\">15:00 \u00e0s 15:45<\/td>\n<td width=\"450\">2\u00aa Sess\u00e3o de P\u00f4steres<\/td>\n<\/tr>\n<tr>\n<td width=\"117\">15:45 \u00e0s 17:45<\/td>\n<td width=\"450\">Minicursos<\/td>\n<\/tr>\n<tr>\n<td rowspan=\"2\" width=\"93\">Noturno<\/td>\n<td width=\"117\">19:00 \u00e0s 20:15<\/td>\n<td width=\"450\">Apresenta\u00e7\u00e3o dos resultados dos trabalhos do PIBID IFG Jata\u00ed 2015<\/td>\n<\/tr>\n<tr>\n<td width=\"117\">20:30 \u00e0s 22:00<\/td>\n<td width=\"450\">Palestra Prof. Dr. Jefferson Adriany Ribeiro da Cunha<\/p>\n<p>Ensino de F\u00edsica em Ci\u00eancia, Tecnologia, Sociedade e Educa\u00e7\u00e3o Ambiental<\/td>\n<\/tr>\n<\/tbody>\n<\/table>\n<p><strong>\u00a0<\/strong><\/p>\n<p><strong>16\/10\/2015 (Sexta-Feira)<\/strong><\/p>\n<table width=\"660\">\n<tbody>\n<tr>\n<td width=\"93\"><strong>Turno<\/strong><\/td>\n<td width=\"117\"><strong>Hor\u00e1rio<\/strong><\/td>\n<td width=\"451\"><strong>Atividade<\/strong><\/td>\n<\/tr>\n<tr>\n<td width=\"93\">Matutino<\/td>\n<td width=\"117\">09:00 \u00e0s 11:00<\/td>\n<td width=\"451\">Apresenta\u00e7\u00f5es Orais<\/td>\n<\/tr>\n<tr>\n<td rowspan=\"3\" width=\"93\">Vespertino<\/td>\n<td width=\"117\">13:00 \u00e0s 15:45<\/td>\n<td width=\"451\">Minicursos<\/td>\n<\/tr>\n<tr>\n<td width=\"117\">15:00 \u00e0s 15:45<\/td>\n<td width=\"451\">Apresenta\u00e7\u00e3o Cultural dos Alunos F\u00edsica IFG Jata\u00ed<\/td>\n<\/tr>\n<tr>\n<td width=\"117\">15:45 \u00e0s 17:45<\/td>\n<td width=\"451\">Minicursos<\/td>\n<\/tr>\n<tr>\n<td rowspan=\"2\" width=\"93\">Noturno<\/td>\n<td width=\"117\">19:00 \u00e0s 21:00<\/td>\n<td width=\"451\">Mesa Redonda &#8211; Est\u00e1gio e Pibid em CTSEA<\/p>\n<p>Poss\u00edveis Participantes<\/p>\n<p>Prof. \u00a0(Coordenador de \u00c1rea F\u00edsica\u00a0 Pibid UFG)Alfredo Gisela<\/p>\n<p>Prof\u00aa Maria Valeska Lopes Viana (Respons\u00e1vel Est\u00e1gio F\u00edsica IFG Jata\u00ed<\/p>\n<p>Prof\u00ba\u00a0 Felippe Guimar\u00e3es Coordenador do PIBID\/ IFG\/ Jata\u00ed<\/td>\n<\/tr>\n<tr>\n<td width=\"117\">21: 00 \u00e0s 22:00<\/td>\n<td width=\"451\">Encerramento Oficial<\/p>\n<p>Happy Hour \u2013 Banda Energia Alternativa<\/td>\n<\/tr>\n<\/tbody>\n<\/table>\n<p>&nbsp;<\/p>\n","protected":false},"excerpt":{"rendered":"<p>CONTENTS <a class=\"more-link\" href=\"https:\/\/eventos.ifg.edu.br\/semlic\/programacao2015\/\">&hellip; Continue lendo&hellip; &rarr;<\/a><\/p>\n","protected":false},"author":111,"featured_media":0,"parent":0,"menu_order":0,"comment_status":"closed","ping_status":"open","template":"","meta":{"ngg_post_thumbnail":0,"footnotes":""},"class_list":["post-76","page","type-page","status-publish","hentry"],"_links":{"self":[{"href":"https:\/\/eventos.ifg.edu.br\/semlic\/wp-json\/wp\/v2\/pages\/76"}],"collection":[{"href":"https:\/\/eventos.ifg.edu.br\/semlic\/wp-json\/wp\/v2\/pages"}],"about":[{"href":"https:\/\/eventos.ifg.edu.br\/semlic\/wp-json\/wp\/v2\/types\/page"}],"author":[{"embeddable":true,"href":"https:\/\/eventos.ifg.edu.br\/semlic\/wp-json\/wp\/v2\/users\/111"}],"replies":[{"embeddable":true,"href":"https:\/\/eventos.ifg.edu.br\/semlic\/wp-json\/wp\/v2\/comments?post=76"}],"version-history":[{"count":0,"href":"https:\/\/eventos.ifg.edu.br\/semlic\/wp-json\/wp\/v2\/pages\/76\/revisions"}],"wp:attachment":[{"href":"https:\/\/eventos.ifg.edu.br\/semlic\/wp-json\/wp\/v2\/media?parent=76"}],"curies":[{"name":"wp","href":"https:\/\/api.w.org\/{rel}","templated":true}]}}