{"id":752,"date":"2016-10-11T02:45:52","date_gmt":"2016-10-11T05:45:52","guid":{"rendered":"http:\/\/www.simposiomestradoifg.net.br\/semlic\/?page_id=752"},"modified":"2016-10-11T02:45:52","modified_gmt":"2016-10-11T05:45:52","slug":"anaisminof2016","status":"publish","type":"page","link":"https:\/\/eventos.ifg.edu.br\/semlic\/anaisminof2016\/","title":{"rendered":"Anais Minicursos e Oficinas 2016"},"content":{"rendered":"<h3 style=\"text-align: center\">Anais Minicursos\/Oficinas 2016<\/h3>\n<h3 style=\"text-align: center\">XIII Semana de Licenciatura<\/h3>\n<h6 style=\"text-align: center\">MINICURSO 1 &#8211; MULHER: DA IDADE M\u00cdDIA \u00c0 IDADE M\u00c9DIA<br \/>\n<span style=\"color: #0000ff\">Flomar Ambrosina Oliveira Chagas<\/span><\/h6>\n<p style=\"text-align: justify\"><strong>Ementa<\/strong><strong>: <\/strong>A proposta neste minicurso envolve conte\u00fado da filosofia, da teologia e da ci\u00eancia que foram dom\u00ednio exclusivo dos homens, a aus\u00eancia feminina na constru\u00e7\u00e3o desses saberes legitima a desigualdade entre mulheres e homens..<\/p>\n<p style=\"text-align: center\"><strong>\u00a0<\/strong><a href=\"https:\/\/drive.google.com\/file\/d\/0B8122K78mrMsWVBLclE2S1hPOFk\/view?usp=sharing\" target=\"_blank\" rel=\"noopener\">Clique aqui e baixe o pdf da proposta completa<\/a><\/p>\n<hr \/>\n<h6 style=\"text-align: center\"><strong>MINICURSO 2 &#8211;\u00a0<\/strong><strong>SEQU\u00caNCIA DID\u00c1TICA:\u00a0DA ESS\u00caNCIA \u00c0S DIFERENTES APLICA\u00c7\u00d5ES PEDAG\u00d3GICAS<br \/>\n<\/strong><span style=\"color: #0000ff\">Rita Rodrigues de Souza<\/span><\/h6>\n<p style=\"text-align: justify\"><strong>Ementa: <\/strong>Sequ\u00eancia Did\u00e1tica. Hist\u00f3rico. Conceitos. Aplica\u00e7\u00f5es em diferentes \u00e1reas de conhecimento. Implica\u00e7\u00f5es para a forma\u00e7\u00e3o docente.<\/p>\n<p style=\"text-align: center\"><a href=\"https:\/\/drive.google.com\/file\/d\/0B8122K78mrMsc2JFMEt1NEZfQ0k\/view?usp=sharing\" target=\"_blank\" rel=\"noopener\">Clique aqui e baixe o pdf da proposta completa<\/a><\/p>\n<hr \/>\n<h5 style=\"text-align: center\">MINICURSO 3 &#8211; GUARDEM OS CELULARES! O LETRAMENTO DIGITAL E A APRENDIZAGEM M\u00d3VEL NO PROCESSO ENSINO E APRENDIZAGEM.<br \/>\n<span style=\"color: #0000ff\">Ant\u00f4nio Alves de Oliveira Neto e Nayara Regina Bispo Assis Freitas<\/span><\/h5>\n<p style=\"text-align: justify\"><strong>Ementa: <\/strong>Discutir o Letramento Digital e sua imers\u00e3o no contexto educacional. Partindo da perspectiva da Aprendizagem M\u00f3vel, discutir como o celular smartphone pode tornar-se aliado do professor no processo de ensino e aprendizagem, desde o uso de ferramentas nativas (c\u00e2mera, GPS, calculadora e outros) a aplicativos para a educa\u00e7\u00e3o ou de redes sociais virtuais..<\/p>\n<p style=\"text-align: center\"><a href=\"https:\/\/drive.google.com\/file\/d\/0B8122K78mrMsQXB5NldDY21ZN0U\/view?usp=sharing\" target=\"_blank\" rel=\"noopener\">Clique aqui e baixe o pdf da proposta completa<\/a><\/p>\n<hr \/>\n<h5 style=\"text-align: center\">MINICURSO 4 &#8211; O SOFTWARE GEOGEBRA COMO FERRAMENTA DID\u00c1TICA PARA O ENSINO DA MATEM\u00c1TICA COM FOCO NA DINAMIZA\u00c7\u00c3O ENTRE TEORIA E PR\u00c1TICA<br \/>\n<span style=\"color: #0000ff\">Elias Rafael de Sousa, Duelci Aparecido de Vaz Freitas e Ana Karine Moreira da Silva<\/span><\/h5>\n<p style=\"text-align: justify\"><strong>Ementa:\u00a0<\/strong>Introdu\u00e7\u00e3o ao Software Geogebra;\u00a0Teorema de Pit\u00e1goras;\u00a0Dist\u00e2ncia entre dois pontos;\u00a0C\u00e1lculo do coeficiente angular de uma reta.<\/p>\n<p style=\"text-align: center\"><a href=\"https:\/\/drive.google.com\/file\/d\/0B8122K78mrMsWnlHNlJ0Nk1OSm8\/view?usp=sharing\" target=\"_blank\" rel=\"noopener\">Clique aqui e baixe o pdf da proposta completa<\/a><\/p>\n<hr \/>\n<h5 style=\"text-align: center\">MINICURSO 5 &#8211; G\u00caNEROS ORAIS, ESCOLARIZA\u00c7\u00c3O E LETRAMENTO:<br \/>\nO ORAL TAMB\u00c9M SE ENSINA.<br \/>\n<span style=\"color: #0000ff\">Elta Moreira da Silva<\/span><\/h5>\n<p style=\"text-align: justify\"><strong>Ementa:\u00a0<\/strong>G\u00eaneros orais x oralidade \u2013 Distin\u00e7\u00f5es;\u00a0Escolariza\u00e7\u00e3o dos g\u00eaneros orais em cole\u00e7\u00f5es do Ensino Fundamental e Ensino M\u00e9dio (com predomin\u00e2ncia deste); e outras \u00e1reas do conhecimento.;\u00a0Atividades propostas pela escolariza\u00e7\u00e3o e que tipo de letramentos s\u00e3o desenvolvidos por elas;\u00a0As atividades propostas necessitam de modaliza\u00e7\u00e3o? Como faz\u00ea-lo?;\u00a0Produ\u00e7\u00e3o de uma sequ\u00eancia did\u00e1tica para o ensino do \u201cDebate Regrado\u201d.<\/p>\n<p style=\"text-align: center\"><a href=\"https:\/\/drive.google.com\/file\/d\/0B8122K78mrMsR1EwSjJxOUtub1U\/view?usp=sharing\" target=\"_blank\" rel=\"noopener\">Clique aqui e baixe o pdf da proposta completa<\/a><\/p>\n<hr \/>\n<h5 style=\"text-align: center\">OFICINA 7 &#8211; O USO DO SOFTWARE CHEMWIN COMO ALTERNATIVA PEDAG\u00d3GICA PARA O ENSINO DE QU\u00cdMICA ORG\u00c2NICA<br \/>\n<span style=\"color: #0000ff\">Carlos C\u00e9zar da Silva, Ana Paula Mateus Braga, Ang\u00e9lica Ramos da Luz e S\u00e9rgio Henrique de Almeida<\/span><\/h5>\n<p style=\"text-align: justify\"><strong>Ementa: <\/strong>F\u00f3rmulas estruturais de mol\u00e9culas org\u00e2nicas do cotidiano;\u00a0Isomeria;\u00a0Rea\u00e7\u00f5es org\u00e2nicas do cotidiano.<\/p>\n<p style=\"text-align: center\"><a href=\"https:\/\/drive.google.com\/file\/d\/0B8122K78mrMsUnhRbkZ5dzdjZDg\/view?usp=sharing\" target=\"_blank\" rel=\"noopener\">Clique aqui e baixe o pdf da proposta completa<\/a><\/p>\n<hr \/>\n<h5 style=\"text-align: center\">MINICURSO 8 &#8211; TECNOLOGIAS DIGITAIS PARA SALA DE AULA: PREZI, WIX, GOOGLE DRIVE, GOOGLE EARTH PRO E SOFTWARE HAG\u00c1QU\u00ca<br \/>\n<span style=\"color: #0000ff\">Zaqueu Henrique de Souza, Stelamara Souza Pereira e Kliver Moreira Barros<\/span><\/h5>\n<p style=\"text-align: justify\"><strong>Ementa: <\/strong>As possibilidades de aplica\u00e7\u00e3o das tecnologias digitais nos processos educacionais das seguintes ferramentas: Prezi (apresenta\u00e7\u00e3o de slides); Wix (cria\u00e7\u00e3o de sites); Google Drive (arquivos para compartilhamento e edi\u00e7\u00e3o em tempo real); Google Earth Pro (mapas); e Software Hag\u00e1qu\u00ea (hist\u00f3rias em quadrinhos). Abordando-as como suporte para diversas metodologias aplicadas no desenvolvimento das aulas com enfoque na rela\u00e7\u00e3o aluno\/conte\u00fado e professor\/conte\u00fado, sendo a tecnologia mediadora destas rela\u00e7\u00f5es possibilitando aos alunos e professores a contextualiza\u00e7\u00e3o dos conte\u00fados.<\/p>\n<p style=\"text-align: center\"><a href=\"https:\/\/drive.google.com\/file\/d\/0B8122K78mrMsZWs5VzhHQzV4QWs\/view?usp=sharing\" target=\"_blank\" rel=\"noopener\">Clique aqui e baixe o pdf da proposta completa<\/a><\/p>\n<hr \/>\n<h5 style=\"text-align: center\">MINICURSO 9 &#8211; ENSINO-APRENDIZAGEM DE CI\u00caNCIAS PARA ALUNOS COM DEFICI\u00caNCIA INTELECTUAL LEVE: LEGISLA\u00c7\u00c3O E SUGEST\u00d5ES METODOL\u00d3GICAS<br \/>\n<span style=\"color: #0000ff\">Jana\u00edna Aparecida Silva Bassani, Adilaine M\u00e1rcia da Mota Parisotto, Daniella de Souza Bezerra, Jane Teixeira do Vale Macedo e Layanne Barbosa Pazinatto<\/span><\/h5>\n<p style=\"text-align: justify\"><strong>Ementa: <\/strong>Este minicurso almeja discutir brevemente a problem\u00e1tica do ensino-aprendizagem de alunos com Defici\u00eancia Intelectual (D.I.) leve, especialmente no que se refere \u00e0 flexibiliza\u00e7\u00e3o curricular no ensino de Ci\u00eancias, al\u00e9m de oferecer algumas sugest\u00f5es metodol\u00f3gicas para auxiliar no trabalho do professor em sala de aula. Para isso, ser\u00e1 apresentada e brevemente debatida a Lei n\u00ba 13.146\/2015; em seguida ser\u00e3o relatadas algumas experi\u00eancias exitosas bem como algumas sugest\u00f5es metodol\u00f3gicas. Este minicurso tem como p\u00fablico alvo professores da educa\u00e7\u00e3o b\u00e1sica, graduandos e p\u00f3s-graduandos, especialmente \u00e0queles que atuam ou atuar\u00e3o como professores de alunos com D.I. j\u00e1 que a legisla\u00e7\u00e3o em vigor garante a inclus\u00e3o deles no ensino b\u00e1sico. \u00a0Compreendo que a forma\u00e7\u00e3o continuada possibilita melhores horizontes de efetiva\u00e7\u00e3o da educa\u00e7\u00e3o inclusiva, ser\u00e3o objeto de discuss\u00e3o no minicurso, as especificidades do aluno com D.I. no que tange \u00e0 flexibiliza\u00e7\u00e3o e ao ensino-aprendizagem de ci\u00eancias.<\/p>\n<p style=\"text-align: center\"><a href=\"https:\/\/drive.google.com\/file\/d\/0B8122K78mrMscHN1RW5EUnh0RGM\/view?usp=sharing\" target=\"_blank\" rel=\"noopener\">Clique aqui e baixe o pdf da proposta completa<\/a><\/p>\n<hr \/>\n<h5 style=\"text-align: center\">OFICINA 10 &#8211; POTENCIALIDADES DO SOFTWARE GEOGEBRA PARA O ENSINO DE FUN\u00c7\u00d5ES E GEOMETRIA<br \/>\n<span style=\"color: #0000ff\">Kliver Moreira Barros<\/span><\/h5>\n<p style=\"text-align: justify\"><strong>Ementa: <\/strong>Fun\u00e7\u00f5es e Geometria por meio do software matem\u00e1tico Geogebra.<\/p>\n<p style=\"text-align: center\"><a href=\"https:\/\/drive.google.com\/file\/d\/0B8122K78mrMsRWhpdEpTUllJb28\/view?usp=sharing\" target=\"_blank\" rel=\"noopener\">Clique aqui e baixe o pdf da proposta completa<\/a><\/p>\n<hr \/>\n<h5 style=\"text-align: center\">MINICURSO 11 &#8211; EXPERIMENTA\u00c7\u00c3O EM MATEM\u00c1TICA: POSSIBILIDADES E DESAFIOS NO DESENVOLVIMENTO DA TABUADA GEOM\u00c9TRICA.<br \/>\n<span style=\"color: #0000ff\">Dilene Gomes de Miranda, Rosimeyre Gomes da Silva Merib<\/span><\/h5>\n<p style=\"text-align: justify\"><strong>Ementa: <\/strong>Aritm\u00e9tica: multiplica\u00e7\u00e3o e suas propriedades; n\u00fameros primos;\u00a0\u00c1lgebra: produtos not\u00e1veis;\u00a0Geometria: figuras geom\u00e9tricas e \u00e1reas de quadril\u00e1teros.<\/p>\n<p style=\"text-align: center\"><a href=\"https:\/\/drive.google.com\/file\/d\/0B8122K78mrMsUWNNTU40ZFo5Unc\/view?usp=sharing\" target=\"_blank\" rel=\"noopener\">Clique aqui e baixe o pdf da proposta completa<\/a><\/p>\n<hr \/>\n<h5 style=\"text-align: center\">MINICURSO 12 &#8211; A TEORIA DA ATIVIDADE COMO REFERENCIAL PARA A PESQUISA EDUCACIONAL: FUNDAMENTOS, DESDOBRAMENTOS E UM EXEMPLO DE INTERVEN\u00c7\u00c3O FORMATIVA NA \u00c1REA DE FORMA\u00c7\u00c3O DE PROFESSORES<br \/>\n<span style=\"color: #0000ff\">Rodrigo Claudino Diogo<\/span><\/h5>\n<p style=\"text-align: justify\"><strong>Ementa: <\/strong>Fundamentos da teoria da atividade de Leontiev. A estrutura da atividade. Motivos, significados, significa\u00e7\u00f5es e objeto. Eng\u00ebstrom e uma nova vis\u00e3o sobre a teoria da atividade. A contradi\u00e7\u00e3o como princ\u00edpio da transforma\u00e7\u00e3o do sistema de atividade. A interven\u00e7\u00e3o formativa como unidade entre pesquisa e forma\u00e7\u00e3o. A teoria da aprendizagem expansiva. Um caso de uso da teoria da atividade na pesquisa sobre forma\u00e7\u00e3o de professores.<\/p>\n<p style=\"text-align: center\"><a href=\"https:\/\/drive.google.com\/file\/d\/0B8122K78mrMsVlNYSE56T2gtdUE\/view?usp=sharing\" target=\"_blank\" rel=\"noopener\">Clique aqui e baixe o pdf da proposta completa<\/a><\/p>\n<hr \/>\n<h5 style=\"text-align: center\">MINICURSO 14 &#8211; INCLUS\u00c3O DIGITAL NO ESTUDO DAS SEC\u00c7\u00d5ES C\u00d4NICAS COM A UTILIZA\u00c7\u00c3O DO SOFTWARE GEOGEBRA<br \/>\n<span style=\"color: #0000ff\">Kelen Helena de Oliveira, Duelci Aparecido de Freitas Vaz<\/span><\/h5>\n<p style=\"text-align: justify\"><strong>Ementa: <\/strong>Pesquisas confirmam que atualmente as tecnologias da informa\u00e7\u00e3o e comunica\u00e7\u00e3o est\u00e3o presentes praticamente em todos os setores do contexto social. Portanto faz-se necess\u00e1rio que a inclus\u00e3o digital no ambiente escolar aconte\u00e7a de forma a contribuir com a inser\u00e7\u00e3o dos alunos no \u00e2mbito da realidade da sociedade contempor\u00e2nea. Desse modo torna-se imprescind\u00edvel a capacita\u00e7\u00e3o de professores para utiliza\u00e7\u00e3o apropriada de recursos tecnol\u00f3gicos. Neste sentido, este minicurso objetiva promover um di\u00e1logo sobre a import\u00e2ncia da inclus\u00e3o digital nas escolas e no ensino de conte\u00fados matem\u00e1ticos, contribuir com a capacita\u00e7\u00e3o dos participantes na constru\u00e7\u00e3o das sec\u00e7\u00f5es c\u00f4nicas: Par\u00e1bola, Elipse e Hip\u00e9rbole com a utiliza\u00e7\u00e3o do software Geogebra e investigar as propriedades b\u00e1sicas dessas sec\u00e7\u00f5es..<\/p>\n<p style=\"text-align: center\"><a href=\"https:\/\/drive.google.com\/file\/d\/0B8122K78mrMsS1JVZzRqZUNacjg\/view?usp=sharing\" target=\"_blank\" rel=\"noopener\">Clique aqui e baixe o pdf da proposta completa<\/a><\/p>\n","protected":false},"excerpt":{"rendered":"<p>Anais Minicursos\/Oficinas 2016 XIII Semana de Licenciatura MINICURSO 1 &#8211; MULHER: DA IDADE M\u00cdDIA \u00c0 IDADE M\u00c9DIA Flomar Ambrosina Oliveira Chagas Ementa: A proposta neste minicurso envolve conte\u00fado da filosofia, da teologia e da ci\u00eancia que foram dom\u00ednio exclusivo dos homens, a aus\u00eancia feminina na constru\u00e7\u00e3o desses saberes legitima a desigualdade entre mulheres e homens.. <a class=\"more-link\" href=\"https:\/\/eventos.ifg.edu.br\/semlic\/anaisminof2016\/\">&hellip; Continue lendo&hellip; &rarr;<\/a><\/p>\n","protected":false},"author":111,"featured_media":0,"parent":0,"menu_order":0,"comment_status":"closed","ping_status":"closed","template":"","meta":{"ngg_post_thumbnail":0,"footnotes":""},"class_list":["post-752","page","type-page","status-publish","hentry"],"_links":{"self":[{"href":"https:\/\/eventos.ifg.edu.br\/semlic\/wp-json\/wp\/v2\/pages\/752"}],"collection":[{"href":"https:\/\/eventos.ifg.edu.br\/semlic\/wp-json\/wp\/v2\/pages"}],"about":[{"href":"https:\/\/eventos.ifg.edu.br\/semlic\/wp-json\/wp\/v2\/types\/page"}],"author":[{"embeddable":true,"href":"https:\/\/eventos.ifg.edu.br\/semlic\/wp-json\/wp\/v2\/users\/111"}],"replies":[{"embeddable":true,"href":"https:\/\/eventos.ifg.edu.br\/semlic\/wp-json\/wp\/v2\/comments?post=752"}],"version-history":[{"count":0,"href":"https:\/\/eventos.ifg.edu.br\/semlic\/wp-json\/wp\/v2\/pages\/752\/revisions"}],"wp:attachment":[{"href":"https:\/\/eventos.ifg.edu.br\/semlic\/wp-json\/wp\/v2\/media?parent=752"}],"curies":[{"name":"wp","href":"https:\/\/api.w.org\/{rel}","templated":true}]}}