{"id":410,"date":"2016-06-08T16:17:14","date_gmt":"2016-06-08T19:17:14","guid":{"rendered":"http:\/\/www.simposiomestradoifg.net.br\/semlic\/?page_id=410"},"modified":"2016-06-08T16:17:14","modified_gmt":"2016-06-08T19:17:14","slug":"downloads2017","status":"publish","type":"page","link":"https:\/\/eventos.ifg.edu.br\/semlic\/downloads2017\/","title":{"rendered":"Downloads 2017"},"content":{"rendered":"<p>Em Breve<\/p>\n<p>&lt;!&#8211;<\/p>\n<p>Clique no link\u00a0para baixar os\u00a0<strong>Hor\u00e1rios das Comunica\u00e7\u00f5es Orais<\/strong><br \/>\n[wpdm_package id=&#8217;936&#8242;]<\/p>\n<hr \/>\n<p>Clique no link\u00a0para baixar a\u00a0Salas dos\u00a0<strong>\u00a0Minicursos e Oficinas<\/strong><br \/>\n[wpdm_package id=&#8217;942&#8242;]<\/p>\n<hr \/>\n<p>Clique no link\u00a0para baixar a\u00a0<strong>Lista de Inscritos dos Minicursos de\u00a0Quinta e Sexta\u00a0Feira (28 e 29)<\/strong><br \/>\n[wpdm_package id=&#8217;940&#8242;]<\/p>\n<hr \/>\n<p>Clique no link\u00a0para baixar a <strong>Lista de Inscritos dos Minicursos de Quarta Feira (27)<\/strong><br \/>\n[wpdm_package id=&#8217;934&#8242;]<\/p>\n<hr \/>\n<p>Clique no link\u00a0para baixar a\u00a0<strong>Lista de Inscritos dos Minicursos de Ter\u00e7a Feira (26)<\/strong><br \/>\n[wpdm_package id=&#8217;932&#8242;]<\/p>\n<hr \/>\n<p>Clique no link abaixo para baixar o <strong>Folder do Evento<\/strong><br \/>\n[wpdm_package id=&#8217;891&#8242;]<\/p>\n<hr \/>\n<p>Clique no link\u00a0para baixar\u00a0as\u00a0<strong>Normas de Reda\u00e7\u00e3o e Submiss\u00e3o 2017<\/strong><br \/>\n[wpdm_package id=&#8217;824&#8242;]<\/p>\n<hr \/>\n<p>Clique no link abaixo para baixar o\u00a0do modelo de proposta de\u00a0<strong>Artigo Completo 2017<\/strong><br \/>\n[wpdm_package id=&#8217;827&#8242;]<\/p>\n<hr \/>\n<p>Clique no link abaixo para baixar do modelo de proposta de<strong>\u00a0Resumo Expandido\u00a02017<\/strong><br \/>\n[wpdm_package id=&#8217;828&#8242;]<\/p>\n<hr \/>\n<p>Clique no link abaixo para baixar o <strong>modelo do\u00a0P\u00f4ster 2017<\/strong><br \/>\n[wpdm_package id=&#8217;830&#8242;]<\/p>\n<hr \/>\n<p>Clique no Link abaixo para fazer o download do modelo de proposta de\u00a0<strong>Minicursos e Oficinas<\/strong><br \/>\n[wpdm_package id=&#8217;829&#8242;]<\/p>\n<hr \/>\n<p>Clique no Link abaixo para fazer o download do <strong>Cartaz do Evento<\/strong><br \/>\n[wpdm_package id=&#8217;831&#8242;]<\/p>\n<hr \/>\n<p>&#8211;&gt;<\/p>\n","protected":false},"excerpt":{"rendered":"<p>Em Breve &lt;!&#8211; Clique no link\u00a0para baixar os\u00a0Hor\u00e1rios das Comunica\u00e7\u00f5es Orais [wpdm_package id=&#8217;936&#8242;] Clique no link\u00a0para baixar a\u00a0Salas dos\u00a0\u00a0Minicursos e Oficinas [wpdm_package id=&#8217;942&#8242;] Clique no link\u00a0para baixar a\u00a0Lista de Inscritos dos Minicursos de\u00a0Quinta e Sexta\u00a0Feira (28 e 29) [wpdm_package id=&#8217;940&#8242;] Clique no link\u00a0para baixar a Lista de Inscritos dos Minicursos de Quarta Feira (27) [wpdm_package <a class=\"more-link\" href=\"https:\/\/eventos.ifg.edu.br\/semlic\/downloads2017\/\">&hellip; Continue lendo&hellip; &rarr;<\/a><\/p>\n","protected":false},"author":111,"featured_media":0,"parent":0,"menu_order":0,"comment_status":"closed","ping_status":"closed","template":"","meta":{"ngg_post_thumbnail":0,"footnotes":""},"class_list":["post-410","page","type-page","status-publish","hentry"],"_links":{"self":[{"href":"https:\/\/eventos.ifg.edu.br\/semlic\/wp-json\/wp\/v2\/pages\/410"}],"collection":[{"href":"https:\/\/eventos.ifg.edu.br\/semlic\/wp-json\/wp\/v2\/pages"}],"about":[{"href":"https:\/\/eventos.ifg.edu.br\/semlic\/wp-json\/wp\/v2\/types\/page"}],"author":[{"embeddable":true,"href":"https:\/\/eventos.ifg.edu.br\/semlic\/wp-json\/wp\/v2\/users\/111"}],"replies":[{"embeddable":true,"href":"https:\/\/eventos.ifg.edu.br\/semlic\/wp-json\/wp\/v2\/comments?post=410"}],"version-history":[{"count":0,"href":"https:\/\/eventos.ifg.edu.br\/semlic\/wp-json\/wp\/v2\/pages\/410\/revisions"}],"wp:attachment":[{"href":"https:\/\/eventos.ifg.edu.br\/semlic\/wp-json\/wp\/v2\/media?parent=410"}],"curies":[{"name":"wp","href":"https:\/\/api.w.org\/{rel}","templated":true}]}}