{"id":376,"date":"2015-10-13T18:36:36","date_gmt":"2015-10-13T21:36:36","guid":{"rendered":"http:\/\/www.simposiomestradoifg.net.br\/semlic\/?page_id=376"},"modified":"2015-10-13T18:36:36","modified_gmt":"2015-10-13T21:36:36","slug":"inscritos-minicursos2016","status":"publish","type":"page","link":"https:\/\/eventos.ifg.edu.br\/semlic\/inscritos-minicursos2016\/","title":{"rendered":"Inscritos Minicursos e Oficinas 2016"},"content":{"rendered":"<h3 style=\"text-align: center\">Lista de Inscritos nos Minicursos \/Oficinas 2016<\/h3>\n<p style=\"text-align: center\"><span style=\"color: #0000ff\"><strong>Atualizada em 05\/10 &#8211; 07:30<\/strong><\/span><\/p>\n<h5 style=\"text-align: center\"><span style=\"color: #ff0000\">MINICURSO 1 &#8211; Ter\u00e7a (04\/10) &#8211; 13h30min \u00e0s 17h30min<\/span><br \/>\n<span style=\"color: #0000ff\">MULHER: DA IDADE M\u00cdDIA \u00c0 IDADE M\u00c9DIA<\/span><br \/>\nFlomar Ambrosina Oliveira Chagas<\/h5>\n<p style=\"text-align: center\">&gt;<\/p>\n<h5 style=\"text-align: center\"><span style=\"color: #ff0000\">MINICURSO 2 &#8211; Ter\u00e7a (04\/10) &#8211; 13h30min \u00e0s 17h30min<\/span><br \/>\n<span style=\"color: #0000ff\">SEQU\u00caNCIA DID\u00c1TICA: DA ESS\u00caNCIA \u00c0S DIFERENTES APLICA\u00c7\u00d5ES PEDAG\u00d3GICAS<\/span><br \/>\nRita Rodrigues de Souza<\/h5>\n<p style=\"text-align: center\">&gt;<\/p>\n<h5 style=\"text-align: center\"><span style=\"color: #ff0000\">MINICURSO 3 &#8211; Quarta (05\/10) &#8211; 13h30min \u00e0s 17h30min<\/span><br \/>\n<span style=\"color: #0000ff\">GUARDEM OS CELULARES! O LETRAMENTO DIGITAL E A APRENDIZAGEM M\u00d3VEL NO PROCESSO ENSINO E APRENDIZAGEM. <\/span><br \/>\nAnt\u00f4nio Alves de Oliveira Neto e Nayara Regina Bispo Assis Freitas<\/h5>\n<p style=\"text-align: center\">&gt;<\/p>\n<h5 style=\"text-align: center\"><span style=\"color: #ff0000\">MINICURSO 4 &#8211; Quarta (05\/10) &#8211; 13h30min \u00e0s 17h30min <\/span><br \/>\n<span style=\"color: #0000ff\">O SOFTWARE GEOGEBRA COMO FERRAMENTA DID\u00c1TICA PARA O ENSINO DA MATEM\u00c1TICA COM FOCO NA DINAMIZA\u00c7\u00c3O ENTRE TEORIA E PR\u00c1TICA<\/span><br \/>\nElias Rafael de Sousa, Duelci Aparecido de Vaz Freitas e Ana Karine Moreira da Silva<\/h5>\n<p style=\"text-align: center\">&gt;<\/p>\n<h5 style=\"text-align: center\"><span style=\"color: #ff0000\">MINICURSO 5 &#8211; Quarta (05\/10) &#8211; 19h \u00e0s 23h<\/span><br \/>\n<span style=\"color: #0000ff\">G\u00caNEROS ORAIS, ESCOLARIZA\u00c7\u00c3O E LETRAMENTO:<\/span><br \/>\n<span style=\"color: #0000ff\">O ORAL TAMB\u00c9M SE ENSINA.<\/span><br \/>\nElta Moreira da Silva<\/h5>\n<p style=\"text-align: center\">&gt;<\/p>\n<h5 style=\"text-align: center\"><span style=\"color: #ff0000\">OFICINA 7 &#8211; Quarta (05\/10) &#8211; 19h \u00e0s 23h<\/span><br \/>\n<span style=\"color: #0000ff\">O USO DO SOFTWARE CHEMWIN COMO ALTERNATIVA PEDAG\u00d3GICA PARA O ENSINO DE QU\u00cdMICA ORG\u00c2NICA<\/span><br \/>\nCarlos C\u00e9zar da Silva, Ana Paula Mateus Braga, Ang\u00e9lica Ramos da Luz e S\u00e9rgio Henrique de Almeida<\/h5>\n<p style=\"text-align: center\">&gt;<\/p>\n<h5 style=\"text-align: center\"><span style=\"color: #ff0000\">MINICURSO 8 &#8211; Quinta (06\/10) &#8211; 13h30min \u00e0s 17h30min<\/span><br \/>\n<span style=\"color: #0000ff\">TECNOLOGIAS DIGITAIS PARA SALA DE AULA: PREZI, WIX, GOOGLE DRIVE, GOOGLE EARTH PRO E SOFTWARE HAG\u00c1QU\u00ca<\/span><br \/>\nZaqueu Henrique de Souza, Stelamara Souza Pereira e Kliver Moreira Barros<\/h5>\n<p style=\"text-align: center\">&gt;<\/p>\n<h5 style=\"text-align: center\"><span style=\"color: #ff0000\">MINICURSO 9 &#8211; Quinta (06\/10) &#8211; 13h30min \u00e0s 17h30min<\/span><br \/>\n<span style=\"color: #0000ff\">ENSINO-APRENDIZAGEM DE CI\u00caNCIAS PARA ALUNOS COM DEFICI\u00caNCIA INTELECTUAL LEVE: LEGISLA\u00c7\u00c3O E SUGEST\u00d5ES METODOL\u00d3GICAS<\/span><br \/>\nJana\u00edna Aparecida Silva Bassani, Adilaine M\u00e1rcia da Mota Parisotto, Daniella de Souza Bezerra, Jane Teixeira do Vale Macedo e Layanne Barbosa Pazinatto<\/h5>\n<p style=\"text-align: center\">&gt;<\/p>\n<h5 style=\"text-align: center\"><span style=\"color: #ff0000\">OFICINA 10 &#8211; Sexta (07\/10) &#8211; 8h \u00e0s 12h<\/span><br \/>\n<span style=\"color: #0000ff\">POTENCIALIDADES DO SOFTWARE GEOGEBRA PARA O ENSINO DE FUN\u00c7\u00d5ES E GEOMETRIA<\/span><br \/>\nKliver Moreira Barros<\/h5>\n<p style=\"text-align: center\">&gt;<\/p>\n<h5 style=\"text-align: center\"><span style=\"color: #ff0000\">MINICURSO 11 &#8211; Sexta (07\/10) &#8211; 8h \u00e0s 12h<\/span><br \/>\n<span style=\"color: #0000ff\">EXPERIMENTA\u00c7\u00c3O EM MATEM\u00c1TICA: POSSIBILIDADES E DESAFIOS NO DESENVOLVIMENTO DA TABUADA GEOM\u00c9TRICA.<\/span><br \/>\nDilene Gomes de Miranda, Rosimeyre Gomes da Silva Merib<\/h5>\n<p style=\"text-align: center\">&gt;<\/p>\n<h5 style=\"text-align: center\"><span style=\"color: #ff0000\">MINICURSO 12 &#8211; Sexta (07\/10) &#8211; 8h \u00e0s 12h<\/span><br \/>\n<span style=\"color: #0000ff\">A TEORIA DA ATIVIDADE COMO REFERENCIAL PARA A PESQUISA EDUCACIONAL: FUNDAMENTOS, DESDOBRAMENTOS E UM EXEMPLO DE INTERVEN\u00c7\u00c3O FORMATIVA NA \u00c1REA DE FORMA\u00c7\u00c3O DE PROFESSORES<\/span><br \/>\nRodrigo Claudino Diogo<\/h5>\n<p style=\"text-align: center\">&gt;<\/p>\n<h5 style=\"text-align: center\"><span style=\"color: #ff0000\">MINICURSO 14 &#8211; Sexta (07\/10) &#8211; 13h30min \u00e0s 17h30min<\/span><br \/>\n<span style=\"color: #0000ff\">INCLUS\u00c3O DIGITAL NO ESTUDO DAS SEC\u00c7\u00d5ES C\u00d4NICAS COM A UTILIZA\u00c7\u00c3O DO SOFTWARE GEOGEBRA<\/span><br \/>\nKelen Helena de Oliveira, Duelci Aparecido de Freitas Vaz<\/h5>\n<h5 style=\"text-align: center\">\u00a0&gt;<\/h5>\n","protected":false},"excerpt":{"rendered":"<p>Lista de Inscritos nos Minicursos \/Oficinas 2016 Atualizada em 05\/10 &#8211; 07:30 MINICURSO 1 &#8211; Ter\u00e7a (04\/10) &#8211; 13h30min \u00e0s 17h30min MULHER: DA IDADE M\u00cdDIA \u00c0 IDADE M\u00c9DIA Flomar Ambrosina Oliveira Chagas &gt; MINICURSO 2 &#8211; Ter\u00e7a (04\/10) &#8211; 13h30min \u00e0s 17h30min SEQU\u00caNCIA DID\u00c1TICA: DA ESS\u00caNCIA \u00c0S DIFERENTES APLICA\u00c7\u00d5ES PEDAG\u00d3GICAS Rita Rodrigues de Souza &gt; <a class=\"more-link\" href=\"https:\/\/eventos.ifg.edu.br\/semlic\/inscritos-minicursos2016\/\">&hellip; Continue lendo&hellip; &rarr;<\/a><\/p>\n","protected":false},"author":111,"featured_media":0,"parent":0,"menu_order":0,"comment_status":"closed","ping_status":"closed","template":"","meta":{"ngg_post_thumbnail":0,"footnotes":""},"class_list":["post-376","page","type-page","status-publish","hentry"],"_links":{"self":[{"href":"https:\/\/eventos.ifg.edu.br\/semlic\/wp-json\/wp\/v2\/pages\/376"}],"collection":[{"href":"https:\/\/eventos.ifg.edu.br\/semlic\/wp-json\/wp\/v2\/pages"}],"about":[{"href":"https:\/\/eventos.ifg.edu.br\/semlic\/wp-json\/wp\/v2\/types\/page"}],"author":[{"embeddable":true,"href":"https:\/\/eventos.ifg.edu.br\/semlic\/wp-json\/wp\/v2\/users\/111"}],"replies":[{"embeddable":true,"href":"https:\/\/eventos.ifg.edu.br\/semlic\/wp-json\/wp\/v2\/comments?post=376"}],"version-history":[{"count":0,"href":"https:\/\/eventos.ifg.edu.br\/semlic\/wp-json\/wp\/v2\/pages\/376\/revisions"}],"wp:attachment":[{"href":"https:\/\/eventos.ifg.edu.br\/semlic\/wp-json\/wp\/v2\/media?parent=376"}],"curies":[{"name":"wp","href":"https:\/\/api.w.org\/{rel}","templated":true}]}}